{"id":22490,"date":"2024-08-17T13:24:15","date_gmt":"2024-08-17T16:24:15","guid":{"rendered":"https:\/\/eadmais.online\/?page_id=22490"},"modified":"2024-08-17T13:24:15","modified_gmt":"2024-08-17T16:24:15","slug":"eadmais-university","status":"publish","type":"page","link":"https:\/\/eadmais.online\/en\/eadmais-university\/","title":{"rendered":"Eadmais University"},"content":{"rendered":"<p><img loading=\"lazy\" width=\"1100\" height=\"825\" src=\"https:\/\/eadmais.online\/wp-content\/uploads\/2024\/07\/IMG_0148-1100x825.jpeg\" alt=\"\" decoding=\"async\" srcset=\"https:\/\/eadmais.online\/wp-content\/uploads\/2024\/07\/IMG_0148-1100x825.jpeg 1100w, https:\/\/eadmais.online\/wp-content\/uploads\/2024\/07\/IMG_0148-300x225.jpeg 300w, https:\/\/eadmais.online\/wp-content\/uploads\/2024\/07\/IMG_0148-1024x768.jpeg 1024w, https:\/\/eadmais.online\/wp-content\/uploads\/2024\/07\/IMG_0148-768x576.jpeg 768w, https:\/\/eadmais.online\/wp-content\/uploads\/2024\/07\/IMG_0148-1536x1152.jpeg 1536w, https:\/\/eadmais.online\/wp-content\/uploads\/2024\/07\/IMG_0148-2048x1536.jpeg 2048w, https:\/\/eadmais.online\/wp-content\/uploads\/2024\/07\/IMG_0148-16x12.jpeg 16w, https:\/\/eadmais.online\/wp-content\/uploads\/2024\/07\/IMG_0148-1600x1200.jpeg 1600w, https:\/\/eadmais.online\/wp-content\/uploads\/2024\/07\/IMG_0148-680x510.jpeg 680w, https:\/\/eadmais.online\/wp-content\/uploads\/2024\/07\/IMG_0148-200x150.jpeg 200w, https:\/\/eadmais.online\/wp-content\/uploads\/2024\/07\/IMG_0148-20x15.jpeg 20w\" sizes=\"auto, (max-width: 1100px) 100vw, 1100px\" \/><br \/>\n\t\t\t\t\t\t\t\t\t\t\t\t\t\t\t\t\t\t\t\t\t\t\t\t\t\t\t<a aria-label=\"Facebook Ads: How to Create an Ad Step by Step\" href=\"https:\/\/eadmais.online\/en\/eadmais-university\/facebook-ads-como-criar-um-anuncio-passo-a-passo\/\"><\/a><br \/>\n\t\t\t\t\t\t\t\t<a href=\"https:\/\/eadmais.online\/en\/category\/eadmais-university\/\">EADMAIS University<\/a>\t\t\t\t\t\t\t\t<\/p>\n<h3><a href=\"https:\/\/eadmais.online\/en\/eadmais-university\/facebook-ads-como-criar-um-anuncio-passo-a-passo\/\">Facebook Ads: How to Create an Ad Step by Step<\/a><\/h3>\n<p>Facebook Ads is a powerful tool for businesses and freelancers who want to increase their visibility, reach new customers and boost their\u2026 <\/p>\n<p>\t\t\t\t\t\t\t\t3 Minutes Read<br \/>\n                    <a href=\"http:\/\/www.facebook.com\/sharer.php?u=https%3A%2F%2Feadmais.online%2Feadmais-university%2Ffacebook-ads-como-criar-um-anuncio-passo-a-passo%2F\" rel=\"nofollow\"><\/a><br \/>\n                    <a href=\"https:\/\/twitter.com\/intent\/tweet?text=Facebook%20Ads%3A%20Como%20Criar%20um%20An%C3%BAncio%20Passo%20a%20Passo&#038;url=https%3A%2F%2Feadmais.online%2Feadmais-university%2Ffacebook-ads-como-criar-um-anuncio-passo-a-passo%2F\" rel=\"nofollow\"><\/a><br \/>\n                    <a href=\"http:\/\/pinterest.com\/pin\/create\/bookmarklet\/?url=https%3A%2F%2Feadmais.online%2Feadmais-university%2Ffacebook-ads-como-criar-um-anuncio-passo-a-passo%2F&#038;media=https:\/\/eadmais.online\/wp-content\/uploads\/2024\/07\/IMG_0148-1600x1200.jpeg\" rel=\"nofollow\"><\/a><br \/>\n                    <a href=\"http:\/\/www.linkedin.com\/shareArticle?url=https%3A%2F%2Feadmais.online%2Feadmais-university%2Ffacebook-ads-como-criar-um-anuncio-passo-a-passo%2F\" rel=\"nofollow\"><\/a><br \/>\n                    <a href=\"https:\/\/api.whatsapp.com\/send?text=https%3A%2F%2Feadmais.online%2Feadmais-university%2Ffacebook-ads-como-criar-um-anuncio-passo-a-passo%2F\" data-action=\"share\/whatsapp\/share\" rel=\"nofollow\"><\/a><br \/>\n    \t\t\t\t\t\t\t\t            <a href=\"https:\/\/eadmais.online\/en\/eadmais-university\/facebook-ads-como-criar-um-anuncio-passo-a-passo\/\"><br \/>\n                Continue Reading            <\/a><br \/>\n        \t\t\t\t\t\t\t\t<a href=\"https:\/\/eadmais.online\/en\/eadmais-university\/facebook-ads-como-criar-um-anuncio-passo-a-passo\/\" aria-label=\"Facebook Ads: How to Create an Ad Step by Step\"><\/a><\/p>\n<h2>\n                                                Technology in Education                                          <\/h2>\n<p>\t\t\t\t\t\t\t\t<img loading=\"lazy\" width=\"1100\" height=\"550\" src=\"https:\/\/eadmais.online\/wp-content\/uploads\/2024\/07\/Nuance-education-foto-artigo-1100x550.png\" alt=\"Nuance: A Revolu\u00e7\u00e3o do Reconhecimento de Voz na Educa\u00e7\u00e3o por EADMAIS\" decoding=\"async\" srcset=\"https:\/\/eadmais.online\/wp-content\/uploads\/2024\/07\/Nuance-education-foto-artigo-1100x550.png 1100w, https:\/\/eadmais.online\/wp-content\/uploads\/2024\/07\/Nuance-education-foto-artigo-300x150.png 300w, https:\/\/eadmais.online\/wp-content\/uploads\/2024\/07\/Nuance-education-foto-artigo-1024x512.png 1024w, https:\/\/eadmais.online\/wp-content\/uploads\/2024\/07\/Nuance-education-foto-artigo-768x384.png 768w, https:\/\/eadmais.online\/wp-content\/uploads\/2024\/07\/Nuance-education-foto-artigo-1536x768.png 1536w, https:\/\/eadmais.online\/wp-content\/uploads\/2024\/07\/Nuance-education-foto-artigo-2048x1024.png 2048w, https:\/\/eadmais.online\/wp-content\/uploads\/2024\/07\/Nuance-education-foto-artigo-18x9.png 18w, https:\/\/eadmais.online\/wp-content\/uploads\/2024\/07\/Nuance-education-foto-artigo-1600x800.png 1600w, https:\/\/eadmais.online\/wp-content\/uploads\/2024\/07\/Nuance-education-foto-artigo-680x340.png 680w, https:\/\/eadmais.online\/wp-content\/uploads\/2024\/07\/Nuance-education-foto-artigo-200x100.png 200w, https:\/\/eadmais.online\/wp-content\/uploads\/2024\/07\/Nuance-education-foto-artigo-20x10.png 20w\" sizes=\"auto, (max-width: 1100px) 100vw, 1100px\" \/><br \/>\n\t\t\t\t            <a aria-label=\"Nuance: The Speech Recognition Revolution in Education\" href=\"https:\/\/eadmais.online\/en\/tecnologia\/nuance-a-revolucao-do-reconhecimento-de-voz-na-educacao\/\"><\/a><br \/>\n\t\t\t    \t<a href=\"https:\/\/eadmais.online\/en\/category\/tecnologia\/\">Technology<\/a>\t\t\t        <\/p>\n<h2><a href=\"https:\/\/eadmais.online\/en\/tecnologia\/nuance-a-revolucao-do-reconhecimento-de-voz-na-educacao\/\">Nuance: The Speech Recognition Revolution in Education<\/a><\/h2>\n<p>If you\u2019ve ever used a voice assistant like Siri, Google Assistant, or Alexa, you know how much this technology can make your life easier. But have you ever thought about how\u2026 <\/p>\n<p>\t\t\t        4 Minutes Read<br \/>\n                    <a href=\"http:\/\/www.facebook.com\/sharer.php?u=https%3A%2F%2Feadmais.online%2Ftecnologia%2Fnuance-a-revolucao-do-reconhecimento-de-voz-na-educacao%2F\" rel=\"nofollow\"><\/a><br \/>\n                    <a href=\"https:\/\/twitter.com\/intent\/tweet?text=Nuance%3A%20A%20Revolu%C3%A7%C3%A3o%20do%20Reconhecimento%20de%20Voz%20na%20Educa%C3%A7%C3%A3o&#038;url=https%3A%2F%2Feadmais.online%2Ftecnologia%2Fnuance-a-revolucao-do-reconhecimento-de-voz-na-educacao%2F\" rel=\"nofollow\"><\/a><br \/>\n                    <a href=\"http:\/\/pinterest.com\/pin\/create\/bookmarklet\/?url=https%3A%2F%2Feadmais.online%2Ftecnologia%2Fnuance-a-revolucao-do-reconhecimento-de-voz-na-educacao%2F&#038;media=https:\/\/eadmais.online\/wp-content\/uploads\/2024\/07\/Nuance-education-foto-artigo-1600x800.png\" rel=\"nofollow\"><\/a><br \/>\n                    <a href=\"http:\/\/www.linkedin.com\/shareArticle?url=https%3A%2F%2Feadmais.online%2Ftecnologia%2Fnuance-a-revolucao-do-reconhecimento-de-voz-na-educacao%2F\" rel=\"nofollow\"><\/a><br \/>\n                    <a href=\"https:\/\/api.whatsapp.com\/send?text=https%3A%2F%2Feadmais.online%2Ftecnologia%2Fnuance-a-revolucao-do-reconhecimento-de-voz-na-educacao%2F\" data-action=\"share\/whatsapp\/share\" rel=\"nofollow\"><\/a><br \/>\n\t\t\t        <a href=\"https:\/\/eadmais.online\/en\/tecnologia\/nuance-a-revolucao-do-reconhecimento-de-voz-na-educacao\/\" aria-label=\"Nuance: The Speech Recognition Revolution in Education\"><\/a><br \/>\n\t\t\t\t\t\t\t\t<img loading=\"lazy\" width=\"680\" height=\"340\" src=\"https:\/\/eadmais.online\/wp-content\/uploads\/2024\/07\/Kahn-academy-foto-artigo-680x340.png\" alt=\"Kahn academy eadmais\" decoding=\"async\" srcset=\"https:\/\/eadmais.online\/wp-content\/uploads\/2024\/07\/Kahn-academy-foto-artigo-680x340.png 680w, https:\/\/eadmais.online\/wp-content\/uploads\/2024\/07\/Kahn-academy-foto-artigo-300x150.png 300w, https:\/\/eadmais.online\/wp-content\/uploads\/2024\/07\/Kahn-academy-foto-artigo-1024x512.png 1024w, https:\/\/eadmais.online\/wp-content\/uploads\/2024\/07\/Kahn-academy-foto-artigo-768x384.png 768w, https:\/\/eadmais.online\/wp-content\/uploads\/2024\/07\/Kahn-academy-foto-artigo-1536x768.png 1536w, https:\/\/eadmais.online\/wp-content\/uploads\/2024\/07\/Kahn-academy-foto-artigo-2048x1024.png 2048w, https:\/\/eadmais.online\/wp-content\/uploads\/2024\/07\/Kahn-academy-foto-artigo-18x9.png 18w, https:\/\/eadmais.online\/wp-content\/uploads\/2024\/07\/Kahn-academy-foto-artigo-1600x800.png 1600w, https:\/\/eadmais.online\/wp-content\/uploads\/2024\/07\/Kahn-academy-foto-artigo-1100x550.png 1100w, https:\/\/eadmais.online\/wp-content\/uploads\/2024\/07\/Kahn-academy-foto-artigo-200x100.png 200w, https:\/\/eadmais.online\/wp-content\/uploads\/2024\/07\/Kahn-academy-foto-artigo-20x10.png 20w\" sizes=\"auto, (max-width: 680px) 100vw, 680px\" \/><br \/>\n\t\t\t\t            <a aria-label=\"Khan Academy: Discover this Super Free Teaching Tool\" href=\"https:\/\/eadmais.online\/en\/tecnologia\/khan-academy-conheca-essa-super-ferramenta-de-ensino-gratuito\/\"><\/a><br \/>\n\t\t\t    \t<a href=\"https:\/\/eadmais.online\/en\/category\/tecnologia\/\">Technology<\/a>\t\t\t        <\/p>\n<h3><a href=\"https:\/\/eadmais.online\/en\/tecnologia\/khan-academy-conheca-essa-super-ferramenta-de-ensino-gratuito\/\">Khan Academy: Discover this Super Free Teaching Tool<\/a><\/h3>\n<p>\t\t\t        4 Minutes Read<br \/>\n                    <a href=\"http:\/\/www.facebook.com\/sharer.php?u=https%3A%2F%2Feadmais.online%2Ftecnologia%2Fkhan-academy-conheca-essa-super-ferramenta-de-ensino-gratuito%2F\" rel=\"nofollow\"><\/a><br \/>\n                    <a href=\"https:\/\/twitter.com\/intent\/tweet?text=Khan%20Academy%3A%20Conhe%C3%A7a%20essa%20Super%20Ferramenta%20de%20Ensino%20Gratuito&#038;url=https%3A%2F%2Feadmais.online%2Ftecnologia%2Fkhan-academy-conheca-essa-super-ferramenta-de-ensino-gratuito%2F\" rel=\"nofollow\"><\/a><br \/>\n                    <a href=\"http:\/\/pinterest.com\/pin\/create\/bookmarklet\/?url=https%3A%2F%2Feadmais.online%2Ftecnologia%2Fkhan-academy-conheca-essa-super-ferramenta-de-ensino-gratuito%2F&#038;media=https:\/\/eadmais.online\/wp-content\/uploads\/2024\/07\/Kahn-academy-foto-artigo-1600x800.png\" rel=\"nofollow\"><\/a><br \/>\n                    <a href=\"http:\/\/www.linkedin.com\/shareArticle?url=https%3A%2F%2Feadmais.online%2Ftecnologia%2Fkhan-academy-conheca-essa-super-ferramenta-de-ensino-gratuito%2F\" rel=\"nofollow\"><\/a><br \/>\n                    <a href=\"https:\/\/api.whatsapp.com\/send?text=https%3A%2F%2Feadmais.online%2Ftecnologia%2Fkhan-academy-conheca-essa-super-ferramenta-de-ensino-gratuito%2F\" data-action=\"share\/whatsapp\/share\" rel=\"nofollow\"><\/a><br \/>\n\t\t\t        <a href=\"https:\/\/eadmais.online\/en\/tecnologia\/khan-academy-conheca-essa-super-ferramenta-de-ensino-gratuito\/\" aria-label=\"Khan Academy: Discover this Super Free Teaching Tool\"><\/a><br \/>\n\t\t\t\t\t\t\t\t<img loading=\"lazy\" width=\"680\" height=\"680\" src=\"https:\/\/eadmais.online\/wp-content\/uploads\/2024\/07\/themeforest-zhgBU3yv-bopea-newspaper-magazine-wordpress-theme-680x680.png\" alt=\"10 Empresas que Est\u00e3o Inovando a Educa\u00e7\u00e3o com Intelig\u00eancia Artificial\" decoding=\"async\" srcset=\"https:\/\/eadmais.online\/wp-content\/uploads\/2024\/07\/themeforest-zhgBU3yv-bopea-newspaper-magazine-wordpress-theme-680x680.png 680w, https:\/\/eadmais.online\/wp-content\/uploads\/2024\/07\/themeforest-zhgBU3yv-bopea-newspaper-magazine-wordpress-theme-300x300.png 300w, https:\/\/eadmais.online\/wp-content\/uploads\/2024\/07\/themeforest-zhgBU3yv-bopea-newspaper-magazine-wordpress-theme-1024x1024.png 1024w, https:\/\/eadmais.online\/wp-content\/uploads\/2024\/07\/themeforest-zhgBU3yv-bopea-newspaper-magazine-wordpress-theme-150x150.png 150w, https:\/\/eadmais.online\/wp-content\/uploads\/2024\/07\/themeforest-zhgBU3yv-bopea-newspaper-magazine-wordpress-theme-768x768.png 768w, https:\/\/eadmais.online\/wp-content\/uploads\/2024\/07\/themeforest-zhgBU3yv-bopea-newspaper-magazine-wordpress-theme-12x12.png 12w, https:\/\/eadmais.online\/wp-content\/uploads\/2024\/07\/themeforest-zhgBU3yv-bopea-newspaper-magazine-wordpress-theme-200x200.png 200w, https:\/\/eadmais.online\/wp-content\/uploads\/2024\/07\/themeforest-zhgBU3yv-bopea-newspaper-magazine-wordpress-theme-20x20.png 20w, https:\/\/eadmais.online\/wp-content\/uploads\/2024\/07\/themeforest-zhgBU3yv-bopea-newspaper-magazine-wordpress-theme.png 1080w\" sizes=\"auto, (max-width: 680px) 100vw, 680px\" \/><br \/>\n\t\t\t\t            <a aria-label=\"10 Companies That Are Innovating Education with Artificial Intelligence\" href=\"https:\/\/eadmais.online\/en\/tecnologia\/inteligencia-artificial\/10-empresas-que-estao-inovando-a-educacao-com-inteligencia-artificial\/\"><\/a><br \/>\n\t\t\t    \t<a href=\"https:\/\/eadmais.online\/en\/category\/tecnologia\/inteligencia-artificial\/\">artificial intelligence<\/a>\t\t\t        <\/p>\n<h3><a href=\"https:\/\/eadmais.online\/en\/tecnologia\/inteligencia-artificial\/10-empresas-que-estao-inovando-a-educacao-com-inteligencia-artificial\/\">10 Companies That Are Innovating Education with Artificial Intelligence<\/a><\/h3>\n<p>\t\t\t        2 Minutes Read<br \/>\n                    <a href=\"http:\/\/www.facebook.com\/sharer.php?u=https%3A%2F%2Feadmais.online%2Ftecnologia%2Finteligencia-artificial%2F10-empresas-que-estao-inovando-a-educacao-com-inteligencia-artificial%2F\" rel=\"nofollow\"><\/a><br \/>\n                    <a href=\"https:\/\/twitter.com\/intent\/tweet?text=10%20Empresas%20que%20Est%C3%A3o%20Inovando%20a%20Educa%C3%A7%C3%A3o%20com%20Intelig%C3%AAncia%20Artificial&#038;url=https%3A%2F%2Feadmais.online%2Ftecnologia%2Finteligencia-artificial%2F10-empresas-que-estao-inovando-a-educacao-com-inteligencia-artificial%2F\" rel=\"nofollow\"><\/a><br \/>\n                    <a href=\"http:\/\/pinterest.com\/pin\/create\/bookmarklet\/?url=https%3A%2F%2Feadmais.online%2Ftecnologia%2Finteligencia-artificial%2F10-empresas-que-estao-inovando-a-educacao-com-inteligencia-artificial%2F&#038;media=https:\/\/eadmais.online\/wp-content\/uploads\/2024\/07\/themeforest-zhgBU3yv-bopea-newspaper-magazine-wordpress-theme.png\" rel=\"nofollow\"><\/a><br \/>\n                    <a href=\"http:\/\/www.linkedin.com\/shareArticle?url=https%3A%2F%2Feadmais.online%2Ftecnologia%2Finteligencia-artificial%2F10-empresas-que-estao-inovando-a-educacao-com-inteligencia-artificial%2F\" rel=\"nofollow\"><\/a><br \/>\n                    <a href=\"https:\/\/api.whatsapp.com\/send?text=https%3A%2F%2Feadmais.online%2Ftecnologia%2Finteligencia-artificial%2F10-empresas-que-estao-inovando-a-educacao-com-inteligencia-artificial%2F\" data-action=\"share\/whatsapp\/share\" rel=\"nofollow\"><\/a><br \/>\n\t\t\t        <a href=\"https:\/\/eadmais.online\/en\/tecnologia\/inteligencia-artificial\/10-empresas-que-estao-inovando-a-educacao-com-inteligencia-artificial\/\" aria-label=\"10 Companies That Are Innovating Education with Artificial Intelligence\"><\/a><\/p>\n<h2>\n                                                All Courses                                          <\/h2>\n<p>\t\t\t\t\t\t\t\t<img loading=\"lazy\" width=\"680\" height=\"510\" src=\"https:\/\/eadmais.online\/wp-content\/uploads\/2024\/07\/IMG_0148-680x510.jpeg\" alt=\"\" decoding=\"async\" srcset=\"https:\/\/eadmais.online\/wp-content\/uploads\/2024\/07\/IMG_0148-680x510.jpeg 680w, https:\/\/eadmais.online\/wp-content\/uploads\/2024\/07\/IMG_0148-300x225.jpeg 300w, https:\/\/eadmais.online\/wp-content\/uploads\/2024\/07\/IMG_0148-1024x768.jpeg 1024w, https:\/\/eadmais.online\/wp-content\/uploads\/2024\/07\/IMG_0148-768x576.jpeg 768w, https:\/\/eadmais.online\/wp-content\/uploads\/2024\/07\/IMG_0148-1536x1152.jpeg 1536w, https:\/\/eadmais.online\/wp-content\/uploads\/2024\/07\/IMG_0148-2048x1536.jpeg 2048w, https:\/\/eadmais.online\/wp-content\/uploads\/2024\/07\/IMG_0148-16x12.jpeg 16w, https:\/\/eadmais.online\/wp-content\/uploads\/2024\/07\/IMG_0148-1600x1200.jpeg 1600w, https:\/\/eadmais.online\/wp-content\/uploads\/2024\/07\/IMG_0148-1100x825.jpeg 1100w, https:\/\/eadmais.online\/wp-content\/uploads\/2024\/07\/IMG_0148-200x150.jpeg 200w, https:\/\/eadmais.online\/wp-content\/uploads\/2024\/07\/IMG_0148-20x15.jpeg 20w\" sizes=\"auto, (max-width: 680px) 100vw, 680px\" \/><br \/>\n\t\t\t\t            \t\t\t\t            \t\t\t\t            <a aria-label=\"Facebook Ads: How to Create an Ad Step by Step\" href=\"https:\/\/eadmais.online\/en\/eadmais-university\/facebook-ads-como-criar-um-anuncio-passo-a-passo\/\"><\/a><br \/>\n\t\t\t        <a href=\"https:\/\/eadmais.online\/en\/category\/eadmais-university\/\">EADMAIS University<\/a>\t\t\t        <\/p>\n<h3><a href=\"https:\/\/eadmais.online\/en\/eadmais-university\/facebook-ads-como-criar-um-anuncio-passo-a-passo\/\">Facebook Ads: How to Create an Ad Step by Step<\/a><\/h3>\n<p>Facebook Ads is a powerful tool for businesses and freelancers who want to increase their visibility, reach new customers and boost their sales\u2026. <\/p>\n<p>\t\t\t        3 Minutes Read<br \/>\n                    <a href=\"http:\/\/www.facebook.com\/sharer.php?u=https%3A%2F%2Feadmais.online%2Feadmais-university%2Ffacebook-ads-como-criar-um-anuncio-passo-a-passo%2F\" rel=\"nofollow\"><\/a><br \/>\n                    <a href=\"https:\/\/twitter.com\/intent\/tweet?text=Facebook%20Ads%3A%20Como%20Criar%20um%20An%C3%BAncio%20Passo%20a%20Passo&#038;url=https%3A%2F%2Feadmais.online%2Feadmais-university%2Ffacebook-ads-como-criar-um-anuncio-passo-a-passo%2F\" rel=\"nofollow\"><\/a><br \/>\n                    <a href=\"http:\/\/pinterest.com\/pin\/create\/bookmarklet\/?url=https%3A%2F%2Feadmais.online%2Feadmais-university%2Ffacebook-ads-como-criar-um-anuncio-passo-a-passo%2F&#038;media=https:\/\/eadmais.online\/wp-content\/uploads\/2024\/07\/IMG_0148-1600x1200.jpeg\" rel=\"nofollow\"><\/a><br \/>\n                    <a href=\"http:\/\/www.linkedin.com\/shareArticle?url=https%3A%2F%2Feadmais.online%2Feadmais-university%2Ffacebook-ads-como-criar-um-anuncio-passo-a-passo%2F\" rel=\"nofollow\"><\/a><br \/>\n                    <a href=\"https:\/\/api.whatsapp.com\/send?text=https%3A%2F%2Feadmais.online%2Feadmais-university%2Ffacebook-ads-como-criar-um-anuncio-passo-a-passo%2F\" data-action=\"share\/whatsapp\/share\" rel=\"nofollow\"><\/a><\/p>","protected":false},"excerpt":{"rendered":"<p>EADMAIS University Facebook Ads: Como Criar um An\u00fancio Passo a Passo O Facebook Ads \u00e9 uma ferramenta poderosa para empresas e aut\u00f4nomos que desejam aumentar sua visibilidade, alcan\u00e7ar novos clientes e impulsionar suas&#8230; 3 Minutos de leitura Continue Reading Tecnologia na Educa\u00e7\u00e3o Tecnologia Nuance: A Revolu\u00e7\u00e3o do Reconhecimento de Voz na Educa\u00e7\u00e3o Se voc\u00ea j\u00e1&#8230;<\/p>","protected":false},"author":2,"featured_media":0,"parent":0,"menu_order":0,"comment_status":"closed","ping_status":"closed","template":"elementor_header_footer","meta":{"_uag_custom_page_level_css":"","footnotes":""},"class_list":["post-22490","page","type-page","status-publish","hentry"],"uagb_featured_image_src":{"full":false,"thumbnail":false,"medium":false,"medium_large":false,"large":false,"1536x1536":false,"2048x2048":false,"trp-custom-language-flag":false},"uagb_author_info":{"display_name":"Matheus Dias","author_link":"https:\/\/eadmais.online\/en\/author\/matheusdias\/"},"uagb_comment_info":0,"uagb_excerpt":"EADMAIS University Facebook Ads: Como Criar um An\u00fancio Passo a Passo O Facebook Ads \u00e9 uma ferramenta poderosa para empresas e aut\u00f4nomos que desejam aumentar sua visibilidade, alcan\u00e7ar novos clientes e impulsionar suas&#8230; 3 Minutos de leitura Continue Reading Tecnologia na Educa\u00e7\u00e3o Tecnologia Nuance: A Revolu\u00e7\u00e3o do Reconhecimento de Voz na Educa\u00e7\u00e3o Se voc\u00ea j\u00e1...","_links":{"self":[{"href":"https:\/\/eadmais.online\/en\/wp-json\/wp\/v2\/pages\/22490","targetHints":{"allow":["GET"]}}],"collection":[{"href":"https:\/\/eadmais.online\/en\/wp-json\/wp\/v2\/pages"}],"about":[{"href":"https:\/\/eadmais.online\/en\/wp-json\/wp\/v2\/types\/page"}],"author":[{"embeddable":true,"href":"https:\/\/eadmais.online\/en\/wp-json\/wp\/v2\/users\/2"}],"replies":[{"embeddable":true,"href":"https:\/\/eadmais.online\/en\/wp-json\/wp\/v2\/comments?post=22490"}],"version-history":[{"count":0,"href":"https:\/\/eadmais.online\/en\/wp-json\/wp\/v2\/pages\/22490\/revisions"}],"wp:attachment":[{"href":"https:\/\/eadmais.online\/en\/wp-json\/wp\/v2\/media?parent=22490"}],"curies":[{"name":"wp","href":"https:\/\/api.w.org\/{rel}","templated":true}]}}