{"id":23885,"date":"2024-08-27T09:18:06","date_gmt":"2024-08-27T12:18:06","guid":{"rendered":"https:\/\/eadmais.online\/?page_id=23885"},"modified":"2024-12-17T18:52:40","modified_gmt":"2024-12-17T18:52:40","slug":"teste-de-lideranca","status":"publish","type":"page","link":"https:\/\/eadmais.online\/en\/teste-de-lideranca\/","title":{"rendered":"Leadership test"},"content":{"rendered":"<p><img loading=\"lazy\" decoding=\"async\" width=\"150\" height=\"150\" src=\"https:\/\/eadmais.online\/wp-content\/uploads\/2024\/08\/IMG_0296-150x150.jpeg\" alt=\"Descubra Seu Estilo de Lideran\u00e7a e Como Ele Impacta Seu Sucesso\" \/>\t\t\t\t\t\t\t\t\t\t\t\t\t\t\t<\/p>\n<p style=\"text-align: center;\">Do you know what your leadership style is?<\/p>\n<p style=\"text-align: center;\"><strong>Find out now in less than 2 minutes! <\/strong><\/p>\n<p style=\"text-align: center;\">Respond to some hypothetical situations and, based on your choices, discover which leadership style best represents you.<\/p>\n<p>\t\t\t\t\t<a href=\"https:\/\/eadmais.online\/en\/teste-de-lideranca-1\/\"><br \/>\n\t\t\t\t\t\t\t\t\tStart test<br \/>\n\t\t\t\t\t<\/a><\/p>\n<p>Over the years, a valuable tradition has remained constant: the search for personal and professional growth through tests and assessments.<\/p>\n<p>Whether exploring new entrepreneurial strategies, honing leadership skills or deepening self-awareness, these practices continue to play a crucial role in the development of individuals and organizations.<\/p>\n<p>If you are ready to challenge your skills and discover new perspectives, now is the time to test your knowledge and skills!<\/p>\n<p>Node <a style=\"color: #808080;\" href=\"https:\/\/eadmais.online\/en\/\">EADMais.online<\/a>, we offer an interactive and stimulating platform for you to evaluate and expand your capabilities in the areas of entrepreneurship, leadership and self-knowledge.<\/p>\n<p>Our quizzes are designed to provide an enriching experience, allowing you to discover new strategies, assess your leadership style and deepen your understanding of yourself.<\/p>\n<p><strong>About EAD+<\/strong><\/p>\n<p>Node <a style=\"color: #808080;\" href=\"https:\/\/eadmais.online\/en\/\">EAD+<\/a>, our<strong> goal is to offer an educational experience<\/strong> and engaging for all those interested in personal and professional development.<\/p>\n<p>Our wide range of tests and quizzes cover essential topics such as <strong>entrepreneurship, leadership and self-knowledge<\/strong>, allowing you to challenge your skills and expand your horizons in an accessible and practical way.<\/p>\n<p>We believe growth should be accessible and convenient.<\/p>\n<p>That&#039;s why we&#039;ve created an environment where you can take our quizzes and tests right from the comfort of your own home.<\/p>\n<p>With an intuitive design and challenging questions, our platform is here to help you achieve your goals and improve your skills.<\/p>\n<p>So, don&#039;t wait any longer! Visit <a style=\"color: #808080;\" href=\"https:\/\/eadmais.online\/en\/\">EAD+<\/a> and, take part in our tests and discover new opportunities for your personal and professional growth.<\/p>\n<p>Come challenge yourself and improve your skills with us!<\/p>","protected":false},"excerpt":{"rendered":"<p>Do you know what your leadership style is? Find out now in less than 2 minutes! Answer some hypothetical situations and, based on your choices, discover which leadership style best represents you. Start test Over the years, a valuable tradition has remained constant: the search for personal and professional growth through\u2026<\/p>","protected":false},"author":2,"featured_media":23949,"parent":0,"menu_order":0,"comment_status":"closed","ping_status":"closed","template":"elementor_canvas","meta":{"_uag_custom_page_level_css":"","footnotes":""},"class_list":["post-23885","page","type-page","status-publish","has-post-thumbnail","hentry"],"uagb_featured_image_src":{"full":["https:\/\/eadmais.online\/wp-content\/uploads\/2024\/08\/WhatsApp-Image-2024-08-27-at-10.41.35.jpeg",1280,720,false],"thumbnail":["https:\/\/eadmais.online\/wp-content\/uploads\/2024\/08\/WhatsApp-Image-2024-08-27-at-10.41.35-150x150.jpeg",150,150,true],"medium":["https:\/\/eadmais.online\/wp-content\/uploads\/2024\/08\/WhatsApp-Image-2024-08-27-at-10.41.35-300x169.jpeg",300,169,true],"medium_large":["https:\/\/eadmais.online\/wp-content\/uploads\/2024\/08\/WhatsApp-Image-2024-08-27-at-10.41.35-768x432.jpeg",768,432,true],"large":["https:\/\/eadmais.online\/wp-content\/uploads\/2024\/08\/WhatsApp-Image-2024-08-27-at-10.41.35-1024x576.jpeg",1024,576,true],"1536x1536":["https:\/\/eadmais.online\/wp-content\/uploads\/2024\/08\/WhatsApp-Image-2024-08-27-at-10.41.35.jpeg",1280,720,false],"2048x2048":["https:\/\/eadmais.online\/wp-content\/uploads\/2024\/08\/WhatsApp-Image-2024-08-27-at-10.41.35.jpeg",1280,720,false],"trp-custom-language-flag":["https:\/\/eadmais.online\/wp-content\/uploads\/2024\/08\/WhatsApp-Image-2024-08-27-at-10.41.35-18x10.jpeg",18,10,true]},"uagb_author_info":{"display_name":"Matheus Dias","author_link":"https:\/\/eadmais.online\/en\/author\/matheusdias\/"},"uagb_comment_info":0,"uagb_excerpt":"Voc\u00ea sabe qual \u00e9 o seu estilo de lideran\u00e7a? Descubra agora em menos de 2 minutos! Responda a algumas situa\u00e7\u00f5es hipot\u00e9ticas e, baseado em suas escolhas, descubra qual estilo de lideran\u00e7a melhor representa voc\u00ea. Come\u00e7ar teste Ao longo dos anos, uma tradi\u00e7\u00e3o valiosa tem se mantido constante: a busca pelo crescimento pessoal e profissional atrav\u00e9s...","_links":{"self":[{"href":"https:\/\/eadmais.online\/en\/wp-json\/wp\/v2\/pages\/23885","targetHints":{"allow":["GET"]}}],"collection":[{"href":"https:\/\/eadmais.online\/en\/wp-json\/wp\/v2\/pages"}],"about":[{"href":"https:\/\/eadmais.online\/en\/wp-json\/wp\/v2\/types\/page"}],"author":[{"embeddable":true,"href":"https:\/\/eadmais.online\/en\/wp-json\/wp\/v2\/users\/2"}],"replies":[{"embeddable":true,"href":"https:\/\/eadmais.online\/en\/wp-json\/wp\/v2\/comments?post=23885"}],"version-history":[{"count":5,"href":"https:\/\/eadmais.online\/en\/wp-json\/wp\/v2\/pages\/23885\/revisions"}],"predecessor-version":[{"id":25178,"href":"https:\/\/eadmais.online\/en\/wp-json\/wp\/v2\/pages\/23885\/revisions\/25178"}],"wp:featuredmedia":[{"embeddable":true,"href":"https:\/\/eadmais.online\/en\/wp-json\/wp\/v2\/media\/23949"}],"wp:attachment":[{"href":"https:\/\/eadmais.online\/en\/wp-json\/wp\/v2\/media?parent=23885"}],"curies":[{"name":"wp","href":"https:\/\/api.w.org\/{rel}","templated":true}]}}