{"id":23892,"date":"2024-08-27T09:33:59","date_gmt":"2024-08-27T12:33:59","guid":{"rendered":"https:\/\/eadmais.online\/?page_id=23892"},"modified":"2024-12-17T19:04:26","modified_gmt":"2024-12-17T19:04:26","slug":"teste-de-lideranca-1","status":"publish","type":"page","link":"https:\/\/eadmais.online\/en\/teste-de-lideranca-1\/","title":{"rendered":"Leadership Test 1"},"content":{"rendered":"<p><img loading=\"lazy\" decoding=\"async\" width=\"150\" height=\"150\" src=\"https:\/\/eadmais.online\/wp-content\/uploads\/2024\/08\/IMG_0296-150x150.jpeg\" alt=\"Descubra Seu Estilo de Lideran\u00e7a e Como Ele Impacta Seu Sucesso\" \/>\t\t\t\t\t\t\t\t\t\t\t\t\t\t\t<\/p>\n<h2>First Question:<\/h2>\n<p style=\"text-align: center;\">You have taken on a new team. It is made up of professionals with different levels of experience. Your initial priority is to:<\/p>\n<p>\t\t\t\t\t<a href=\"https:\/\/eadmais.online\/en\/teste-de-lideranca-3a\/\"><br \/>\n\t\t\t\t\t\t\t\t\tImmediately define clear rules, objective goals and reward those who comply.<br \/>\n\t\t\t\t\t<\/a><br \/>\n\t\t\t\t\t<a href=\"https:\/\/eadmais.online\/en\/teste-de-lideranca-3b\/\"><br \/>\n\t\t\t\t\t\t\t\t\tEngage the team in jointly building the project vision, listening to everyone&#039;s ideas.<br \/>\n\t\t\t\t\t<\/a><\/p>","protected":false},"excerpt":{"rendered":"<p>First Question: You have taken over a new team. It is made up of professionals with different levels of experience. Your initial priority is to: Immediately define clear rules, objective goals and reward those who comply. Engage the team in the joint construction of the project vision, listening to everyone&#039;s ideas.<\/p>","protected":false},"author":2,"featured_media":0,"parent":0,"menu_order":0,"comment_status":"closed","ping_status":"closed","template":"elementor_canvas","meta":{"_uag_custom_page_level_css":"","footnotes":""},"class_list":["post-23892","page","type-page","status-publish","hentry"],"uagb_featured_image_src":{"full":false,"thumbnail":false,"medium":false,"medium_large":false,"large":false,"1536x1536":false,"2048x2048":false,"trp-custom-language-flag":false},"uagb_author_info":{"display_name":"Matheus Dias","author_link":"https:\/\/eadmais.online\/en\/author\/matheusdias\/"},"uagb_comment_info":0,"uagb_excerpt":"Primeira Pergunta: Voc\u00ea assumiu uma nova equipe. Ela \u00e9 composta de profissionais com n\u00edveis diferentes de experi\u00eancia. Sua prioridade inicial \u00e9: Definir imediatamente regras claras, metas objetivas e recompensar quem cumprir. Engajar a equipe na constru\u00e7\u00e3o conjunta da vis\u00e3o do projeto, ouvindo ideias de todos.","_links":{"self":[{"href":"https:\/\/eadmais.online\/en\/wp-json\/wp\/v2\/pages\/23892","targetHints":{"allow":["GET"]}}],"collection":[{"href":"https:\/\/eadmais.online\/en\/wp-json\/wp\/v2\/pages"}],"about":[{"href":"https:\/\/eadmais.online\/en\/wp-json\/wp\/v2\/types\/page"}],"author":[{"embeddable":true,"href":"https:\/\/eadmais.online\/en\/wp-json\/wp\/v2\/users\/2"}],"replies":[{"embeddable":true,"href":"https:\/\/eadmais.online\/en\/wp-json\/wp\/v2\/comments?post=23892"}],"version-history":[{"count":5,"href":"https:\/\/eadmais.online\/en\/wp-json\/wp\/v2\/pages\/23892\/revisions"}],"predecessor-version":[{"id":25198,"href":"https:\/\/eadmais.online\/en\/wp-json\/wp\/v2\/pages\/23892\/revisions\/25198"}],"wp:attachment":[{"href":"https:\/\/eadmais.online\/en\/wp-json\/wp\/v2\/media?parent=23892"}],"curies":[{"name":"wp","href":"https:\/\/api.w.org\/{rel}","templated":true}]}}