{"id":23941,"date":"2024-08-27T10:22:02","date_gmt":"2024-08-27T13:22:02","guid":{"rendered":"https:\/\/eadmais.online\/?page_id=23941"},"modified":"2024-12-17T19:16:36","modified_gmt":"2024-12-17T19:16:36","slug":"resultado-lideranca-democratica","status":"publish","type":"page","link":"https:\/\/eadmais.online\/en\/resultado-lideranca-democratica\/","title":{"rendered":"Resultado: Lideran\u00e7a Democr\u00e1tica"},"content":{"rendered":"<p><svg aria-hidden=\"true\" viewbox=\"0 0 496 512\" xmlns=\"http:\/\/www.w3.org\/2000\/svg\"><path d=\"M248 8C111 8 0 119 0 256s111 248 248 248 248-111 248-248S385 8 248 8zm0 448c-110.3 0-200-89.7-200-200S137.7 56 248 56s200 89.7 200 200-89.7 200-200 200zm117.8-146.4c-10.2-8.5-25.3-7.1-33.8 3.1-20.8 25-51.5 39.4-84 39.4s-63.2-14.3-84-39.4c-8.5-10.2-23.7-11.5-33.8-3.1-10.2 8.5-11.5 23.6-3.1 33.8 30 36 74.1 56.6 120.9 56.6s90.9-20.6 120.9-56.6c8.5-10.2 7.1-25.3-3.1-33.8zM168 240c17.7 0 32-14.3 32-32s-14.3-32-32-32-32 14.3-32 32 14.3 32 32 32zm160-60c-25.7 0-55.9 16.9-59.9 42.1-1.7 11.2 11.5 18.2 19.8 10.8l9.5-8.5c14.8-13.2 46.2-13.2 61 0l9.5 8.5c8.5 7.4 21.6.3 19.8-10.8-3.8-25.2-34-42.1-59.7-42.1z\"><\/path><\/svg><br \/>\n\t\t\t\t\t\t\t\t\t100%<\/p>\n<h1>Resultado: Lideran\u00e7a Democr\u00e1tica<\/h1>\n<p>Voc\u00ea \u00e9 um(a) l\u00edder Democr\u00e1tico(a)!<\/p>\n<p>Voc\u00ea valoriza a participa\u00e7\u00e3o ativa do grupo, incentivando a colabora\u00e7\u00e3o e o di\u00e1logo aberto.<\/p>\n<p>Ao dar voz \u00e0 equipe, fortalece o engajamento, a criatividade e o senso de pertencimento.<\/p>\n<p>Como um l\u00edder Democr\u00e1tico, seu time se sente envolvido nas decis\u00f5es e processos, o que cria um ambiente de confian\u00e7a e transpar\u00eancia.<\/p>\n<p>Essa abordagem tende a aumentar o comprometimento de todos, pois as ideias n\u00e3o v\u00eam apenas de cima para baixo.<\/p>\n<p>O desafio pode estar em manter a agilidade e a clareza diante de muitas opini\u00f5es.<\/p>\n<p>Ao estabelecer crit\u00e9rios objetivos para tomada de decis\u00e3o e equilibrar a participa\u00e7\u00e3o com a necessidade de concluir a\u00e7\u00f5es, voc\u00ea pode aproveitar o melhor desse estilo participativo.<\/p>\n<ul>\n<li><strong>Practical Guide to Evaluating and Improving Your Leadership Style<\/strong> &#8211; <a href=\"https:\/\/eadmais.online\/en\/guia-pratico-para-avaliar-e-melhorar-seu-estilo-de-lideranca\/\">To read<\/a><\/li>\n<li><strong>Effective Communication Guide for Leaders<\/strong> &#8211; <a href=\"https:\/\/eadmais.online\/en\/guia-de-comunicacao-eficaz-para-lideres\/\">To read<\/a><\/li>\n<li><strong>Guide to building a high-performance team<\/strong> &#8211; <a href=\"https:\/\/eadmais.online\/en\/guia-para-construir-uma-equipe-de-alta-performance\/\">To read<\/a><\/li>\n<\/ul>\n<p>\t\t\t\t\t<a href=\"https:\/\/eadmais.online\/en\/teste-de-lideranca\/\"><br \/>\n\t\t\t\t\t\t\t\t\tRetake test<br \/>\n\t\t\t\t\t<\/a><br \/>\n\t\t\t\t\t<a href=\"https:\/\/eadmais.online\/en\/\"><br \/>\n\t\t\t\t\t\t\t\t\tExit test<br \/>\n\t\t\t\t\t<\/a><\/p>","protected":false},"excerpt":{"rendered":"<p>100% Resultado: Lideran\u00e7a Democr\u00e1tica Voc\u00ea \u00e9 um(a) l\u00edder Democr\u00e1tico(a)! Voc\u00ea valoriza a participa\u00e7\u00e3o ativa do grupo, incentivando a colabora\u00e7\u00e3o e o di\u00e1logo aberto. Ao dar voz \u00e0 equipe, fortalece o engajamento, a criatividade e o senso de pertencimento. Como um l\u00edder Democr\u00e1tico, seu time se sente envolvido nas decis\u00f5es e processos, o que cria um&#8230;<\/p>","protected":false},"author":2,"featured_media":0,"parent":0,"menu_order":0,"comment_status":"closed","ping_status":"closed","template":"elementor_canvas","meta":{"_uag_custom_page_level_css":"","footnotes":""},"class_list":["post-23941","page","type-page","status-publish","hentry"],"uagb_featured_image_src":{"full":false,"thumbnail":false,"medium":false,"medium_large":false,"large":false,"1536x1536":false,"2048x2048":false,"trp-custom-language-flag":false},"uagb_author_info":{"display_name":"Matheus Dias","author_link":"https:\/\/eadmais.online\/en\/author\/matheusdias\/"},"uagb_comment_info":0,"uagb_excerpt":"100% Resultado: Lideran\u00e7a Democr\u00e1tica Voc\u00ea \u00e9 um(a) l\u00edder Democr\u00e1tico(a)! Voc\u00ea valoriza a participa\u00e7\u00e3o ativa do grupo, incentivando a colabora\u00e7\u00e3o e o di\u00e1logo aberto. Ao dar voz \u00e0 equipe, fortalece o engajamento, a criatividade e o senso de pertencimento. Como um l\u00edder Democr\u00e1tico, seu time se sente envolvido nas decis\u00f5es e processos, o que cria um...","_links":{"self":[{"href":"https:\/\/eadmais.online\/en\/wp-json\/wp\/v2\/pages\/23941","targetHints":{"allow":["GET"]}}],"collection":[{"href":"https:\/\/eadmais.online\/en\/wp-json\/wp\/v2\/pages"}],"about":[{"href":"https:\/\/eadmais.online\/en\/wp-json\/wp\/v2\/types\/page"}],"author":[{"embeddable":true,"href":"https:\/\/eadmais.online\/en\/wp-json\/wp\/v2\/users\/2"}],"replies":[{"embeddable":true,"href":"https:\/\/eadmais.online\/en\/wp-json\/wp\/v2\/comments?post=23941"}],"version-history":[{"count":4,"href":"https:\/\/eadmais.online\/en\/wp-json\/wp\/v2\/pages\/23941\/revisions"}],"predecessor-version":[{"id":25216,"href":"https:\/\/eadmais.online\/en\/wp-json\/wp\/v2\/pages\/23941\/revisions\/25216"}],"wp:attachment":[{"href":"https:\/\/eadmais.online\/en\/wp-json\/wp\/v2\/media?parent=23941"}],"curies":[{"name":"wp","href":"https:\/\/api.w.org\/{rel}","templated":true}]}}