{"id":24620,"date":"2024-11-06T14:53:20","date_gmt":"2024-11-06T17:53:20","guid":{"rendered":"https:\/\/eadmais.online\/?page_id=24620"},"modified":"2024-11-06T14:53:20","modified_gmt":"2024-11-06T17:53:20","slug":"bem-vindo-ao-futuro","status":"publish","type":"page","link":"https:\/\/eadmais.online\/en\/bem-vindo-ao-futuro\/","title":{"rendered":"Welcome to the future"},"content":{"rendered":"<h2>Welcome to the future: Discover how to earn dollars using artificial intelligence<\/h2>\n<h2>\n                                                Uma profiss\u00e3o revolucion\u00e1ria que gera renda sem vender, sem aparecer, apenas criando conte\u00fado de valor!                                          <\/h2>\n<p style=\"text-align: center;\">Imagine a world where you can profit without having to expose yourself, sell or invest heavily.<\/p>\n<p style=\"text-align: center;\">Where your knowledge and technology work together to generate a solid income.<\/p>\n<p style=\"text-align: center;\"><strong>This world exists, and it is the future of digital professions!<\/strong><\/p>\n<p style=\"text-align: center;\">With the power of Artificial Intelligence, you can create unique, high-value content that attracts thousands of visitors\u2026 and <strong>profit in dollars<\/strong> with ads.<\/p>\n<p style=\"text-align: center;\"><strong>Want to take the first step?<\/strong> It&#039;s easier than it sounds.<\/p>\n<p><strong>What you will learn:<\/strong><\/p>\n<ul>\n<li>How to turn AI into your ally to create attention-grabbing content<\/li>\n<li>Strategies to monetize your content with ads that pay in dollars<\/li>\n<li>How you can start NOW, without selling anything, without showing up and without complex skills<\/li>\n<\/ul>\n<p style=\"text-align: center;\">You are <strong>one click<\/strong> to discover the step by step process to become a <strong>professional of the future<\/strong> and guarantee an income with the help of Artificial Intelligence!<\/p>\n<p style=\"text-align: center;\"><strong>Ready for a unique opportunity?<\/strong><\/p>\n<p style=\"text-align: center;\">Click the button below and <strong>watch the full explanatory video<\/strong>!<\/p>\n<p>                            <a href=\"https:\/\/eadmais.online\/en\/parabens-pelo-primeiro-passo\/\"><br \/>\n                                    \ud83d\udc49 Quero descobrir essa nova profiss\u00e3o!<br \/>\n                                    <svg fill=\"currentColor\" width=\"16\" height=\"16\" viewbox=\"0 0 16 16\"><path d=\"M8 0L6.59 1.41L12.17 7H0V9H12.17L6.59 14.59L8 16L16 8L8 0Z\"><\/path><\/svg>                <\/a><\/p>\n<p>\n                N\u00e3o perca tempo \u2013 oportunidades como essa s\u00e3o raras. Mais do que nunca, a tecnologia est\u00e1 abrindo portas para quem quer inovar e construir sua pr\u00f3pria jornada. Comece hoje mesmo!\n                <\/p>","protected":false},"excerpt":{"rendered":"<p>Welcome to the future: Discover how to earn dollars using artificial intelligence A revolutionary profession that generates income without selling, without showing off, just by creating valuable content! Imagine a world where you can profit without having to expose yourself, sell or invest heavily. Where your knowledge and technology work together to generate a solid income\u2026.<\/p>","protected":false},"author":2,"featured_media":0,"parent":0,"menu_order":0,"comment_status":"closed","ping_status":"closed","template":"elementor_canvas","meta":{"_uag_custom_page_level_css":"","footnotes":""},"class_list":["post-24620","page","type-page","status-publish","hentry"],"uagb_featured_image_src":{"full":false,"thumbnail":false,"medium":false,"medium_large":false,"large":false,"1536x1536":false,"2048x2048":false,"trp-custom-language-flag":false},"uagb_author_info":{"display_name":"Matheus Dias","author_link":"https:\/\/eadmais.online\/en\/author\/matheusdias\/"},"uagb_comment_info":0,"uagb_excerpt":"Bem-vindo ao futuro: Descubra como ganhar em d\u00f3lar usando intelig\u00eancia artificial Uma profiss\u00e3o revolucion\u00e1ria que gera renda sem vender, sem aparecer, apenas criando conte\u00fado de valor! Imagine um mundo onde voc\u00ea pode lucrar sem ter que se expor, vender ou investir pesado. Onde seu conhecimento e a tecnologia trabalham juntos para gerar uma renda s\u00f3lida....","_links":{"self":[{"href":"https:\/\/eadmais.online\/en\/wp-json\/wp\/v2\/pages\/24620","targetHints":{"allow":["GET"]}}],"collection":[{"href":"https:\/\/eadmais.online\/en\/wp-json\/wp\/v2\/pages"}],"about":[{"href":"https:\/\/eadmais.online\/en\/wp-json\/wp\/v2\/types\/page"}],"author":[{"embeddable":true,"href":"https:\/\/eadmais.online\/en\/wp-json\/wp\/v2\/users\/2"}],"replies":[{"embeddable":true,"href":"https:\/\/eadmais.online\/en\/wp-json\/wp\/v2\/comments?post=24620"}],"version-history":[{"count":0,"href":"https:\/\/eadmais.online\/en\/wp-json\/wp\/v2\/pages\/24620\/revisions"}],"wp:attachment":[{"href":"https:\/\/eadmais.online\/en\/wp-json\/wp\/v2\/media?parent=24620"}],"curies":[{"name":"wp","href":"https:\/\/api.w.org\/{rel}","templated":true}]}}