{"id":25238,"date":"2024-12-17T19:35:29","date_gmt":"2024-12-17T19:35:29","guid":{"rendered":"https:\/\/eadmais.online\/?page_id=25238"},"modified":"2024-12-17T19:52:41","modified_gmt":"2024-12-17T19:52:41","slug":"teste-de-qualidade-do-sono","status":"publish","type":"page","link":"https:\/\/eadmais.online\/en\/teste-de-qualidade-do-sono\/","title":{"rendered":"Sleep Quality Test"},"content":{"rendered":"<p><img loading=\"lazy\" decoding=\"async\" width=\"150\" height=\"150\" src=\"https:\/\/eadmais.online\/wp-content\/uploads\/2024\/12\/Dia-Mundial-do-Sono-150x150.webp\" alt=\"\" srcset=\"https:\/\/eadmais.online\/wp-content\/uploads\/2024\/12\/Dia-Mundial-do-Sono-150x150.webp 150w, https:\/\/eadmais.online\/wp-content\/uploads\/2024\/12\/Dia-Mundial-do-Sono-13x12.webp 13w\" sizes=\"auto, (max-width: 150px) 100vw, 150px\" \/>\t\t\t\t\t\t\t\t\t\t\t\t\t\t\t<\/p>\n<p style=\"text-align: center;\">Want to find out what your sleep quality is? Answer a few simple questions and see which profile you fit into.<\/p>\n<p style=\"text-align: center;\"><strong>Find out now in less than 2 minutes!<\/strong><\/p>\n<p>\t\t\t\t\t<a href=\"https:\/\/eadmais.online\/en\/teste-do-sono-2\/\"><br \/>\n\t\t\t\t\t\t\t\t\tTo start<br \/>\n\t\t\t\t\t<\/a><\/p>\n<p><strong>About EAD+<\/strong><\/p>\n<p>Node <a style=\"color: #808080;\" href=\"https:\/\/eadmais.online\/en\/\">EAD+<\/a>, our<strong> goal is to offer an educational experience<\/strong> and engaging for all those interested in personal and professional development.<\/p>\n<p>Our wide range of tests and quizzes cover essential topics, allowing you to challenge your skills and expand your horizons in an accessible and practical way.<\/p>\n<p>We believe growth should be accessible and convenient.<\/p>\n<p>That&#039;s why we&#039;ve created an environment where you can take our quizzes and tests right from the comfort of your own home.<\/p>\n<p>With an intuitive design and challenging questions, our platform is here to help you achieve your goals and improve your skills.<\/p>\n<p>So, don&#039;t wait any longer! Visit <a style=\"color: #808080;\" href=\"https:\/\/eadmais.online\/en\/\">EAD+<\/a> and, take part in our tests and discover new opportunities for your personal and professional growth.<\/p>\n<p>Come challenge yourself and improve your skills with us!<\/p>","protected":false},"excerpt":{"rendered":"<p>Want to find out what your sleep quality is? Answer a few simple questions and see which profile you fit into. Find out now in less than 2 minutes! Get started About EAD+ At EAD+, our goal is to offer an educational and engaging experience for all those interested in personal and professional development. Our wide range of\u2026<\/p>","protected":false},"author":2,"featured_media":0,"parent":0,"menu_order":0,"comment_status":"closed","ping_status":"closed","template":"elementor_canvas","meta":{"_uag_custom_page_level_css":"","footnotes":""},"class_list":["post-25238","page","type-page","status-publish","hentry"],"uagb_featured_image_src":{"full":false,"thumbnail":false,"medium":false,"medium_large":false,"large":false,"1536x1536":false,"2048x2048":false,"trp-custom-language-flag":false},"uagb_author_info":{"display_name":"Matheus Dias","author_link":"https:\/\/eadmais.online\/en\/author\/matheusdias\/"},"uagb_comment_info":0,"uagb_excerpt":"Quer descobrir qual \u00e9 a qualidade do seu sono? Responda a algumas situa\u00e7\u00f5es simples e veja em qual perfil voc\u00ea se encaixa. Descubra agora em menos de 2 minutos! Come\u00e7ar Sobre o EAD+ No EAD+, nosso objetivo \u00e9 oferecer uma experi\u00eancia educativa e envolvente para todos aqueles interessados em desenvolvimento pessoal e profissional. Nossa ampla...","_links":{"self":[{"href":"https:\/\/eadmais.online\/en\/wp-json\/wp\/v2\/pages\/25238","targetHints":{"allow":["GET"]}}],"collection":[{"href":"https:\/\/eadmais.online\/en\/wp-json\/wp\/v2\/pages"}],"about":[{"href":"https:\/\/eadmais.online\/en\/wp-json\/wp\/v2\/types\/page"}],"author":[{"embeddable":true,"href":"https:\/\/eadmais.online\/en\/wp-json\/wp\/v2\/users\/2"}],"replies":[{"embeddable":true,"href":"https:\/\/eadmais.online\/en\/wp-json\/wp\/v2\/comments?post=25238"}],"version-history":[{"count":5,"href":"https:\/\/eadmais.online\/en\/wp-json\/wp\/v2\/pages\/25238\/revisions"}],"predecessor-version":[{"id":25270,"href":"https:\/\/eadmais.online\/en\/wp-json\/wp\/v2\/pages\/25238\/revisions\/25270"}],"wp:attachment":[{"href":"https:\/\/eadmais.online\/en\/wp-json\/wp\/v2\/media?parent=25238"}],"curies":[{"name":"wp","href":"https:\/\/api.w.org\/{rel}","templated":true}]}}