{"id":25275,"date":"2024-12-17T19:56:40","date_gmt":"2024-12-17T19:56:40","guid":{"rendered":"https:\/\/eadmais.online\/?page_id=25275"},"modified":"2024-12-17T20:05:06","modified_gmt":"2024-12-17T20:05:06","slug":"resultado-ruim","status":"publish","type":"page","link":"https:\/\/eadmais.online\/en\/resultado-ruim\/","title":{"rendered":"Bad Result"},"content":{"rendered":"<p><svg aria-hidden=\"true\" viewbox=\"0 0 496 512\" xmlns=\"http:\/\/www.w3.org\/2000\/svg\"><path d=\"M248 8C111 8 0 119 0 256s111 248 248 248 248-111 248-248S385 8 248 8zm0 448c-110.3 0-200-89.7-200-200S137.7 56 248 56s200 89.7 200 200-89.7 200-200 200zm8-152c-13.2 0-24 10.8-24 24s10.8 24 24 24c23.8 0 46.3 10.5 61.6 28.8 8.1 9.8 23.2 11.9 33.8 3.1 10.2-8.5 11.6-23.6 3.1-33.8C330 320.8 294.1 304 256 304zm-88-64c17.7 0 32-14.3 32-32s-14.3-32-32-32-32 14.3-32 32 14.3 32 32 32zm160-64c-17.7 0-32 14.3-32 32s14.3 32 32 32 32-14.3 32-32-14.3-32-32-32zm-165.6 98.8C151 290.1 126 325.4 126 342.9c0 22.7 18.8 41.1 42 41.1s42-18.4 42-41.1c0-17.5-25-52.8-36.4-68.1-2.8-3.7-8.4-3.7-11.2 0z\"><\/path><\/svg><br \/>\n\t\t\t\t\t\t\t\t\t100%<\/p>\n<h1>\u201cBad\u201d Result:<\/h1>\n<p>Your sleep doesn&#039;t seem to be at an ideal level.<\/p>\n<p>Waking up tired frequently indicates that you may not be getting enough rest.<\/p>\n<p>Consider factors such as light, noise, room temperature, irregular schedules, and stress levels before bed.<\/p>\n<p>It may be important to seek professional help or review nighttime habits, diet and environment to improve sleep.<\/p>\n<p>\t\t\t\t\t<a href=\"https:\/\/eadmais.online\/en\/teste-de-qualidade-do-sono\/\"><br \/>\n\t\t\t\t\t\t\t\t\tRetake test<br \/>\n\t\t\t\t\t<\/a><br \/>\n\t\t\t\t\t<a href=\"https:\/\/eadmais.online\/en\/\"><br \/>\n\t\t\t\t\t\t\t\t\tExit test<br \/>\n\t\t\t\t\t<\/a><\/p>","protected":false},"excerpt":{"rendered":"<p>100% Resultado &#8220;Ruim&#8221;: Seu sono n\u00e3o parece estar no n\u00edvel ideal. Acordar cansado(a) com frequ\u00eancia indica que o descanso pode n\u00e3o estar sendo completo. Avalie fatores como luz, barulho, temperatura do quarto, hor\u00e1rios irregulares e n\u00edvel de estresse antes de dormir. Pode ser importante buscar ajuda profissional ou rever h\u00e1bitos noturnos, alimenta\u00e7\u00e3o e ambiente para&#8230;<\/p>","protected":false},"author":2,"featured_media":0,"parent":0,"menu_order":0,"comment_status":"closed","ping_status":"closed","template":"elementor_canvas","meta":{"_uag_custom_page_level_css":"","footnotes":""},"class_list":["post-25275","page","type-page","status-publish","hentry"],"uagb_featured_image_src":{"full":false,"thumbnail":false,"medium":false,"medium_large":false,"large":false,"1536x1536":false,"2048x2048":false,"trp-custom-language-flag":false},"uagb_author_info":{"display_name":"Matheus Dias","author_link":"https:\/\/eadmais.online\/en\/author\/matheusdias\/"},"uagb_comment_info":0,"uagb_excerpt":"100% Resultado &#8220;Ruim&#8221;: Seu sono n\u00e3o parece estar no n\u00edvel ideal. Acordar cansado(a) com frequ\u00eancia indica que o descanso pode n\u00e3o estar sendo completo. Avalie fatores como luz, barulho, temperatura do quarto, hor\u00e1rios irregulares e n\u00edvel de estresse antes de dormir. Pode ser importante buscar ajuda profissional ou rever h\u00e1bitos noturnos, alimenta\u00e7\u00e3o e ambiente para...","_links":{"self":[{"href":"https:\/\/eadmais.online\/en\/wp-json\/wp\/v2\/pages\/25275","targetHints":{"allow":["GET"]}}],"collection":[{"href":"https:\/\/eadmais.online\/en\/wp-json\/wp\/v2\/pages"}],"about":[{"href":"https:\/\/eadmais.online\/en\/wp-json\/wp\/v2\/types\/page"}],"author":[{"embeddable":true,"href":"https:\/\/eadmais.online\/en\/wp-json\/wp\/v2\/users\/2"}],"replies":[{"embeddable":true,"href":"https:\/\/eadmais.online\/en\/wp-json\/wp\/v2\/comments?post=25275"}],"version-history":[{"count":5,"href":"https:\/\/eadmais.online\/en\/wp-json\/wp\/v2\/pages\/25275\/revisions"}],"predecessor-version":[{"id":25299,"href":"https:\/\/eadmais.online\/en\/wp-json\/wp\/v2\/pages\/25275\/revisions\/25299"}],"wp:attachment":[{"href":"https:\/\/eadmais.online\/en\/wp-json\/wp\/v2\/media?parent=25275"}],"curies":[{"name":"wp","href":"https:\/\/api.w.org\/{rel}","templated":true}]}}