{"id":25308,"date":"2024-12-17T20:08:15","date_gmt":"2024-12-17T20:08:15","guid":{"rendered":"https:\/\/eadmais.online\/?page_id=25308"},"modified":"2024-12-17T20:11:33","modified_gmt":"2024-12-17T20:11:33","slug":"resultado-boa","status":"publish","type":"page","link":"https:\/\/eadmais.online\/en\/resultado-boa\/","title":{"rendered":"Good Result:"},"content":{"rendered":"<p><svg aria-hidden=\"true\" viewbox=\"0 0 496 512\" xmlns=\"http:\/\/www.w3.org\/2000\/svg\"><path d=\"M328 180c-25.69 0-55.88 16.92-59.86 42.12-1.75 11.22 11.5 18.24 19.83 10.84l9.55-8.48c14.81-13.19 46.16-13.19 60.97 0l9.55 8.48c8.48 7.43 21.56.25 19.83-10.84C383.88 196.92 353.69 180 328 180zm-160 60c17.67 0 32-14.33 32-32s-14.33-32-32-32-32 14.33-32 32 14.33 32 32 32zm185.55 64.64c-25.93 8.3-64.4 13.06-105.55 13.06s-79.62-4.75-105.55-13.06c-9.94-3.13-19.4 5.37-17.71 15.34C132.67 367.13 196.06 400 248 400s115.33-32.87 123.26-80.02c1.68-9.89-7.67-18.48-17.71-15.34zM248 8C111.03 8 0 119.03 0 256s111.03 248 248 248 248-111.03 248-248S384.97 8 248 8zm0 448c-110.28 0-200-89.72-200-200S137.72 56 248 56s200 89.72 200 200-89.72 200-200 200z\"><\/path><\/svg><br \/>\n\t\t\t\t\t\t\t\t\t100%<\/p>\n<h1>Resultado &#8220;Bom&#8221;:<\/h1>\n<p>Congratulations!<\/p>\n<p>You demonstrate good quality sleep.<\/p>\n<p>You feel rested and have no major difficulty sleeping or staying asleep.<\/p>\n<p>Maintain your healthy routine and, if possible, share your good practices with others.\u201d<\/p>\n<p>\t\t\t\t\t<a href=\"https:\/\/eadmais.online\/en\/teste-de-qualidade-do-sono\/\"><br \/>\n\t\t\t\t\t\t\t\t\tRetake test<br \/>\n\t\t\t\t\t<\/a><br \/>\n\t\t\t\t\t<a href=\"https:\/\/eadmais.online\/en\/\"><br \/>\n\t\t\t\t\t\t\t\t\tExit test<br \/>\n\t\t\t\t\t<\/a><\/p>","protected":false},"excerpt":{"rendered":"<p>100% \u201cGood\u201d result: Congratulations! You have demonstrated good quality sleep. You feel rested and have no major difficulties falling asleep or staying asleep. Maintain your healthy routine and, if possible, share your good practices with others.\u201d Retake test Exit test<\/p>","protected":false},"author":2,"featured_media":0,"parent":0,"menu_order":0,"comment_status":"closed","ping_status":"closed","template":"elementor_canvas","meta":{"_uag_custom_page_level_css":"","footnotes":""},"class_list":["post-25308","page","type-page","status-publish","hentry"],"uagb_featured_image_src":{"full":false,"thumbnail":false,"medium":false,"medium_large":false,"large":false,"1536x1536":false,"2048x2048":false,"trp-custom-language-flag":false},"uagb_author_info":{"display_name":"Matheus Dias","author_link":"https:\/\/eadmais.online\/en\/author\/matheusdias\/"},"uagb_comment_info":0,"uagb_excerpt":"100% Resultado &#8220;Bom&#8221;: Parab\u00e9ns! Voc\u00ea demonstra ter uma boa qualidade de sono. Sente-se descansado(a) e n\u00e3o apresenta grandes dificuldades para dormir ou manter-se dormindo. Mantenha sua rotina saud\u00e1vel e, se poss\u00edvel, compartilhe suas boas pr\u00e1ticas com outras pessoas.&#8221; Refazer teste Sair do teste","_links":{"self":[{"href":"https:\/\/eadmais.online\/en\/wp-json\/wp\/v2\/pages\/25308","targetHints":{"allow":["GET"]}}],"collection":[{"href":"https:\/\/eadmais.online\/en\/wp-json\/wp\/v2\/pages"}],"about":[{"href":"https:\/\/eadmais.online\/en\/wp-json\/wp\/v2\/types\/page"}],"author":[{"embeddable":true,"href":"https:\/\/eadmais.online\/en\/wp-json\/wp\/v2\/users\/2"}],"replies":[{"embeddable":true,"href":"https:\/\/eadmais.online\/en\/wp-json\/wp\/v2\/comments?post=25308"}],"version-history":[{"count":4,"href":"https:\/\/eadmais.online\/en\/wp-json\/wp\/v2\/pages\/25308\/revisions"}],"predecessor-version":[{"id":25318,"href":"https:\/\/eadmais.online\/en\/wp-json\/wp\/v2\/pages\/25308\/revisions\/25318"}],"wp:attachment":[{"href":"https:\/\/eadmais.online\/en\/wp-json\/wp\/v2\/media?parent=25308"}],"curies":[{"name":"wp","href":"https:\/\/api.w.org\/{rel}","templated":true}]}}