{"id":25322,"date":"2024-12-18T14:26:18","date_gmt":"2024-12-18T14:26:18","guid":{"rendered":"https:\/\/eadmais.online\/?page_id=25322"},"modified":"2024-12-18T14:37:12","modified_gmt":"2024-12-18T14:37:12","slug":"teste-de-qi","status":"publish","type":"page","link":"https:\/\/eadmais.online\/en\/teste-de-qi\/","title":{"rendered":"IQ Test"},"content":{"rendered":"<p><img loading=\"lazy\" decoding=\"async\" width=\"150\" height=\"150\" src=\"https:\/\/eadmais.online\/wp-content\/uploads\/2024\/12\/Teste-de-QI-150x150.jpg\" alt=\"Teste de QI\" \/>\t\t\t\t\t\t\t\t\t\t\t\t\t\t\t<\/p>\n<h1>IQ Test<\/h1>\n<p style=\"text-align: center;\">This is a test to assess your thinking style. Answer the brief questions below and see where you fit.<\/p>\n<p style=\"text-align: center;\"><strong>Find out now in less than 2 minutes!<\/strong><\/p>\n<p>\t\t\t\t\t<a href=\"https:\/\/eadmais.online\/en\/teste-de-qi-2\/\"><br \/>\n\t\t\t\t<svg aria-hidden=\"true\" viewbox=\"0 0 512 512\" xmlns=\"http:\/\/www.w3.org\/2000\/svg\"><path d=\"M504 256C504 119 393 8 256 8S8 119 8 256s111 248 248 248 248-111 248-248zm-448 0c0-110.5 89.5-200 200-200s200 89.5 200 200-89.5 200-200 200S56 366.5 56 256zm72 20v-40c0-6.6 5.4-12 12-12h116v-67c0-10.7 12.9-16 20.5-8.5l99 99c4.7 4.7 4.7 12.3 0 17l-99 99c-7.6 7.6-20.5 2.2-20.5-8.5v-67H140c-6.6 0-12-5.4-12-12z\"><\/path><\/svg><br \/>\n\t\t\t\t\t\t\t\t\tTo start<br \/>\n\t\t\t\t\t<\/a><\/p>\n<p><strong>About EAD+<\/strong><\/p>\n<p>Node <a style=\"color: #808080;\" href=\"https:\/\/eadmais.online\/en\/\">EAD+<\/a>, our<strong> goal is to offer an educational experience<\/strong> and engaging for all those interested in personal and professional development.<\/p>\n<p>Our wide range of tests and quizzes cover essential topics, allowing you to challenge your skills and expand your horizons in an accessible and practical way.<\/p>\n<p>We believe growth should be accessible and convenient.<\/p>\n<p>That&#039;s why we&#039;ve created an environment where you can take our quizzes and tests right from the comfort of your own home.<\/p>\n<p>With an intuitive design and challenging questions, our platform is here to help you achieve your goals and improve your skills.<\/p>\n<p>So, don&#039;t wait any longer! Visit <a style=\"color: #808080;\" href=\"https:\/\/eadmais.online\/en\/\">EAD+<\/a> and, take part in our tests and discover new opportunities for your personal and professional growth.<\/p>\n<p>Come challenge yourself and improve your skills with us!<\/p>","protected":false},"excerpt":{"rendered":"<p>IQ Test This is a test to estimate your reasoning style. Answer the brief situations below and see where you fit. Find out now in less than 2 minutes! Get Started About EAD+ At EAD+, our goal is to offer an educational and engaging experience for all those interested in personal and professional development\u2026.<\/p>","protected":false},"author":2,"featured_media":0,"parent":0,"menu_order":0,"comment_status":"closed","ping_status":"closed","template":"elementor_canvas","meta":{"_uag_custom_page_level_css":"","footnotes":""},"class_list":["post-25322","page","type-page","status-publish","hentry"],"uagb_featured_image_src":{"full":false,"thumbnail":false,"medium":false,"medium_large":false,"large":false,"1536x1536":false,"2048x2048":false,"trp-custom-language-flag":false},"uagb_author_info":{"display_name":"Matheus Dias","author_link":"https:\/\/eadmais.online\/en\/author\/matheusdias\/"},"uagb_comment_info":0,"uagb_excerpt":"Teste de QI Este \u00e9 um teste para estimar seu estilo de racioc\u00ednio. Responda as breves situa\u00e7\u00f5es abaixo e veja onde voc\u00ea se encaixa. Descubra agora em menos de 2 minutos! Come\u00e7ar Sobre o EAD+ No EAD+, nosso objetivo \u00e9 oferecer uma experi\u00eancia educativa e envolvente para todos aqueles interessados em desenvolvimento pessoal e profissional....","_links":{"self":[{"href":"https:\/\/eadmais.online\/en\/wp-json\/wp\/v2\/pages\/25322","targetHints":{"allow":["GET"]}}],"collection":[{"href":"https:\/\/eadmais.online\/en\/wp-json\/wp\/v2\/pages"}],"about":[{"href":"https:\/\/eadmais.online\/en\/wp-json\/wp\/v2\/types\/page"}],"author":[{"embeddable":true,"href":"https:\/\/eadmais.online\/en\/wp-json\/wp\/v2\/users\/2"}],"replies":[{"embeddable":true,"href":"https:\/\/eadmais.online\/en\/wp-json\/wp\/v2\/comments?post=25322"}],"version-history":[{"count":5,"href":"https:\/\/eadmais.online\/en\/wp-json\/wp\/v2\/pages\/25322\/revisions"}],"predecessor-version":[{"id":25340,"href":"https:\/\/eadmais.online\/en\/wp-json\/wp\/v2\/pages\/25322\/revisions\/25340"}],"wp:attachment":[{"href":"https:\/\/eadmais.online\/en\/wp-json\/wp\/v2\/media?parent=25322"}],"curies":[{"name":"wp","href":"https:\/\/api.w.org\/{rel}","templated":true}]}}