{"id":25341,"date":"2024-12-18T14:38:43","date_gmt":"2024-12-18T14:38:43","guid":{"rendered":"https:\/\/eadmais.online\/?page_id=25341"},"modified":"2024-12-18T14:51:13","modified_gmt":"2024-12-18T14:51:13","slug":"teste-de-qi-3a","status":"publish","type":"page","link":"https:\/\/eadmais.online\/en\/teste-de-qi-3a\/","title":{"rendered":"IQ Test 3A"},"content":{"rendered":"<p><img loading=\"lazy\" decoding=\"async\" width=\"150\" height=\"150\" src=\"https:\/\/eadmais.online\/wp-content\/uploads\/2024\/12\/Teste-de-QI-150x150.jpg\" alt=\"Teste de QI\" \/>\t\t\t\t\t\t\t\t\t\t\t\t\t\t\t<\/p>\n<h2>Second Question:<\/h2>\n<p style=\"text-align: center;\">When faced with a complex math or logic problem, you often:<\/p>\n<p>\t\t\t\t\t<a href=\"https:\/\/eadmais.online\/en\/qi-muito-acima-da-media\/\"><br \/>\n\t\t\t\t\t\t\t\t\tPersist until you find the answer, researching information, testing hypotheses and reviewing strategies.<br \/>\n\t\t\t\t\t<\/a><br \/>\n\t\t\t\t\t<a href=\"https:\/\/eadmais.online\/en\/qi-acima-da-media\/\"><br \/>\n\t\t\t\t\t\t\t\t\tTry to understand the problem, but if it doesn&#039;t resolve itself in a short time, look for external tips or references, without insisting too much.<br \/>\n\t\t\t\t\t<\/a><\/p>","protected":false},"excerpt":{"rendered":"<p>Second Question: When faced with a complex math or logic problem, do you usually: Persist until you find the answer, researching information, testing hypotheses, and reviewing strategies. Try to understand the problem, but if you don&#039;t solve it in a short time, look for external tips or references, without insisting too much.<\/p>","protected":false},"author":2,"featured_media":0,"parent":0,"menu_order":0,"comment_status":"closed","ping_status":"closed","template":"elementor_canvas","meta":{"_uag_custom_page_level_css":"","footnotes":""},"class_list":["post-25341","page","type-page","status-publish","hentry"],"uagb_featured_image_src":{"full":false,"thumbnail":false,"medium":false,"medium_large":false,"large":false,"1536x1536":false,"2048x2048":false,"trp-custom-language-flag":false},"uagb_author_info":{"display_name":"Matheus Dias","author_link":"https:\/\/eadmais.online\/en\/author\/matheusdias\/"},"uagb_comment_info":0,"uagb_excerpt":"Segunda Pergunta: Ao encontrar um problema complexo de matem\u00e1tica ou l\u00f3gica, voc\u00ea costuma: Persistir at\u00e9 encontrar a resposta, pesquisando informa\u00e7\u00f5es, testando hip\u00f3teses e revisando estrat\u00e9gias. Tentar entender o problema, mas se n\u00e3o resolver em pouco tempo, busca dicas ou refer\u00eancias externas, sem insistir demais.","_links":{"self":[{"href":"https:\/\/eadmais.online\/en\/wp-json\/wp\/v2\/pages\/25341","targetHints":{"allow":["GET"]}}],"collection":[{"href":"https:\/\/eadmais.online\/en\/wp-json\/wp\/v2\/pages"}],"about":[{"href":"https:\/\/eadmais.online\/en\/wp-json\/wp\/v2\/types\/page"}],"author":[{"embeddable":true,"href":"https:\/\/eadmais.online\/en\/wp-json\/wp\/v2\/users\/2"}],"replies":[{"embeddable":true,"href":"https:\/\/eadmais.online\/en\/wp-json\/wp\/v2\/comments?post=25341"}],"version-history":[{"count":5,"href":"https:\/\/eadmais.online\/en\/wp-json\/wp\/v2\/pages\/25341\/revisions"}],"predecessor-version":[{"id":25379,"href":"https:\/\/eadmais.online\/en\/wp-json\/wp\/v2\/pages\/25341\/revisions\/25379"}],"wp:attachment":[{"href":"https:\/\/eadmais.online\/en\/wp-json\/wp\/v2\/media?parent=25341"}],"curies":[{"name":"wp","href":"https:\/\/api.w.org\/{rel}","templated":true}]}}