{"id":25358,"date":"2024-12-18T14:41:24","date_gmt":"2024-12-18T14:41:24","guid":{"rendered":"https:\/\/eadmais.online\/?page_id=25358"},"modified":"2024-12-18T14:54:05","modified_gmt":"2024-12-18T14:54:05","slug":"teste-de-qi-3b","status":"publish","type":"page","link":"https:\/\/eadmais.online\/en\/teste-de-qi-3b\/","title":{"rendered":"IQ Test 3b"},"content":{"rendered":"<p><img loading=\"lazy\" decoding=\"async\" width=\"150\" height=\"150\" src=\"https:\/\/eadmais.online\/wp-content\/uploads\/2024\/12\/Teste-de-QI-150x150.jpg\" alt=\"Teste de QI\" \/>\t\t\t\t\t\t\t\t\t\t\t\t\t\t\t<\/p>\n<h2>Second Question:<\/h2>\n<p style=\"text-align: center;\">When faced with a puzzle or a more complex riddle that requires concentration:<\/p>\n<p>\t\t\t\t\t<a href=\"https:\/\/eadmais.online\/en\/qi-na-media\/\"><br \/>\n\t\t\t\t\t\t\t\t\tYou try a little, but quickly get frustrated and abandon the problem without trying to understand the solution.<br \/>\n\t\t\t\t\t<\/a><br \/>\n\t\t\t\t\t<a href=\"https:\/\/eadmais.online\/en\/qi-abaixo-da-media\/\"><br \/>\n\t\t\t\t\t\t\t\t\tYou rarely try to understand complex problems and prefer not to engage in reasoning challenges.<br \/>\n\t\t\t\t\t<\/a><\/p>","protected":false},"excerpt":{"rendered":"<p>Second Question: When faced with a more complex puzzle or riddle that requires concentration: You try a little, but quickly become frustrated and abandon the problem without trying to understand the solution. You rarely try to understand complex problems and prefer not to engage in reasoning challenges.<\/p>","protected":false},"author":2,"featured_media":0,"parent":0,"menu_order":0,"comment_status":"closed","ping_status":"closed","template":"elementor_canvas","meta":{"_uag_custom_page_level_css":"","footnotes":""},"class_list":["post-25358","page","type-page","status-publish","hentry"],"uagb_featured_image_src":{"full":false,"thumbnail":false,"medium":false,"medium_large":false,"large":false,"1536x1536":false,"2048x2048":false,"trp-custom-language-flag":false},"uagb_author_info":{"display_name":"Matheus Dias","author_link":"https:\/\/eadmais.online\/en\/author\/matheusdias\/"},"uagb_comment_info":0,"uagb_excerpt":"Segunda Pergunta: Diante de um quebra-cabe\u00e7a ou um enigma mais complexo que exige concentra\u00e7\u00e3o: Voc\u00ea tenta um pouco, mas fica frustrado(a) rapidamente e abandona o problema sem buscar entender a solu\u00e7\u00e3o. Voc\u00ea raramente tenta compreender problemas complexos e prefere n\u00e3o se envolver com desafios de racioc\u00ednio.","_links":{"self":[{"href":"https:\/\/eadmais.online\/en\/wp-json\/wp\/v2\/pages\/25358","targetHints":{"allow":["GET"]}}],"collection":[{"href":"https:\/\/eadmais.online\/en\/wp-json\/wp\/v2\/pages"}],"about":[{"href":"https:\/\/eadmais.online\/en\/wp-json\/wp\/v2\/types\/page"}],"author":[{"embeddable":true,"href":"https:\/\/eadmais.online\/en\/wp-json\/wp\/v2\/users\/2"}],"replies":[{"embeddable":true,"href":"https:\/\/eadmais.online\/en\/wp-json\/wp\/v2\/comments?post=25358"}],"version-history":[{"count":5,"href":"https:\/\/eadmais.online\/en\/wp-json\/wp\/v2\/pages\/25358\/revisions"}],"predecessor-version":[{"id":25389,"href":"https:\/\/eadmais.online\/en\/wp-json\/wp\/v2\/pages\/25358\/revisions\/25389"}],"wp:attachment":[{"href":"https:\/\/eadmais.online\/en\/wp-json\/wp\/v2\/media?parent=25358"}],"curies":[{"name":"wp","href":"https:\/\/api.w.org\/{rel}","templated":true}]}}