{"id":25369,"date":"2024-12-18T14:46:07","date_gmt":"2024-12-18T14:46:07","guid":{"rendered":"https:\/\/eadmais.online\/?page_id=25369"},"modified":"2024-12-18T14:49:33","modified_gmt":"2024-12-18T14:49:33","slug":"qi-muito-acima-da-media","status":"publish","type":"page","link":"https:\/\/eadmais.online\/en\/qi-muito-acima-da-media\/","title":{"rendered":"IQ (Well Above Average)"},"content":{"rendered":"<p><svg aria-hidden=\"true\" viewbox=\"0 0 496 512\" xmlns=\"http:\/\/www.w3.org\/2000\/svg\"><path d=\"M248 8C111 8 0 119 0 256s111 248 248 248 248-111 248-248S385 8 248 8zm0 448c-110.3 0-200-89.7-200-200S137.7 56 248 56s200 89.7 200 200-89.7 200-200 200zm0-176c-35.3 0-64 28.7-64 64s28.7 64 64 64 64-28.7 64-64-28.7-64-64-64zm-48-72c0-17.7-14.3-32-32-32s-32 14.3-32 32 14.3 32 32 32 32-14.3 32-32zm128-32c-17.7 0-32 14.3-32 32s14.3 32 32 32 32-14.3 32-32-14.3-32-32-32z\"><\/path><\/svg><br \/>\n\t\t\t\t\t\t\t\t\t100%<\/p>\n<h1>Well Above Average<\/h1>\n<p>Congratulations!<\/p>\n<p>You exhibit strong characteristics of logical reasoning, persistence and detailed analysis.<\/p>\n<p>Complex challenges do not intimidate you, and you tend to come up with creative, well-founded solutions.<\/p>\n<p>\t\t\t\t\t<a href=\"https:\/\/eadmais.online\/en\/teste-de-qi\/\"><br \/>\n\t\t\t\t\t\t\t\t\tRetake test<br \/>\n\t\t\t\t\t<\/a><br \/>\n\t\t\t\t\t<a href=\"https:\/\/eadmais.online\/en\/\"><br \/>\n\t\t\t\t\t\t\t\t\tExit test<br \/>\n\t\t\t\t\t<\/a><\/p>","protected":false},"excerpt":{"rendered":"<p>100% Well Above Average Congratulations! You display strong logical reasoning, persistence, and detailed analysis. Complex challenges do not intimidate you, and you often come up with creative, well-reasoned solutions. Retake test Exit test<\/p>","protected":false},"author":2,"featured_media":0,"parent":0,"menu_order":0,"comment_status":"closed","ping_status":"closed","template":"elementor_canvas","meta":{"_uag_custom_page_level_css":"","footnotes":""},"class_list":["post-25369","page","type-page","status-publish","hentry"],"uagb_featured_image_src":{"full":false,"thumbnail":false,"medium":false,"medium_large":false,"large":false,"1536x1536":false,"2048x2048":false,"trp-custom-language-flag":false},"uagb_author_info":{"display_name":"Matheus Dias","author_link":"https:\/\/eadmais.online\/en\/author\/matheusdias\/"},"uagb_comment_info":0,"uagb_excerpt":"100% Muito Acima da M\u00e9dia Parab\u00e9ns! Voc\u00ea apresenta fortes caracter\u00edsticas de racioc\u00ednio l\u00f3gico, persist\u00eancia e an\u00e1lise detalhada. Desafios complexos n\u00e3o o intimidam, e voc\u00ea costuma chegar a solu\u00e7\u00f5es criativas e bem fundamentadas. Refazer teste Sair do teste","_links":{"self":[{"href":"https:\/\/eadmais.online\/en\/wp-json\/wp\/v2\/pages\/25369","targetHints":{"allow":["GET"]}}],"collection":[{"href":"https:\/\/eadmais.online\/en\/wp-json\/wp\/v2\/pages"}],"about":[{"href":"https:\/\/eadmais.online\/en\/wp-json\/wp\/v2\/types\/page"}],"author":[{"embeddable":true,"href":"https:\/\/eadmais.online\/en\/wp-json\/wp\/v2\/users\/2"}],"replies":[{"embeddable":true,"href":"https:\/\/eadmais.online\/en\/wp-json\/wp\/v2\/comments?post=25369"}],"version-history":[{"count":4,"href":"https:\/\/eadmais.online\/en\/wp-json\/wp\/v2\/pages\/25369\/revisions"}],"predecessor-version":[{"id":25374,"href":"https:\/\/eadmais.online\/en\/wp-json\/wp\/v2\/pages\/25369\/revisions\/25374"}],"wp:attachment":[{"href":"https:\/\/eadmais.online\/en\/wp-json\/wp\/v2\/media?parent=25369"}],"curies":[{"name":"wp","href":"https:\/\/api.w.org\/{rel}","templated":true}]}}