{"id":25472,"date":"2025-01-01T19:11:52","date_gmt":"2025-01-01T19:11:52","guid":{"rendered":"https:\/\/eadmais.online\/?page_id=25472"},"modified":"2025-01-01T19:11:53","modified_gmt":"2025-01-01T19:11:53","slug":"tap-refer-redirecionando","status":"publish","type":"page","link":"https:\/\/eadmais.online\/en\/tap-refer-redirecionando\/","title":{"rendered":"Tap Refer \u2013 Redirecting"},"content":{"rendered":"<div><b>BEST TECHNOLOGY TIPS<\/b>\n<br><br><br>\nHere you will receive tips and instructions to improve your daily life.<\/b><br><br>\nPlease wait, you will be redirected to the store\u2026 <\/div>\n\n\n\n<p><\/p>","protected":false},"excerpt":{"rendered":"<p>MELHORES DICAS DE TECNOLOGIA Aqui voc\u00ea recebe dicas e instru\u00e7\u00f5es para melhorar seu dia a dia. Aguarde, voc\u00ea ser\u00e1 redirecionado a loja&#8230;<\/p>","protected":false},"author":2,"featured_media":0,"parent":0,"menu_order":0,"comment_status":"closed","ping_status":"closed","template":"","meta":{"_uag_custom_page_level_css":"","footnotes":""},"class_list":["post-25472","page","type-page","status-publish","hentry"],"uagb_featured_image_src":{"full":false,"thumbnail":false,"medium":false,"medium_large":false,"large":false,"1536x1536":false,"2048x2048":false,"trp-custom-language-flag":false},"uagb_author_info":{"display_name":"Matheus Dias","author_link":"https:\/\/eadmais.online\/en\/author\/matheusdias\/"},"uagb_comment_info":0,"uagb_excerpt":"MELHORES DICAS DE TECNOLOGIA Aqui voc\u00ea recebe dicas e instru\u00e7\u00f5es para melhorar seu dia a dia. Aguarde, voc\u00ea ser\u00e1 redirecionado a loja&#8230;","_links":{"self":[{"href":"https:\/\/eadmais.online\/en\/wp-json\/wp\/v2\/pages\/25472","targetHints":{"allow":["GET"]}}],"collection":[{"href":"https:\/\/eadmais.online\/en\/wp-json\/wp\/v2\/pages"}],"about":[{"href":"https:\/\/eadmais.online\/en\/wp-json\/wp\/v2\/types\/page"}],"author":[{"embeddable":true,"href":"https:\/\/eadmais.online\/en\/wp-json\/wp\/v2\/users\/2"}],"replies":[{"embeddable":true,"href":"https:\/\/eadmais.online\/en\/wp-json\/wp\/v2\/comments?post=25472"}],"version-history":[{"count":1,"href":"https:\/\/eadmais.online\/en\/wp-json\/wp\/v2\/pages\/25472\/revisions"}],"predecessor-version":[{"id":25473,"href":"https:\/\/eadmais.online\/en\/wp-json\/wp\/v2\/pages\/25472\/revisions\/25473"}],"wp:attachment":[{"href":"https:\/\/eadmais.online\/en\/wp-json\/wp\/v2\/media?parent=25472"}],"curies":[{"name":"wp","href":"https:\/\/api.w.org\/{rel}","templated":true}]}}