{"id":25847,"date":"2025-01-14T14:16:45","date_gmt":"2025-01-14T14:16:45","guid":{"rendered":"https:\/\/eadmais.online\/?page_id=25847"},"modified":"2025-01-21T13:26:06","modified_gmt":"2025-01-21T13:26:06","slug":"trabalhe-na-magazine-luiza","status":"publish","type":"page","link":"https:\/\/eadmais.online\/en\/trabalhe-na-magazine-luiza\/","title":{"rendered":"Work at Magazine Luiza: Open positions, attractive salaries and unmissable benefits! Find out how to apply now."},"content":{"rendered":"<div class='code-block code-block-2' style='margin: 8px auto; text-align: center; display: block; clear: both;'>\n<div style=\"position: sticky; top: 15px;\">\n<div class=\"code-block-label\">Advertisements<\/div>\n<script>\n   window.googletag = window.googletag || {cmd: []};\n   googletag.cmd.push(function() {\n     googletag.defineSlot(\"\/22883653243\/eadmais.online\/eadmais.online_mw_content2_02032023\", [[250, 250], [336, 280], [300, 250]], \"div-gpt-ad-1606164528122-0\").addService(googletag.pubads());\n         googletag.pubads().enableLazyLoad({\n                    fetchMarginPercent: 20,\n                    renderMarginPercent: 10,\n                    mobileScaling: 2.0\n                });\n     googletag.enableServices();\n   });\n<\/script>\n<div id=\"div-gpt-ad-1606164528122-0\">\n   <script>\n      googletag.cmd.push(function() { googletag.display(\"div-gpt-ad-1606164528122-0\"); });\n   <\/script>\n<\/div><\/div>\n<div style=\" height: 150px;\"><\/div>\n<\/div>\n\n\n\n\n<p>THE <strong>Magazine Luiza<\/strong> , one of the largest retail chains in Brazil, has several job opportunities open in various regions of the country. If you are looking for a career in a solid company, with a great work environment and beneficial benefits, this could be the opportunity you were waiting for!<\/p>\n\n\n\n<div class=\"wp-block-uagb-container uagb-block-6c65bf81 alignfull uagb-is-root-container\"><div class=\"uagb-container-inner-blocks-wrap\">\n<div class=\"wp-block-uagb-container uagb-block-1ecf27cc\">\n<figure class=\"wp-block-image size-large\"><a href=\"https:\/\/eadmais.online\/en\/itau-esta-contratando-veja-as-vagas-disponiveis\/\"><img loading=\"lazy\" decoding=\"async\" width=\"1024\" height=\"1024\" src=\"https:\/\/eadmais.online\/wp-content\/uploads\/2025\/01\/5-2-1024x1024.png\" alt=\"\" class=\"wp-image-25724\" srcset=\"https:\/\/eadmais.online\/wp-content\/uploads\/2025\/01\/5-2-1024x1024.png 1024w, https:\/\/eadmais.online\/wp-content\/uploads\/2025\/01\/5-2-300x300.png 300w, https:\/\/eadmais.online\/wp-content\/uploads\/2025\/01\/5-2-150x150.png 150w, https:\/\/eadmais.online\/wp-content\/uploads\/2025\/01\/5-2-768x768.png 768w, https:\/\/eadmais.online\/wp-content\/uploads\/2025\/01\/5-2-12x12.png 12w, https:\/\/eadmais.online\/wp-content\/uploads\/2025\/01\/5-2.png 1080w\" sizes=\"auto, (max-width: 1024px) 100vw, 1024px\" \/><\/a><\/figure>\n\n\n\n<h4 class=\"wp-block-heading has-text-align-center\">Vacancies at Ita\u00fa<\/h4>\n\n\n\n<div class=\"wp-block-buttons is-content-justification-center is-layout-flex wp-container-core-buttons-is-layout-a89b3969 wp-block-buttons-is-layout-flex\">\n<div class=\"wp-block-button\"><a class=\"wp-block-button__link has-text-align-center wp-element-button\" href=\"https:\/\/eadmais.online\/en\/itau-esta-contratando-veja-as-vagas-disponiveis\/\"><strong>I want to apply!<\/strong><\/a><\/div>\n<\/div>\n<\/div>\n\n\n\n<div class=\"wp-block-uagb-container uagb-block-0f803a83\">\n<div class=\"wp-block-columns is-layout-flex wp-container-core-columns-is-layout-28f84493 wp-block-columns-is-layout-flex\">\n<div class=\"wp-block-column is-layout-flow wp-block-column-is-layout-flow\" style=\"flex-basis:100%\">\n<div class=\"wp-block-uagb-image uagb-block-cb1d424c wp-block-uagb-image--layout-default wp-block-uagb-image--effect-static wp-block-uagb-image--align-none\"><figure class=\"wp-block-uagb-image__figure\"><a class=\"\" href=\"https:\/\/eadmais.online\/en\/banco-do-brasil-esta-contratando-veja-as-vagas-disponiveis\/\" target=\"\" rel=\"noopener\"><img decoding=\"async\" srcset=\"https:\/\/eadmais.online\/wp-content\/uploads\/2025\/01\/6-1-1024x1024.png ,https:\/\/eadmais.online\/wp-content\/uploads\/2025\/01\/6-1.png 780w, https:\/\/eadmais.online\/wp-content\/uploads\/2025\/01\/6-1.png 360w\" sizes=\"auto, (max-width: 480px) 150px\" src=\"https:\/\/eadmais.online\/wp-content\/uploads\/2025\/01\/6-1-1024x1024.png\" alt=\"Banco do Brasil est\u00e1 contratando: Veja as vagas dispon\u00edveis\" class=\"uag-image-25725\" width=\"1024\" height=\"1024\" title=\"Banco do Brasil is hiring: See available vacancies\" loading=\"lazy\" role=\"img\"\/><\/a><\/figure><\/div>\n<\/div>\n<\/div>\n\n\n\n<h4 class=\"wp-block-heading has-text-align-center\">Vacancies at Banco do Brasil<\/h4>\n\n\n\n<div class=\"wp-block-buttons is-content-justification-center is-layout-flex wp-container-core-buttons-is-layout-a89b3969 wp-block-buttons-is-layout-flex\">\n<div class=\"wp-block-button\"><a class=\"wp-block-button__link wp-element-button\" href=\"https:\/\/eadmais.online\/en\/banco-do-brasil-esta-contratando-veja-as-vagas-disponiveis\/\"><strong>I want to apply!<\/strong><\/a><\/div>\n<\/div>\n<\/div>\n\n\n\n<div class=\"wp-block-uagb-container uagb-block-23203048\">\n<figure class=\"wp-block-image size-large\"><a href=\"https:\/\/eadmais.online\/en\/pao-de-acucar-esta-contratando-veja-as-vagas-disponiveis\/\"><img loading=\"lazy\" decoding=\"async\" width=\"1024\" height=\"1024\" src=\"https:\/\/eadmais.online\/wp-content\/uploads\/2025\/01\/1-1-1024x1024.png\" alt=\"\" class=\"wp-image-25720\" srcset=\"https:\/\/eadmais.online\/wp-content\/uploads\/2025\/01\/1-1-1024x1024.png 1024w, https:\/\/eadmais.online\/wp-content\/uploads\/2025\/01\/1-1-300x300.png 300w, https:\/\/eadmais.online\/wp-content\/uploads\/2025\/01\/1-1-150x150.png 150w, https:\/\/eadmais.online\/wp-content\/uploads\/2025\/01\/1-1-768x768.png 768w, https:\/\/eadmais.online\/wp-content\/uploads\/2025\/01\/1-1-12x12.png 12w, https:\/\/eadmais.online\/wp-content\/uploads\/2025\/01\/1-1.png 1080w\" sizes=\"auto, (max-width: 1024px) 100vw, 1024px\" \/><\/a><\/figure>\n\n\n\n<h4 class=\"wp-block-heading has-text-align-center\"><strong>Vacancies at Sugarloaf Mountain<\/strong><\/h4>\n\n\n\n<div class=\"wp-block-buttons is-content-justification-center is-layout-flex wp-container-core-buttons-is-layout-a89b3969 wp-block-buttons-is-layout-flex\">\n<div class=\"wp-block-button\"><a class=\"wp-block-button__link wp-element-button\" href=\"https:\/\/eadmais.online\/en\/pao-de-acucar-esta-contratando-veja-as-vagas-disponiveis\/\"><strong>I want to apply!<\/strong><\/a><\/div>\n<\/div>\n<\/div>\n<\/div><\/div>\n\n\n\n<h1 class=\"wp-block-heading\">Vacancies available at Magazine Luiza<\/h1>\n\n\n\n<p>Magazine Luiza is offering positions in different areas, including:<\/p>\n\n\n\n<ul class=\"wp-block-list\">\n<li><strong>Sales Assistant<\/strong>\n<ul class=\"wp-block-list\">\n<li><strong>Wage:<\/strong> R$ 1,800.00 to R$ 2,200.00<\/li>\n\n\n\n<li><strong>Benefits:<\/strong> Transportation vouchers, meal vouchers, medical and dental assistance, life insurance, product discounts.<\/li>\n<\/ul>\n<\/li>\n\n\n\n<li><strong>Stock Assistant<\/strong>\n<ul class=\"wp-block-list\">\n<li><strong>Wage:<\/strong> R$ 1,600.00 to R$ 1,900.00<\/li>\n\n\n\n<li><strong>Benefits:<\/strong> Transport vouchers, meal vouchers, medical assistance, discounts on products.<\/li>\n<\/ul>\n<\/li>\n\n\n\n<li><strong>Store Manager<\/strong>\n<ul class=\"wp-block-list\">\n<li><strong>Wage:<\/strong> R$ 4,500.00 to R$ 6,000.00<\/li>\n\n\n\n<li><strong>Benefits:<\/strong> Career plan, bonuses for goals, medical and dental assistance, food vouchers, discounts on products.<\/li>\n<\/ul>\n<\/li>\n\n\n\n<li><strong>IT Analyst<\/strong>\n<ul class=\"wp-block-list\">\n<li><strong>Wage:<\/strong> R$ 3,500.00 to R$ 5,000.00<\/li>\n\n\n\n<li><strong>Benefits:<\/strong> Transportation vouchers, meal vouchers, partial home office, medical and dental assistance.<\/li>\n<\/ul>\n<\/li>\n<\/ul>\n\n\n\n<h2 class=\"wp-block-heading\"><strong>Benefits of Working at Magazine Luiza<\/strong><\/h2>\n\n\n\n<p>In addition to the attractions, Magazine Luiza offers a benefits package that includes:<\/p>\n\n\n\n<ul class=\"wp-block-list\">\n<li><strong>Career plan<\/strong> with opportunities for growth and professional development.<\/li>\n\n\n\n<li><strong>Profit and results sharing<\/strong> (PLR).<\/li>\n\n\n\n<li><strong>Special discount on products<\/strong> of the network.<\/li>\n\n\n\n<li><strong>Inclusive work environment<\/strong> and diverse, with wellness programs.<\/li>\n<\/ul>\n\n\n\n<h2 class=\"wp-block-heading\"><strong>How to Apply<\/strong><\/h2>\n\n\n\n<p>To apply for one of the vacancies, follow the step-by-step instructions below:<\/p>\n\n\n\n<ol class=\"wp-block-list\">\n<li><strong>Visit the official website<\/strong> from Magazine Luiza in the section <strong><a href=\"https:\/\/eadmais.online\/en\/estamos-te-redirecionando\/?destino= https:\/\/carreiras.magazineluiza.com.br\/\">Work with us<\/a><\/strong>.<\/li>\n\n\n\n<li><strong>Choose the vacancy<\/strong> that best suits your profile.<\/li>\n\n\n\n<li>Click on <strong>\u201cApply\u201d<\/strong> and fill out the online form with your personal and professional details.<\/li>\n\n\n\n<li><strong>Attached to your CV<\/strong> updated and, if necessary, a cover letter.<\/li>\n\n\n\n<li>Please wait for the recruitment team to contact you.<\/li>\n<\/ol>\n\n\n\n<p>Don&#039;t miss the chance to be part of one of the most beloved companies in Brazil! Visit the Magazine Luiza website now and take the next step in your career!<\/p>\n\n\n\n<div class=\"wp-block-buttons is-content-justification-center is-layout-flex wp-container-core-buttons-is-layout-a89b3969 wp-block-buttons-is-layout-flex\">\n<div class=\"wp-block-button has-custom-font-size has-big-font-size\"><a class=\"wp-block-button__link has-text-align-center wp-element-button\" href=\"https:\/\/eadmais.online\/en\/estamos-te-redirecionando\/?destino= https:\/\/carreiras.magazineluiza.com.br\/\"><strong>Click here to apply<\/strong><\/a><\/div>\n<\/div>\n\n\n\n<p><\/p>","protected":false},"excerpt":{"rendered":"<p>Discover the vacancies available at Correios and how to apply! Life-changing opportunities are just a click away. Don&#039;t miss out!<\/p>","protected":false},"author":4,"featured_media":25859,"parent":0,"menu_order":0,"comment_status":"closed","ping_status":"closed","template":"","meta":{"_uag_custom_page_level_css":"","footnotes":""},"class_list":["post-25847","page","type-page","status-publish","has-post-thumbnail","hentry"],"uagb_featured_image_src":{"full":["https:\/\/eadmais.online\/wp-content\/uploads\/2025\/01\/Design-sem-nome.png",3375,3375,false],"thumbnail":["https:\/\/eadmais.online\/wp-content\/uploads\/2025\/01\/Design-sem-nome-150x150.png",150,150,true],"medium":["https:\/\/eadmais.online\/wp-content\/uploads\/2025\/01\/Design-sem-nome-300x300.png",300,300,true],"medium_large":["https:\/\/eadmais.online\/wp-content\/uploads\/2025\/01\/Design-sem-nome-768x768.png",768,768,true],"large":["https:\/\/eadmais.online\/wp-content\/uploads\/2025\/01\/Design-sem-nome-1024x1024.png",1024,1024,true],"1536x1536":["https:\/\/eadmais.online\/wp-content\/uploads\/2025\/01\/Design-sem-nome-1536x1536.png",1536,1536,true],"2048x2048":["https:\/\/eadmais.online\/wp-content\/uploads\/2025\/01\/Design-sem-nome-2048x2048.png",2048,2048,true],"trp-custom-language-flag":["https:\/\/eadmais.online\/wp-content\/uploads\/2025\/01\/Design-sem-nome-12x12.png",12,12,true]},"uagb_author_info":{"display_name":"Isabela Josiaqui","author_link":"https:\/\/eadmais.online\/en\/author\/isabelajosiaqui\/"},"uagb_comment_info":0,"uagb_excerpt":"Descubra as vagas dispon\u00edveis nos Correios e como se candidatar! Oportunidades que podem mudar sua vida est\u00e3o a um clique de dist\u00e2ncia. N\u00e3o fique de fora!","_links":{"self":[{"href":"https:\/\/eadmais.online\/en\/wp-json\/wp\/v2\/pages\/25847","targetHints":{"allow":["GET"]}}],"collection":[{"href":"https:\/\/eadmais.online\/en\/wp-json\/wp\/v2\/pages"}],"about":[{"href":"https:\/\/eadmais.online\/en\/wp-json\/wp\/v2\/types\/page"}],"author":[{"embeddable":true,"href":"https:\/\/eadmais.online\/en\/wp-json\/wp\/v2\/users\/4"}],"replies":[{"embeddable":true,"href":"https:\/\/eadmais.online\/en\/wp-json\/wp\/v2\/comments?post=25847"}],"version-history":[{"count":3,"href":"https:\/\/eadmais.online\/en\/wp-json\/wp\/v2\/pages\/25847\/revisions"}],"predecessor-version":[{"id":26011,"href":"https:\/\/eadmais.online\/en\/wp-json\/wp\/v2\/pages\/25847\/revisions\/26011"}],"wp:featuredmedia":[{"embeddable":true,"href":"https:\/\/eadmais.online\/en\/wp-json\/wp\/v2\/media\/25859"}],"wp:attachment":[{"href":"https:\/\/eadmais.online\/en\/wp-json\/wp\/v2\/media?parent=25847"}],"curies":[{"name":"wp","href":"https:\/\/api.w.org\/{rel}","templated":true}]}}