{"id":25920,"date":"2025-01-14T14:16:45","date_gmt":"2025-01-14T14:16:45","guid":{"rendered":"https:\/\/eadmais.online\/?page_id=25920"},"modified":"2025-01-16T18:57:12","modified_gmt":"2025-01-16T18:57:12","slug":"vagas-abertas-na-embraer","status":"publish","type":"page","link":"https:\/\/eadmais.online\/en\/vagas-abertas-na-embraer\/","title":{"rendered":"Open positions at Embraer: See career opportunities with attractive salaries and benefits! Apply now."},"content":{"rendered":"<div class='code-block code-block-2' style='margin: 8px auto; text-align: center; display: block; clear: both;'>\n<div style=\"position: sticky; top: 15px;\">\n<div class=\"code-block-label\">Advertisements<\/div>\n<script>\n   window.googletag = window.googletag || {cmd: []};\n   googletag.cmd.push(function() {\n     googletag.defineSlot(\"\/22883653243\/eadmais.online\/eadmais.online_mw_content2_02032023\", [[250, 250], [336, 280], [300, 250]], \"div-gpt-ad-1606164528122-0\").addService(googletag.pubads());\n         googletag.pubads().enableLazyLoad({\n                    fetchMarginPercent: 20,\n                    renderMarginPercent: 10,\n                    mobileScaling: 2.0\n                });\n     googletag.enableServices();\n   });\n<\/script>\n<div id=\"div-gpt-ad-1606164528122-0\">\n   <script>\n      googletag.cmd.push(function() { googletag.display(\"div-gpt-ad-1606164528122-0\"); });\n   <\/script>\n<\/div><\/div>\n<div style=\" height: 150px;\"><\/div>\n<\/div>\n\n\n\n\n<p>THE <strong>Embraer<\/strong>, one of the largest aircraft manufacturers in the world, has several <strong>open job vacancies<\/strong>. If you are looking for a career in an innovative company with a global presence, this is your chance! Check out the available opportunities, the benefits offered and learn how to apply to be part of this aviation giant.<\/p>\n\n\n\n<div class=\"wp-block-uagb-container uagb-block-6c65bf81 alignfull uagb-is-root-container\"><div class=\"uagb-container-inner-blocks-wrap\">\n<div class=\"wp-block-uagb-container uagb-block-1ecf27cc\">\n<figure class=\"wp-block-image size-large\"><a href=\"https:\/\/eadmais.online\/en\/vagas-abertas-no-carrefour\/\"><img loading=\"lazy\" decoding=\"async\" width=\"1024\" height=\"1024\" src=\"https:\/\/eadmais.online\/wp-content\/uploads\/2025\/01\/Design-sem-nome-8-1024x1024.png\" alt=\"\" class=\"wp-image-25912\" srcset=\"https:\/\/eadmais.online\/wp-content\/uploads\/2025\/01\/Design-sem-nome-8-1024x1024.png 1024w, https:\/\/eadmais.online\/wp-content\/uploads\/2025\/01\/Design-sem-nome-8-300x300.png 300w, https:\/\/eadmais.online\/wp-content\/uploads\/2025\/01\/Design-sem-nome-8-150x150.png 150w, https:\/\/eadmais.online\/wp-content\/uploads\/2025\/01\/Design-sem-nome-8-768x768.png 768w, https:\/\/eadmais.online\/wp-content\/uploads\/2025\/01\/Design-sem-nome-8-1536x1536.png 1536w, https:\/\/eadmais.online\/wp-content\/uploads\/2025\/01\/Design-sem-nome-8-2048x2048.png 2048w, https:\/\/eadmais.online\/wp-content\/uploads\/2025\/01\/Design-sem-nome-8-12x12.png 12w\" sizes=\"auto, (max-width: 1024px) 100vw, 1024px\" \/><\/a><\/figure>\n\n\n\n<h4 class=\"wp-block-heading has-text-align-center\"><strong>Vacancies at Carrefour<\/strong><\/h4>\n\n\n\n<div class=\"wp-block-buttons is-content-justification-center is-layout-flex wp-container-core-buttons-is-layout-a89b3969 wp-block-buttons-is-layout-flex\">\n<div class=\"wp-block-button\"><a class=\"wp-block-button__link has-text-align-center wp-element-button\" href=\"https:\/\/eadmais.online\/en\/vagas-abertas-no-carrefour\/\"><strong>I want to apply!<\/strong><\/a><\/div>\n<\/div>\n<\/div>\n\n\n\n<div class=\"wp-block-uagb-container uagb-block-0f803a83\">\n<div class=\"wp-block-columns is-layout-flex wp-container-core-columns-is-layout-28f84493 wp-block-columns-is-layout-flex\">\n<div class=\"wp-block-column is-layout-flow wp-block-column-is-layout-flow\" style=\"flex-basis:100%\">\n<figure class=\"wp-block-image size-large\"><a href=\"https:\/\/eadmais.online\/en\/vagas-abertas-na-cea\/\"><img loading=\"lazy\" decoding=\"async\" width=\"1024\" height=\"1024\" src=\"https:\/\/eadmais.online\/wp-content\/uploads\/2025\/01\/Design-sem-nome-7-1024x1024.png\" alt=\"\" class=\"wp-image-25908\" srcset=\"https:\/\/eadmais.online\/wp-content\/uploads\/2025\/01\/Design-sem-nome-7-1024x1024.png 1024w, https:\/\/eadmais.online\/wp-content\/uploads\/2025\/01\/Design-sem-nome-7-300x300.png 300w, https:\/\/eadmais.online\/wp-content\/uploads\/2025\/01\/Design-sem-nome-7-150x150.png 150w, https:\/\/eadmais.online\/wp-content\/uploads\/2025\/01\/Design-sem-nome-7-768x768.png 768w, https:\/\/eadmais.online\/wp-content\/uploads\/2025\/01\/Design-sem-nome-7-1536x1536.png 1536w, https:\/\/eadmais.online\/wp-content\/uploads\/2025\/01\/Design-sem-nome-7-2048x2048.png 2048w, https:\/\/eadmais.online\/wp-content\/uploads\/2025\/01\/Design-sem-nome-7-12x12.png 12w\" sizes=\"auto, (max-width: 1024px) 100vw, 1024px\" \/><\/a><\/figure>\n<\/div>\n<\/div>\n\n\n\n<h4 class=\"wp-block-heading has-text-align-center\"><strong>Vacancies at C&amp;A<\/strong><\/h4>\n\n\n\n<div class=\"wp-block-buttons is-content-justification-center is-layout-flex wp-container-core-buttons-is-layout-a89b3969 wp-block-buttons-is-layout-flex\">\n<div class=\"wp-block-button\"><a class=\"wp-block-button__link wp-element-button\" href=\"https:\/\/eadmais.online\/en\/vagas-abertas-na-cea\/\"><strong>I want to apply!<\/strong><\/a><\/div>\n<\/div>\n<\/div>\n\n\n\n<div class=\"wp-block-uagb-container uagb-block-23203048\">\n<figure class=\"wp-block-image size-large\"><a href=\"https:\/\/eadmais.online\/en\/vagas-abertas-na-brf\/\"><img loading=\"lazy\" decoding=\"async\" width=\"1024\" height=\"1024\" src=\"https:\/\/eadmais.online\/wp-content\/uploads\/2025\/01\/Design-sem-nome-9-1024x1024.png\" alt=\"\" class=\"wp-image-25916\" srcset=\"https:\/\/eadmais.online\/wp-content\/uploads\/2025\/01\/Design-sem-nome-9-1024x1024.png 1024w, https:\/\/eadmais.online\/wp-content\/uploads\/2025\/01\/Design-sem-nome-9-300x300.png 300w, https:\/\/eadmais.online\/wp-content\/uploads\/2025\/01\/Design-sem-nome-9-150x150.png 150w, https:\/\/eadmais.online\/wp-content\/uploads\/2025\/01\/Design-sem-nome-9-768x768.png 768w, https:\/\/eadmais.online\/wp-content\/uploads\/2025\/01\/Design-sem-nome-9-1536x1536.png 1536w, https:\/\/eadmais.online\/wp-content\/uploads\/2025\/01\/Design-sem-nome-9-2048x2048.png 2048w, https:\/\/eadmais.online\/wp-content\/uploads\/2025\/01\/Design-sem-nome-9-12x12.png 12w\" sizes=\"auto, (max-width: 1024px) 100vw, 1024px\" \/><\/a><\/figure>\n\n\n\n<h4 class=\"wp-block-heading has-text-align-center\"><strong>Vacancies at BRF<\/strong><\/h4>\n\n\n\n<div class=\"wp-block-buttons is-content-justification-center is-layout-flex wp-container-core-buttons-is-layout-a89b3969 wp-block-buttons-is-layout-flex\">\n<div class=\"wp-block-button\"><a class=\"wp-block-button__link wp-element-button\" href=\"https:\/\/eadmais.online\/en\/vagas-abertas-na-brf\/\"><strong>I want to apply<\/strong><\/a><\/div>\n<\/div>\n<\/div>\n<\/div><\/div>\n\n\n\n<h2 class=\"wp-block-heading\"><strong>Available vacancies at <\/strong>Embraer<\/h2>\n\n\n\n<p>Embraer has vacancies open in different areas of activity, including:<\/p>\n\n\n\n<ul class=\"wp-block-list\">\n<li><strong>Senior Compliance Analyst (Investigations Focus)<\/strong>\n<ul class=\"wp-block-list\">\n<li><strong>Average Salary<\/strong>: R$ 10,000 to R$ 15,000<\/li>\n<\/ul>\n<\/li>\n\n\n\n<li><strong>Data Analyst<\/strong>\n<ul class=\"wp-block-list\">\n<li><strong>Average Salary<\/strong>: R$ 6,000 to R$ 9,000<\/li>\n<\/ul>\n<\/li>\n\n\n\n<li><strong>Business Enterprise Analyst (Sales Focus \u2013 LATAM) \u2013 Full or Senior<\/strong>\n<ul class=\"wp-block-list\">\n<li><strong>Average Salary<\/strong>: R$ 8,000 to R$ 12,000<\/li>\n<\/ul>\n<\/li>\n\n\n\n<li><strong>Planning Analyst<\/strong>\n<ul class=\"wp-block-list\">\n<li><strong>Average Salary<\/strong>: R$ 5,000 to R$ 7,000<\/li>\n<\/ul>\n<\/li>\n\n\n\n<li><strong>Human Resources Analyst (People Intelligence \/ BI) Full-time<\/strong>\n<ul class=\"wp-block-list\">\n<li><strong>Average Salary<\/strong>: R$ 6,000 to R$ 8,000<\/li>\n<\/ul>\n<\/li>\n\n\n\n<li><strong>Information Security Analyst (SAP Security) Full\/Senior<\/strong>\n<ul class=\"wp-block-list\">\n<li><strong>Average Salary<\/strong>: R$ 9,000 to R$ 13,000<\/li>\n<\/ul>\n<\/li>\n\n\n\n<li><strong>Information Technology Analyst (Focus on ALM) Full-time<\/strong>\n<ul class=\"wp-block-list\">\n<li><strong>Average Salary<\/strong>: R$ 7,000 to R$ 10,000<\/li>\n<\/ul>\n<\/li>\n\n\n\n<li><strong>Senior Information Technology Analyst (Focus on Manufacturing Processes)<\/strong>\n<ul class=\"wp-block-list\">\n<li><strong>Average Salary<\/strong>: R$ 8,000 to R$ 12,000<\/li>\n<\/ul>\n<\/li>\n\n\n\n<li><strong>Procurement Contract Manager (Strategic Buyer \u2013 DIRECT Purchasing)<\/strong>\n<ul class=\"wp-block-list\">\n<li><strong>Average Salary<\/strong>: R$ 7,000 to R$ 10,000<\/li>\n<\/ul>\n<\/li>\n\n\n\n<li><strong>Procurement Contract Manager (Strategic Buyer \u2013 INDIRECT Purchasing)<\/strong>\n<ul class=\"wp-block-list\">\n<li><strong>Average Salary<\/strong>: R$ 7,000 to R$ 10,000<\/li>\n<\/ul>\n<\/li>\n<\/ul>\n\n\n\n<p>These positions cover areas such as compliance, data, business, planning, human resources, information security, information technology and supplies, offering a wide range of opportunities for professionals with different profiles.<\/p>\n\n\n\n<h2 class=\"wp-block-heading\"><strong>Benefits of Working at <\/strong>Embraer<\/h2>\n\n\n\n<p>Embraer values its employees and offers a competitive benefits package, including:<\/p>\n\n\n\n<ul class=\"wp-block-list\">\n<li><strong>Health and dental plan<\/strong><\/li>\n\n\n\n<li><strong>Private pension<\/strong><\/li>\n\n\n\n<li><strong>Meal voucher and transport voucher<\/strong><\/li>\n\n\n\n<li><strong>Profit and Results Sharing Program (PLR)<\/strong><\/li>\n\n\n\n<li><strong>Discounts on products and services<\/strong><\/li>\n\n\n\n<li><strong>Collaborative and innovative work environment<\/strong><\/li>\n\n\n\n<li><strong>Professional development opportunities and training programs<\/strong><\/li>\n<\/ul>\n\n\n\n<h2 class=\"wp-block-heading\"><strong>Why Work at Embraer?<\/strong><\/h2>\n\n\n\n<p>At Embraer, focusing on all stages of professional life and different career moments, we offer <strong>educational programs and special projects<\/strong> that cover everything from young talent to support in the post-career process. They have frequent opportunities to <strong>cultural integration on a global scale<\/strong> and <strong>personal development<\/strong>for career development.<\/p>\n\n\n\n<p>Your focus is on <strong>partnership, in the development of people<\/strong> and the possibility of teaching in different areas, according to your interests. A company that values the growth of its employees and offers a challenging and dynamic environment.<\/p>\n\n\n\n<h2 class=\"wp-block-heading\"><strong>How to Apply<\/strong><\/h2>\n\n\n\n<p>The Embraer application process is simple and effective. Follow the steps below to apply for a job:<\/p>\n\n\n\n<ol class=\"wp-block-list\">\n<li><strong>Visit the careers site<\/strong>: Visit the <a href=\"https:\/\/eadmais.online\/en\/estamos-te-redirecionando\/?destino=https:\/\/embraer.com\/br\/pt\/junte-se-a-nos\"><strong>Embraer careers page<\/strong><\/a> and select <strong><a href=\"https:\/\/eadmais.online\/en\/estamos-te-redirecionando\/?destino=https:\/\/embraer.gupy.io\/\">\u201cvacancies Brazil\u201d<\/a><\/strong>.<\/li>\n\n\n\n<li><strong>Explore available vacancies<\/strong>: Browse through the listed opportunities and choose the one that best suits your profile.<\/li>\n\n\n\n<li><strong>Click on the desired vacancy<\/strong>: Select the position of interest to view details.<\/li>\n\n\n\n<li><strong>Click on \u201capply\u201d<\/strong>: Start the application process.<\/li>\n\n\n\n<li><strong>Fill out the registration form<\/strong>: Complete the requested information, including personal data, professional experience and academic background.<\/li>\n\n\n\n<li><strong>Send your resume<\/strong>: Attach your updated CV and complete your application.<\/li>\n<\/ol>\n\n\n\n<p><strong>Click on the links below and see the vacancies available in our units in Brazil and around the world.<\/strong>. Don&#039;t miss this chance to boost your career at one of the largest aviation companies in the world!<\/p>\n\n\n\n<div class=\"wp-block-buttons is-content-justification-center is-layout-flex wp-container-core-buttons-is-layout-a89b3969 wp-block-buttons-is-layout-flex\">\n<div class=\"wp-block-button has-custom-font-size has-big-font-size\"><a class=\"wp-block-button__link has-text-align-center wp-element-button\" href=\"https:\/\/eadmais.online\/en\/estamos-te-redirecionando\/?destino=https:\/\/embraer.gupy.io\/\"><strong>Click here to apply<\/strong><\/a><\/div>\n<\/div>\n\n\n\n<p><\/p>","protected":false},"excerpt":{"rendered":"<p>Discover the vacancies available at Correios and how to apply! Life-changing opportunities are just a click away. Don&#039;t miss out!<\/p>","protected":false},"author":4,"featured_media":25923,"parent":0,"menu_order":0,"comment_status":"closed","ping_status":"closed","template":"","meta":{"_uag_custom_page_level_css":"","footnotes":""},"class_list":["post-25920","page","type-page","status-publish","has-post-thumbnail","hentry"],"uagb_featured_image_src":{"full":["https:\/\/eadmais.online\/wp-content\/uploads\/2025\/01\/Design-sem-nome-10.png",3375,3375,false],"thumbnail":["https:\/\/eadmais.online\/wp-content\/uploads\/2025\/01\/Design-sem-nome-10-150x150.png",150,150,true],"medium":["https:\/\/eadmais.online\/wp-content\/uploads\/2025\/01\/Design-sem-nome-10-300x300.png",300,300,true],"medium_large":["https:\/\/eadmais.online\/wp-content\/uploads\/2025\/01\/Design-sem-nome-10-768x768.png",768,768,true],"large":["https:\/\/eadmais.online\/wp-content\/uploads\/2025\/01\/Design-sem-nome-10-1024x1024.png",1024,1024,true],"1536x1536":["https:\/\/eadmais.online\/wp-content\/uploads\/2025\/01\/Design-sem-nome-10-1536x1536.png",1536,1536,true],"2048x2048":["https:\/\/eadmais.online\/wp-content\/uploads\/2025\/01\/Design-sem-nome-10-2048x2048.png",2048,2048,true],"trp-custom-language-flag":["https:\/\/eadmais.online\/wp-content\/uploads\/2025\/01\/Design-sem-nome-10-12x12.png",12,12,true]},"uagb_author_info":{"display_name":"Isabela Josiaqui","author_link":"https:\/\/eadmais.online\/en\/author\/isabelajosiaqui\/"},"uagb_comment_info":0,"uagb_excerpt":"Descubra as vagas dispon\u00edveis nos Correios e como se candidatar! Oportunidades que podem mudar sua vida est\u00e3o a um clique de dist\u00e2ncia. N\u00e3o fique de fora!","_links":{"self":[{"href":"https:\/\/eadmais.online\/en\/wp-json\/wp\/v2\/pages\/25920","targetHints":{"allow":["GET"]}}],"collection":[{"href":"https:\/\/eadmais.online\/en\/wp-json\/wp\/v2\/pages"}],"about":[{"href":"https:\/\/eadmais.online\/en\/wp-json\/wp\/v2\/types\/page"}],"author":[{"embeddable":true,"href":"https:\/\/eadmais.online\/en\/wp-json\/wp\/v2\/users\/4"}],"replies":[{"embeddable":true,"href":"https:\/\/eadmais.online\/en\/wp-json\/wp\/v2\/comments?post=25920"}],"version-history":[{"count":1,"href":"https:\/\/eadmais.online\/en\/wp-json\/wp\/v2\/pages\/25920\/revisions"}],"predecessor-version":[{"id":25924,"href":"https:\/\/eadmais.online\/en\/wp-json\/wp\/v2\/pages\/25920\/revisions\/25924"}],"wp:featuredmedia":[{"embeddable":true,"href":"https:\/\/eadmais.online\/en\/wp-json\/wp\/v2\/media\/25923"}],"wp:attachment":[{"href":"https:\/\/eadmais.online\/en\/wp-json\/wp\/v2\/media?parent=25920"}],"curies":[{"name":"wp","href":"https:\/\/api.w.org\/{rel}","templated":true}]}}