{"id":25926,"date":"2025-01-14T14:16:45","date_gmt":"2025-01-14T14:16:45","guid":{"rendered":"https:\/\/eadmais.online\/?page_id=25926"},"modified":"2025-01-21T14:57:15","modified_gmt":"2025-01-21T14:57:15","slug":"vagas-abertas-grupo-muffato-no-parana","status":"publish","type":"page","link":"https:\/\/eadmais.online\/en\/vagas-abertas-grupo-muffato-no-parana\/","title":{"rendered":"Open vacancies at Grupo Muffato in Paran\u00e1: Opportunities in one of the largest supermarket chains."},"content":{"rendered":"<div class='code-block code-block-2' style='margin: 8px auto; text-align: center; display: block; clear: both;'>\n<div style=\"position: sticky; top: 15px;\">\n<div class=\"code-block-label\">Advertisements<\/div>\n<script>\n   window.googletag = window.googletag || {cmd: []};\n   googletag.cmd.push(function() {\n     googletag.defineSlot(\"\/22883653243\/eadmais.online\/eadmais.online_mw_content2_02032023\", [[250, 250], [336, 280], [300, 250]], \"div-gpt-ad-1606164528122-0\").addService(googletag.pubads());\n         googletag.pubads().enableLazyLoad({\n                    fetchMarginPercent: 20,\n                    renderMarginPercent: 10,\n                    mobileScaling: 2.0\n                });\n     googletag.enableServices();\n   });\n<\/script>\n<div id=\"div-gpt-ad-1606164528122-0\">\n   <script>\n      googletag.cmd.push(function() { googletag.display(\"div-gpt-ad-1606164528122-0\"); });\n   <\/script>\n<\/div><\/div>\n<div style=\" height: 150px;\"><\/div>\n<\/div>\n\n\n\n\n<p>THE <strong><a href=\"https:\/\/eadmais.online\/en\/estamos-te-redirecionando\/?destino=https:\/\/www.grupomuffato.com.br\/\">Muffato Group<\/a><\/strong> is one of the main supermarket chains in Brazil, with a strong presence in the state of <strong>Paran\u00e1<\/strong>. With almost 50 years of experience and more than 19 thousand employees, the company is recognized as the sixth largest in the national ranking of the segment, according to <strong>Brazilian Supermarket Association (Abras)<\/strong>. In addition, the Muffato Group operates with expertise in several areas such as wholesale retail, distribution centers, food industry, communication channels and gas stations.<\/p>\n\n\n\n<div class=\"wp-block-uagb-container uagb-block-6c65bf81 alignfull uagb-is-root-container\"><div class=\"uagb-container-inner-blocks-wrap\">\n<div class=\"wp-block-uagb-container uagb-block-1ecf27cc\">\n<figure class=\"wp-block-image size-large\"><a href=\"https:\/\/eadmais.online\/en\/vagas-abertas-no-carrefour\/\"><img loading=\"lazy\" decoding=\"async\" width=\"1024\" height=\"1024\" src=\"https:\/\/eadmais.online\/wp-content\/uploads\/2025\/01\/Design-sem-nome-8-1024x1024.png\" alt=\"\" class=\"wp-image-25912\" srcset=\"https:\/\/eadmais.online\/wp-content\/uploads\/2025\/01\/Design-sem-nome-8-1024x1024.png 1024w, https:\/\/eadmais.online\/wp-content\/uploads\/2025\/01\/Design-sem-nome-8-300x300.png 300w, https:\/\/eadmais.online\/wp-content\/uploads\/2025\/01\/Design-sem-nome-8-150x150.png 150w, https:\/\/eadmais.online\/wp-content\/uploads\/2025\/01\/Design-sem-nome-8-768x768.png 768w, https:\/\/eadmais.online\/wp-content\/uploads\/2025\/01\/Design-sem-nome-8-1536x1536.png 1536w, https:\/\/eadmais.online\/wp-content\/uploads\/2025\/01\/Design-sem-nome-8-2048x2048.png 2048w, https:\/\/eadmais.online\/wp-content\/uploads\/2025\/01\/Design-sem-nome-8-12x12.png 12w\" sizes=\"auto, (max-width: 1024px) 100vw, 1024px\" \/><\/a><\/figure>\n\n\n\n<h4 class=\"wp-block-heading has-text-align-center\"><strong>Vacancies at Carrefour<\/strong><\/h4>\n\n\n\n<div class=\"wp-block-buttons is-content-justification-center is-layout-flex wp-container-core-buttons-is-layout-a89b3969 wp-block-buttons-is-layout-flex\">\n<div class=\"wp-block-button\"><a class=\"wp-block-button__link has-text-align-center wp-element-button\" href=\"https:\/\/eadmais.online\/en\/vagas-abertas-no-carrefour\/\"><strong>I want to apply!<\/strong><\/a><\/div>\n<\/div>\n<\/div>\n\n\n\n<div class=\"wp-block-uagb-container uagb-block-0f803a83\">\n<div class=\"wp-block-columns is-layout-flex wp-container-core-columns-is-layout-28f84493 wp-block-columns-is-layout-flex\">\n<div class=\"wp-block-column is-layout-flow wp-block-column-is-layout-flow\" style=\"flex-basis:100%\">\n<figure class=\"wp-block-image size-large\"><a href=\"https:\/\/eadmais.online\/en\/vagas-abertas-na-embraer\/\"><img loading=\"lazy\" decoding=\"async\" width=\"1024\" height=\"1024\" src=\"https:\/\/eadmais.online\/wp-content\/uploads\/2025\/01\/Design-sem-nome-10-1024x1024.png\" alt=\"\" class=\"wp-image-25923\" srcset=\"https:\/\/eadmais.online\/wp-content\/uploads\/2025\/01\/Design-sem-nome-10-1024x1024.png 1024w, https:\/\/eadmais.online\/wp-content\/uploads\/2025\/01\/Design-sem-nome-10-300x300.png 300w, https:\/\/eadmais.online\/wp-content\/uploads\/2025\/01\/Design-sem-nome-10-150x150.png 150w, https:\/\/eadmais.online\/wp-content\/uploads\/2025\/01\/Design-sem-nome-10-768x768.png 768w, https:\/\/eadmais.online\/wp-content\/uploads\/2025\/01\/Design-sem-nome-10-1536x1536.png 1536w, https:\/\/eadmais.online\/wp-content\/uploads\/2025\/01\/Design-sem-nome-10-2048x2048.png 2048w, https:\/\/eadmais.online\/wp-content\/uploads\/2025\/01\/Design-sem-nome-10-12x12.png 12w\" sizes=\"auto, (max-width: 1024px) 100vw, 1024px\" \/><\/a><\/figure>\n<\/div>\n<\/div>\n\n\n\n<h4 class=\"wp-block-heading has-text-align-center\"><strong>Vacancies at<\/strong> <strong>Embraer<\/strong><\/h4>\n\n\n\n<div class=\"wp-block-buttons is-content-justification-center is-layout-flex wp-container-core-buttons-is-layout-a89b3969 wp-block-buttons-is-layout-flex\">\n<div class=\"wp-block-button\"><a class=\"wp-block-button__link wp-element-button\" href=\"https:\/\/eadmais.online\/en\/vagas-abertas-na-embraer\/\"><strong>I want to apply!<\/strong><\/a><\/div>\n<\/div>\n<\/div>\n\n\n\n<div class=\"wp-block-uagb-container uagb-block-23203048\">\n<figure class=\"wp-block-image size-large\"><a href=\"https:\/\/eadmais.online\/en\/vagas-abertas-na-brf\/\"><img loading=\"lazy\" decoding=\"async\" width=\"1024\" height=\"1024\" src=\"https:\/\/eadmais.online\/wp-content\/uploads\/2025\/01\/Design-sem-nome-9-1024x1024.png\" alt=\"\" class=\"wp-image-25916\" srcset=\"https:\/\/eadmais.online\/wp-content\/uploads\/2025\/01\/Design-sem-nome-9-1024x1024.png 1024w, https:\/\/eadmais.online\/wp-content\/uploads\/2025\/01\/Design-sem-nome-9-300x300.png 300w, https:\/\/eadmais.online\/wp-content\/uploads\/2025\/01\/Design-sem-nome-9-150x150.png 150w, https:\/\/eadmais.online\/wp-content\/uploads\/2025\/01\/Design-sem-nome-9-768x768.png 768w, https:\/\/eadmais.online\/wp-content\/uploads\/2025\/01\/Design-sem-nome-9-1536x1536.png 1536w, https:\/\/eadmais.online\/wp-content\/uploads\/2025\/01\/Design-sem-nome-9-2048x2048.png 2048w, https:\/\/eadmais.online\/wp-content\/uploads\/2025\/01\/Design-sem-nome-9-12x12.png 12w\" sizes=\"auto, (max-width: 1024px) 100vw, 1024px\" \/><\/a><\/figure>\n\n\n\n<h4 class=\"wp-block-heading has-text-align-center\"><strong>Vacancies at BRF<\/strong><\/h4>\n\n\n\n<div class=\"wp-block-buttons is-content-justification-center is-layout-flex wp-container-core-buttons-is-layout-a89b3969 wp-block-buttons-is-layout-flex\">\n<div class=\"wp-block-button\"><a class=\"wp-block-button__link wp-element-button\" href=\"https:\/\/eadmais.online\/en\/vagas-abertas-na-brf\/\"><strong>I want to apply<\/strong><\/a><\/div>\n<\/div>\n<\/div>\n<\/div><\/div>\n\n\n\n<h2 class=\"wp-block-heading\">Vacancies available in Paran\u00e1<\/h2>\n\n\n\n<p>The state of Paran\u00e1 has several Muffato Group units, providing several job opportunities in different cities. Check out the open positions and the average salary:<\/p>\n\n\n\n<figure class=\"wp-block-table\"><table class=\"has-fixed-layout\"><tbody><tr><td><strong>City<\/strong><\/td><td><strong>Position<\/strong><\/td><td><strong>Average Salary<\/strong><\/td><\/tr><tr><td>Londrina<\/td><td>Butcher<\/td><td>R$ 3,240\/month<\/td><\/tr><tr><td>Arapongas<\/td><td>Butcher<\/td><td>R$ 3,240\/month<\/td><\/tr><tr><td>Cascavel, Iguazu Falls, Cambe<\/td><td>Assistant Butcher<\/td><td>R$ 1,728\/month<\/td><\/tr><tr><td>Various locations (Londrina, Arapongas, Cascavel, Foz do Igua\u00e7u, Camb\u00e9)<\/td><td>Repositor<\/td><td>R$ 1,834\/month<\/td><\/tr><tr><td>Various locations (Londrina, Arapongas, Cascavel, Foz do Igua\u00e7u, Camb\u00e9)<\/td><td>Cashier<\/td><td>R$ 1,881\/month<\/td><\/tr><tr><td>Various locations (Londrina, Arapongas, Cascavel, Foz do Igua\u00e7u, Camb\u00e9)<\/td><td>Cleaning Assistant<\/td><td>R$ 1,530\/month<\/td><\/tr><\/tbody><\/table><\/figure>\n\n\n\n<h2 class=\"wp-block-heading\"><strong>Benefits offered<\/strong><\/h2>\n\n\n\n<ul class=\"wp-block-list\">\n<li>Family Health Care<\/li>\n\n\n\n<li>Dental Care<\/li>\n\n\n\n<li>Telemedicine and Telepsychology<\/li>\n\n\n\n<li>Professional Coaching<\/li>\n\n\n\n<li>Company Meal<\/li>\n\n\n\n<li>Meal Voucher<\/li>\n\n\n\n<li>Discounts at Partner Companies<\/li>\n\n\n\n<li>Corporate University<\/li>\n<\/ul>\n\n\n\n<h2 class=\"wp-block-heading\"><strong>Why work at Muffato?<\/strong><\/h2>\n\n\n\n<p>THE <strong><a href=\"https:\/\/eadmais.online\/en\/estamos-te-redirecionando\/?destino=https:\/\/www.grupomuffato.com.br\/\">Muffato Group<\/a><\/strong> offers a number of reasons to be the ideal choice for those seeking professional growth and a solid career. The company is one of the leaders in the retail sector and stands out for the way it invests in the development of its employees.<\/p>\n\n\n\n<p>A company that invests heavily in its employees through initiatives such as <strong>Corporate University<\/strong>, which offers periodic training on different platforms to facilitate learning and development. This allows employees to always be up to date and prepared to face market challenges.<\/p>\n\n\n\n<p>Another positive point is the diversity of segments in which the company operates. With units in <strong>retail<\/strong>, <strong>wholesale<\/strong>, <strong>industry<\/strong>, <strong>gas stations<\/strong> and <strong>distribution centers<\/strong>, you have the opportunity to choose where you best fit, according to your preferences and skills.<\/p>\n\n\n\n<p>Therefore, if you are looking for a company that values your professional growth and offers several development opportunities, <strong>Muffato Group<\/strong> is the right place for you!<\/p>\n\n\n\n<h2 class=\"wp-block-heading\"><strong>How to apply <\/strong><\/h2>\n\n\n\n<p>To apply for vacancies in Paran\u00e1, access the <a href=\"https:\/\/eadmais.online\/en\/estamos-te-redirecionando\/?destino=https:\/\/grupomuffatovagas.gupy.io\/\"><strong>Muffato Group career portal<\/strong><\/a> and apply for the vacancy that interests you.<\/p>\n\n\n\n<div class=\"wp-block-buttons is-content-justification-center is-layout-flex wp-container-core-buttons-is-layout-a89b3969 wp-block-buttons-is-layout-flex\">\n<div class=\"wp-block-button has-custom-font-size has-big-font-size\"><a class=\"wp-block-button__link has-text-align-center wp-element-button\" href=\"https:\/\/eadmais.online\/en\/estamos-te-redirecionando\/?destino=https:\/\/grupomuffatovagas.gupy.io\/\"><strong>Click here to apply<\/strong><\/a><\/div>\n<\/div>\n\n\n\n<p><\/p>","protected":false},"excerpt":{"rendered":"<p>Discover the vacancies available at Correios and how to apply! Life-changing opportunities are just a click away. Don&#039;t miss out!<\/p>","protected":false},"author":4,"featured_media":26026,"parent":0,"menu_order":0,"comment_status":"closed","ping_status":"closed","template":"","meta":{"_uag_custom_page_level_css":"","footnotes":""},"class_list":["post-25926","page","type-page","status-publish","has-post-thumbnail","hentry"],"uagb_featured_image_src":{"full":["https:\/\/eadmais.online\/wp-content\/uploads\/2025\/01\/Empresas-contratam.zip-12.png",3375,3375,false],"thumbnail":["https:\/\/eadmais.online\/wp-content\/uploads\/2025\/01\/Empresas-contratam.zip-12-150x150.png",150,150,true],"medium":["https:\/\/eadmais.online\/wp-content\/uploads\/2025\/01\/Empresas-contratam.zip-12-300x300.png",300,300,true],"medium_large":["https:\/\/eadmais.online\/wp-content\/uploads\/2025\/01\/Empresas-contratam.zip-12-768x768.png",768,768,true],"large":["https:\/\/eadmais.online\/wp-content\/uploads\/2025\/01\/Empresas-contratam.zip-12-1024x1024.png",1024,1024,true],"1536x1536":["https:\/\/eadmais.online\/wp-content\/uploads\/2025\/01\/Empresas-contratam.zip-12-1536x1536.png",1536,1536,true],"2048x2048":["https:\/\/eadmais.online\/wp-content\/uploads\/2025\/01\/Empresas-contratam.zip-12-2048x2048.png",2048,2048,true],"trp-custom-language-flag":["https:\/\/eadmais.online\/wp-content\/uploads\/2025\/01\/Empresas-contratam.zip-12-12x12.png",12,12,true]},"uagb_author_info":{"display_name":"Isabela Josiaqui","author_link":"https:\/\/eadmais.online\/en\/author\/isabelajosiaqui\/"},"uagb_comment_info":0,"uagb_excerpt":"Descubra as vagas dispon\u00edveis nos Correios e como se candidatar! Oportunidades que podem mudar sua vida est\u00e3o a um clique de dist\u00e2ncia. N\u00e3o fique de fora!","_links":{"self":[{"href":"https:\/\/eadmais.online\/en\/wp-json\/wp\/v2\/pages\/25926","targetHints":{"allow":["GET"]}}],"collection":[{"href":"https:\/\/eadmais.online\/en\/wp-json\/wp\/v2\/pages"}],"about":[{"href":"https:\/\/eadmais.online\/en\/wp-json\/wp\/v2\/types\/page"}],"author":[{"embeddable":true,"href":"https:\/\/eadmais.online\/en\/wp-json\/wp\/v2\/users\/4"}],"replies":[{"embeddable":true,"href":"https:\/\/eadmais.online\/en\/wp-json\/wp\/v2\/comments?post=25926"}],"version-history":[{"count":3,"href":"https:\/\/eadmais.online\/en\/wp-json\/wp\/v2\/pages\/25926\/revisions"}],"predecessor-version":[{"id":25939,"href":"https:\/\/eadmais.online\/en\/wp-json\/wp\/v2\/pages\/25926\/revisions\/25939"}],"wp:featuredmedia":[{"embeddable":true,"href":"https:\/\/eadmais.online\/en\/wp-json\/wp\/v2\/media\/26026"}],"wp:attachment":[{"href":"https:\/\/eadmais.online\/en\/wp-json\/wp\/v2\/media?parent=25926"}],"curies":[{"name":"wp","href":"https:\/\/api.w.org\/{rel}","templated":true}]}}