{"id":25945,"date":"2025-01-14T14:16:45","date_gmt":"2025-01-14T14:16:45","guid":{"rendered":"https:\/\/eadmais.online\/?page_id=25945"},"modified":"2025-01-20T14:33:19","modified_gmt":"2025-01-20T14:33:19","slug":"vagas-abertas-no-tauste-supermercados","status":"publish","type":"page","link":"https:\/\/eadmais.online\/en\/vagas-abertas-no-tauste-supermercados\/","title":{"rendered":"Open vacancies at Tauste Supermercados: Great career opportunities! Apply now."},"content":{"rendered":"<div class='code-block code-block-2' style='margin: 8px auto; text-align: center; display: block; clear: both;'>\n<div style=\"position: sticky; top: 15px;\">\n<div class=\"code-block-label\">Advertisements<\/div>\n<script>\n   window.googletag = window.googletag || {cmd: []};\n   googletag.cmd.push(function() {\n     googletag.defineSlot(\"\/22883653243\/eadmais.online\/eadmais.online_mw_content2_02032023\", [[250, 250], [336, 280], [300, 250]], \"div-gpt-ad-1606164528122-0\").addService(googletag.pubads());\n         googletag.pubads().enableLazyLoad({\n                    fetchMarginPercent: 20,\n                    renderMarginPercent: 10,\n                    mobileScaling: 2.0\n                });\n     googletag.enableServices();\n   });\n<\/script>\n<div id=\"div-gpt-ad-1606164528122-0\">\n   <script>\n      googletag.cmd.push(function() { googletag.display(\"div-gpt-ad-1606164528122-0\"); });\n   <\/script>\n<\/div><\/div>\n<div style=\" height: 150px;\"><\/div>\n<\/div>\n\n\n\n\n<p>THE <strong><a href=\"https:\/\/institucional.tauste.com.br\/\" target=\"_blank\" rel=\"noopener\">Tauste Supermarkets<\/a><\/strong> is a chain with over 30 years of tradition, founded in 1991 in the interior of S\u00e3o Paulo. A solid company in the retail sector, recognized for its excellence in services and high-quality products.<\/p>\n\n\n\n<p>With a trajectory of constant growth, it is present in several cities in the state of S\u00e3o Paulo, including <strong>Marilia<\/strong>, <strong>Bauru<\/strong>, <strong>Sorocaba<\/strong>, <strong>Jundiai<\/strong>, <strong>Saint Joseph of the Fields<\/strong> and <strong>Campinas<\/strong>. Currently, the chain has 10 stores in these locations and is further expanding its presence in the interior of S\u00e3o Paulo.<\/p>\n\n\n\n<p>Founded with the purpose of offering a differentiated shopping experience, the company stands out for its innovation, commitment to the customer and a work environment that values its employees. <\/p>\n\n\n\n<p>To achieve this, it has more than 5,000 highly qualified employees committed to customer satisfaction. Investing in technology, training and personal development, providing career opportunities in various areas.<\/p>\n\n\n\n<div class=\"wp-block-uagb-container uagb-block-6c65bf81 alignfull uagb-is-root-container\"><div class=\"uagb-container-inner-blocks-wrap\">\n<div class=\"wp-block-uagb-container uagb-block-1ecf27cc\">\n<figure class=\"wp-block-image size-large\"><a href=\"https:\/\/eadmais.online\/en\/vagas-abertas-grupo-muffato-no-parana\/\"><img loading=\"lazy\" decoding=\"async\" width=\"1024\" height=\"1024\" src=\"https:\/\/eadmais.online\/wp-content\/uploads\/2025\/01\/Design-sem-nome-12-1024x1024.png\" alt=\"\" class=\"wp-image-25938\" srcset=\"https:\/\/eadmais.online\/wp-content\/uploads\/2025\/01\/Design-sem-nome-12-1024x1024.png 1024w, https:\/\/eadmais.online\/wp-content\/uploads\/2025\/01\/Design-sem-nome-12-300x300.png 300w, https:\/\/eadmais.online\/wp-content\/uploads\/2025\/01\/Design-sem-nome-12-150x150.png 150w, https:\/\/eadmais.online\/wp-content\/uploads\/2025\/01\/Design-sem-nome-12-768x768.png 768w, https:\/\/eadmais.online\/wp-content\/uploads\/2025\/01\/Design-sem-nome-12-1536x1536.png 1536w, https:\/\/eadmais.online\/wp-content\/uploads\/2025\/01\/Design-sem-nome-12-2048x2048.png 2048w, https:\/\/eadmais.online\/wp-content\/uploads\/2025\/01\/Design-sem-nome-12-12x12.png 12w\" sizes=\"auto, (max-width: 1024px) 100vw, 1024px\" \/><\/a><\/figure>\n\n\n\n<h4 class=\"wp-block-heading has-text-align-center\"><strong>Vacancies at Muffato Group<\/strong><\/h4>\n\n\n\n<div class=\"wp-block-buttons is-content-justification-center is-layout-flex wp-container-core-buttons-is-layout-a89b3969 wp-block-buttons-is-layout-flex\">\n<div class=\"wp-block-button\"><a class=\"wp-block-button__link has-text-align-center wp-element-button\"><strong>I want to apply!<\/strong><\/a><\/div>\n<\/div>\n<\/div>\n\n\n\n<div class=\"wp-block-uagb-container uagb-block-0f803a83\">\n<div class=\"wp-block-columns is-layout-flex wp-container-core-columns-is-layout-28f84493 wp-block-columns-is-layout-flex\">\n<div class=\"wp-block-column is-layout-flow wp-block-column-is-layout-flow\" style=\"flex-basis:100%\">\n<figure class=\"wp-block-image size-large\"><a href=\"https:\/\/eadmais.online\/en\/vagas-abertas-na-embraer\/\"><img loading=\"lazy\" decoding=\"async\" width=\"1024\" height=\"1024\" src=\"https:\/\/eadmais.online\/wp-content\/uploads\/2025\/01\/Design-sem-nome-10-1024x1024.png\" alt=\"\" class=\"wp-image-25923\" srcset=\"https:\/\/eadmais.online\/wp-content\/uploads\/2025\/01\/Design-sem-nome-10-1024x1024.png 1024w, https:\/\/eadmais.online\/wp-content\/uploads\/2025\/01\/Design-sem-nome-10-300x300.png 300w, https:\/\/eadmais.online\/wp-content\/uploads\/2025\/01\/Design-sem-nome-10-150x150.png 150w, https:\/\/eadmais.online\/wp-content\/uploads\/2025\/01\/Design-sem-nome-10-768x768.png 768w, https:\/\/eadmais.online\/wp-content\/uploads\/2025\/01\/Design-sem-nome-10-1536x1536.png 1536w, https:\/\/eadmais.online\/wp-content\/uploads\/2025\/01\/Design-sem-nome-10-2048x2048.png 2048w, https:\/\/eadmais.online\/wp-content\/uploads\/2025\/01\/Design-sem-nome-10-12x12.png 12w\" sizes=\"auto, (max-width: 1024px) 100vw, 1024px\" \/><\/a><\/figure>\n<\/div>\n<\/div>\n\n\n\n<h4 class=\"wp-block-heading has-text-align-center\"><strong>Vacancies at<\/strong> <strong>Embraer<\/strong><\/h4>\n\n\n\n<div class=\"wp-block-buttons is-content-justification-center is-layout-flex wp-container-core-buttons-is-layout-a89b3969 wp-block-buttons-is-layout-flex\">\n<div class=\"wp-block-button\"><a class=\"wp-block-button__link wp-element-button\" href=\"https:\/\/eadmais.online\/en\/vagas-abertas-na-embraer\/\"><strong>I want to apply!<\/strong><\/a><\/div>\n<\/div>\n<\/div>\n\n\n\n<div class=\"wp-block-uagb-container uagb-block-23203048\">\n<figure class=\"wp-block-image size-large\"><a href=\"https:\/\/eadmais.online\/en\/vagas-abertas-na-brf\/\"><img loading=\"lazy\" decoding=\"async\" width=\"1024\" height=\"1024\" src=\"https:\/\/eadmais.online\/wp-content\/uploads\/2025\/01\/Design-sem-nome-9-1024x1024.png\" alt=\"\" class=\"wp-image-25916\" srcset=\"https:\/\/eadmais.online\/wp-content\/uploads\/2025\/01\/Design-sem-nome-9-1024x1024.png 1024w, https:\/\/eadmais.online\/wp-content\/uploads\/2025\/01\/Design-sem-nome-9-300x300.png 300w, https:\/\/eadmais.online\/wp-content\/uploads\/2025\/01\/Design-sem-nome-9-150x150.png 150w, https:\/\/eadmais.online\/wp-content\/uploads\/2025\/01\/Design-sem-nome-9-768x768.png 768w, https:\/\/eadmais.online\/wp-content\/uploads\/2025\/01\/Design-sem-nome-9-1536x1536.png 1536w, https:\/\/eadmais.online\/wp-content\/uploads\/2025\/01\/Design-sem-nome-9-2048x2048.png 2048w, https:\/\/eadmais.online\/wp-content\/uploads\/2025\/01\/Design-sem-nome-9-12x12.png 12w\" sizes=\"auto, (max-width: 1024px) 100vw, 1024px\" \/><\/a><\/figure>\n\n\n\n<h4 class=\"wp-block-heading has-text-align-center\"><strong>Vacancies at BRF<\/strong><\/h4>\n\n\n\n<div class=\"wp-block-buttons is-content-justification-center is-layout-flex wp-container-core-buttons-is-layout-a89b3969 wp-block-buttons-is-layout-flex\">\n<div class=\"wp-block-button\"><a class=\"wp-block-button__link wp-element-button\" href=\"https:\/\/eadmais.online\/en\/vagas-abertas-na-brf\/\"><strong>I want to apply<\/strong><\/a><\/div>\n<\/div>\n<\/div>\n<\/div><\/div>\n\n\n\n<h2 class=\"wp-block-heading\">Vacancies available at Tauste Supermercados<\/h2>\n\n\n\n<p>THE <strong><a href=\"https:\/\/institucional.tauste.com.br\/\" target=\"_blank\" rel=\"noopener\">Tauste Supermarkets<\/a> <\/strong>has several job opportunities in several cities in S\u00e3o Paulo. Below, we present the vacancies, the corresponding cities and the estimated average salary for each position.<\/p>\n\n\n\n<figure class=\"wp-block-table\"><table class=\"has-fixed-layout\"><tbody><tr><td><strong>Vacancy<\/strong><\/td><td><strong>Cities<\/strong><\/td><td><strong>Estimated Average Salary<\/strong><\/td><\/tr><tr><td>Butcher<\/td><td>Bauru, Jundiai, Marilia, Campinas, Sorocaba<\/td><td>R$ 2,057\/month<\/td><\/tr><tr><td>Warehouseman<\/td><td>Sorocaba, Bauru, Jundiai,<\/td><td>R$ 2,100\/month<\/td><\/tr><tr><td>Bakery Assistant<\/td><td>Campinas, Bauru, Jundiai, Sorocaba, Marilia<\/td><td>R$ 1,938\/month<\/td><\/tr><tr><td>Packer<\/td><td>Sorocaba, Jundiai, Bauru, Marilia, Campinas<\/td><td>R$ 1,500\/month<\/td><\/tr><tr><td>Assistant Pizza Maker<\/td><td>Sorocaba, Bauru, Jundiai<\/td><td>R$ 1,900\/month<\/td><\/tr><tr><td>Administrative Assistant<\/td><td>Marilia, Sao Paulo<\/td><td>R$ 2,000\/month<\/td><\/tr><tr><td>Accounting Assistant<\/td><td>Marilia<\/td><td>R$ 2,200\/month<\/td><\/tr><tr><td>HR Assistant<\/td><td>Marilia<\/td><td>R$ 2,000\/month<\/td><\/tr><tr><td>Invoice Checker<\/td><td>Sorocaba<\/td><td>R$ 2,200\/month<\/td><\/tr><tr><td>Store Manager<\/td><td>Sorocaba, Bauru, Jundiai, Marilia, Campinas<\/td><td>R$ 4,500\/month<\/td><\/tr><\/tbody><\/table><\/figure>\n\n\n\n<h2 class=\"wp-block-heading\"><strong>Benefits offered<\/strong><\/h2>\n\n\n\n<p>Tauste Supermercados offers its employees a series of benefits to promote well-being and professional development, including:<\/p>\n\n\n\n<ul class=\"wp-block-list\">\n<li><strong>Transportation Voucher<\/strong><\/li>\n\n\n\n<li><strong>Food Voucher<\/strong>: Card for use in all Tauste stores.<\/li>\n\n\n\n<li><strong>Education Aid<\/strong>: Subsidies for higher and technical courses.<\/li>\n\n\n\n<li><strong>Health Insurance<\/strong>: For employees and dependents.<\/li>\n\n\n\n<li><strong>Pharmacy Agreement<\/strong>: Agreement for purchasing medicines.<\/li>\n\n\n\n<li><strong>PPR<\/strong>: Profit Sharing Program.<\/li>\n\n\n\n<li><strong>Partnerships<\/strong>: Discounts at partner companies.<\/li>\n<\/ul>\n\n\n\n<h2 class=\"wp-block-heading\"><strong>Why work at Tauste Supermercados?<\/strong><\/h2>\n\n\n\n<p>They see that the company&#039;s success is directly linked to the well-being and development of its employees. Therefore, in addition to traditional benefits, they offer the possibility of professional development through training, subsidies for higher education and technical courses, as well as opportunities for career growth.<\/p>\n\n\n\n<p>Cultivating organizational culture, basing decisions and attitudes on values such as\u00a0<strong>work, honesty, transparency, humility, commitment and professionalism<\/strong>. They value a healthy work environment<em> <\/em>and<em> <\/em>collaborative for the success of the business and for the satisfaction of everyone who wants to participate in this journey.<\/p>\n\n\n\n<p>If you are a committed, proactive person seeking professional growth, Tauste is the right place for you! <\/p>\n\n\n\n<h2 class=\"wp-block-heading\"><strong>How to apply<\/strong><\/h2>\n\n\n\n<p>To apply for vacancies and check out more vacancies, visit <a href=\"https:\/\/eadmais.online\/en\/estamos-te-redirecionando\/?destino= https:\/\/tauste.gupy.io\/ br\/\"><strong>Tauste Supermercados&#039; official career portal<\/strong><\/a>There you will find more details about the roles and can submit your application.<\/p>\n\n\n\n<div class=\"wp-block-buttons is-content-justification-center is-layout-flex wp-container-core-buttons-is-layout-a89b3969 wp-block-buttons-is-layout-flex\">\n<div class=\"wp-block-button has-custom-font-size has-big-font-size\"><a class=\"wp-block-button__link has-text-align-center wp-element-button\" href=\"https:\/\/eadmais.online\/en\/estamos-te-redirecionando\/?destino= https:\/\/tauste.gupy.io\/ br\/\"><strong>Click here to apply<\/strong><\/a><\/div>\n<\/div>\n\n\n\n<p><\/p>","protected":false},"excerpt":{"rendered":"<p>Discover the vacancies available at Correios and how to apply! Life-changing opportunities are just a click away. Don&#039;t miss out!<\/p>","protected":false},"author":4,"featured_media":25946,"parent":0,"menu_order":0,"comment_status":"closed","ping_status":"closed","template":"","meta":{"_uag_custom_page_level_css":"","footnotes":""},"class_list":["post-25945","page","type-page","status-publish","has-post-thumbnail","hentry"],"uagb_featured_image_src":{"full":["https:\/\/eadmais.online\/wp-content\/uploads\/2025\/01\/Parana.png",3375,3375,false],"thumbnail":["https:\/\/eadmais.online\/wp-content\/uploads\/2025\/01\/Parana-150x150.png",150,150,true],"medium":["https:\/\/eadmais.online\/wp-content\/uploads\/2025\/01\/Parana-300x300.png",300,300,true],"medium_large":["https:\/\/eadmais.online\/wp-content\/uploads\/2025\/01\/Parana-768x768.png",768,768,true],"large":["https:\/\/eadmais.online\/wp-content\/uploads\/2025\/01\/Parana-1024x1024.png",1024,1024,true],"1536x1536":["https:\/\/eadmais.online\/wp-content\/uploads\/2025\/01\/Parana-1536x1536.png",1536,1536,true],"2048x2048":["https:\/\/eadmais.online\/wp-content\/uploads\/2025\/01\/Parana-2048x2048.png",2048,2048,true],"trp-custom-language-flag":["https:\/\/eadmais.online\/wp-content\/uploads\/2025\/01\/Parana-12x12.png",12,12,true]},"uagb_author_info":{"display_name":"Isabela Josiaqui","author_link":"https:\/\/eadmais.online\/en\/author\/isabelajosiaqui\/"},"uagb_comment_info":0,"uagb_excerpt":"Descubra as vagas dispon\u00edveis nos Correios e como se candidatar! Oportunidades que podem mudar sua vida est\u00e3o a um clique de dist\u00e2ncia. N\u00e3o fique de fora!","_links":{"self":[{"href":"https:\/\/eadmais.online\/en\/wp-json\/wp\/v2\/pages\/25945","targetHints":{"allow":["GET"]}}],"collection":[{"href":"https:\/\/eadmais.online\/en\/wp-json\/wp\/v2\/pages"}],"about":[{"href":"https:\/\/eadmais.online\/en\/wp-json\/wp\/v2\/types\/page"}],"author":[{"embeddable":true,"href":"https:\/\/eadmais.online\/en\/wp-json\/wp\/v2\/users\/4"}],"replies":[{"embeddable":true,"href":"https:\/\/eadmais.online\/en\/wp-json\/wp\/v2\/comments?post=25945"}],"version-history":[{"count":3,"href":"https:\/\/eadmais.online\/en\/wp-json\/wp\/v2\/pages\/25945\/revisions"}],"predecessor-version":[{"id":25961,"href":"https:\/\/eadmais.online\/en\/wp-json\/wp\/v2\/pages\/25945\/revisions\/25961"}],"wp:featuredmedia":[{"embeddable":true,"href":"https:\/\/eadmais.online\/en\/wp-json\/wp\/v2\/media\/25946"}],"wp:attachment":[{"href":"https:\/\/eadmais.online\/en\/wp-json\/wp\/v2\/media?parent=25945"}],"curies":[{"name":"wp","href":"https:\/\/api.w.org\/{rel}","templated":true}]}}