{"id":26475,"date":"2025-01-14T14:16:45","date_gmt":"2025-01-14T14:16:45","guid":{"rendered":"https:\/\/eadmais.online\/?page_id=26475"},"modified":"2025-01-31T14:39:38","modified_gmt":"2025-01-31T14:39:38","slug":"ri-happy-esta-contratando","status":"publish","type":"page","link":"https:\/\/eadmais.online\/en\/ri-happy-esta-contratando\/","title":{"rendered":"Ri Happy is hiring: Discover vacancies, benefits and how to apply now!"},"content":{"rendered":"<div class='code-block code-block-2' style='margin: 8px auto; text-align: center; display: block; clear: both;'>\n<div style=\"position: sticky; top: 15px;\">\n<div class=\"code-block-label\">Advertisements<\/div>\n<script>\n   window.googletag = window.googletag || {cmd: []};\n   googletag.cmd.push(function() {\n     googletag.defineSlot(\"\/22883653243\/eadmais.online\/eadmais.online_mw_content2_02032023\", [[250, 250], [336, 280], [300, 250]], \"div-gpt-ad-1606164528122-0\").addService(googletag.pubads());\n         googletag.pubads().enableLazyLoad({\n                    fetchMarginPercent: 20,\n                    renderMarginPercent: 10,\n                    mobileScaling: 2.0\n                });\n     googletag.enableServices();\n   });\n<\/script>\n<div id=\"div-gpt-ad-1606164528122-0\">\n   <script>\n      googletag.cmd.push(function() { googletag.display(\"div-gpt-ad-1606164528122-0\"); });\n   <\/script>\n<\/div><\/div>\n<div style=\" height: 150px;\"><\/div>\n<\/div>\n\n\n\n\n<p>Founded in 1988 by pediatrician Ricardo Sayon, his wife Juanita Sayon and administrator Roberto Saba, <strong><a href=\"https:\/\/jobs.kenoby.com\/gruporihappy\/\" target=\"_blank\" rel=\"noopener\">Laugh Happy<\/a><\/strong> is the largest toy retail chain in Brazil. <\/p>\n\n\n\n<p>With more than <strong>270 stores and franchises spread across the country<\/strong>, the company&#039;s mission is to promote the healthy and happy development of children through play. <\/p>\n\n\n\n<p>In 2012, Ri Happy acquired PBKIDS, expanding its presence in the toy market. In addition, in 2013, it launched Ri Happy Baby, focused on products for babies aged zero to three years. <\/p>\n\n\n\n<p>Currently, the Ri Happy Group has more than <strong>3,000 employees<\/strong> passionate about fun and committed to delighting customers of all ages.<\/p>\n\n\n\n<div class=\"wp-block-uagb-container uagb-block-6c65bf81 alignfull uagb-is-root-container\"><div class=\"uagb-container-inner-blocks-wrap\">\n<div class=\"wp-block-uagb-container uagb-block-1ecf27cc\">\n<figure class=\"wp-block-image size-large\"><a href=\"https:\/\/eadmais.online\/en\/marisa-esta-contratando\/\"><img loading=\"lazy\" decoding=\"async\" width=\"1024\" height=\"1024\" src=\"https:\/\/eadmais.online\/wp-content\/uploads\/2025\/01\/Empresas-contratam-13-1024x1024.png\" alt=\"\" class=\"wp-image-26429\" srcset=\"https:\/\/eadmais.online\/wp-content\/uploads\/2025\/01\/Empresas-contratam-13-1024x1024.png 1024w, https:\/\/eadmais.online\/wp-content\/uploads\/2025\/01\/Empresas-contratam-13-300x300.png 300w, https:\/\/eadmais.online\/wp-content\/uploads\/2025\/01\/Empresas-contratam-13-150x150.png 150w, https:\/\/eadmais.online\/wp-content\/uploads\/2025\/01\/Empresas-contratam-13-768x768.png 768w, https:\/\/eadmais.online\/wp-content\/uploads\/2025\/01\/Empresas-contratam-13-1536x1536.png 1536w, https:\/\/eadmais.online\/wp-content\/uploads\/2025\/01\/Empresas-contratam-13-2048x2048.png 2048w, https:\/\/eadmais.online\/wp-content\/uploads\/2025\/01\/Empresas-contratam-13-12x12.png 12w\" sizes=\"auto, (max-width: 1024px) 100vw, 1024px\" \/><\/a><\/figure>\n\n\n\n<h4 class=\"wp-block-heading has-text-align-center\"><strong>Vacancies at Marisa<\/strong><\/h4>\n\n\n\n<div class=\"wp-block-buttons is-content-justification-center is-layout-flex wp-container-core-buttons-is-layout-a89b3969 wp-block-buttons-is-layout-flex\">\n<div class=\"wp-block-button\"><a class=\"wp-block-button__link has-text-align-center wp-element-button\" href=\"https:\/\/eadmais.online\/en\/marisa-esta-contratando\/\"><strong>I want to apply!<\/strong><\/a><\/div>\n<\/div>\n<\/div>\n\n\n\n<div class=\"wp-block-uagb-container uagb-block-0f803a83\">\n<div class=\"wp-block-columns is-layout-flex wp-container-core-columns-is-layout-28f84493 wp-block-columns-is-layout-flex\">\n<div class=\"wp-block-column is-layout-flow wp-block-column-is-layout-flow\" style=\"flex-basis:100%\">\n<figure class=\"wp-block-image size-large\"><a href=\"https:\/\/eadmais.online\/en\/vagas-abertas-no-atacadao\/\"><img loading=\"lazy\" decoding=\"async\" width=\"1024\" height=\"1024\" src=\"https:\/\/eadmais.online\/wp-content\/uploads\/2025\/01\/Design-sem-nome-11-1024x1024.png\" alt=\"\" class=\"wp-image-25929\" srcset=\"https:\/\/eadmais.online\/wp-content\/uploads\/2025\/01\/Design-sem-nome-11-1024x1024.png 1024w, https:\/\/eadmais.online\/wp-content\/uploads\/2025\/01\/Design-sem-nome-11-300x300.png 300w, https:\/\/eadmais.online\/wp-content\/uploads\/2025\/01\/Design-sem-nome-11-150x150.png 150w, https:\/\/eadmais.online\/wp-content\/uploads\/2025\/01\/Design-sem-nome-11-768x768.png 768w, https:\/\/eadmais.online\/wp-content\/uploads\/2025\/01\/Design-sem-nome-11-1536x1536.png 1536w, https:\/\/eadmais.online\/wp-content\/uploads\/2025\/01\/Design-sem-nome-11-2048x2048.png 2048w, https:\/\/eadmais.online\/wp-content\/uploads\/2025\/01\/Design-sem-nome-11-12x12.png 12w\" sizes=\"auto, (max-width: 1024px) 100vw, 1024px\" \/><\/a><\/figure>\n<\/div>\n<\/div>\n\n\n\n<h4 class=\"wp-block-heading has-text-align-center\"><strong>Vacancies at Atacad\u00e3o<\/strong><\/h4>\n\n\n\n<div class=\"wp-block-buttons is-content-justification-center is-layout-flex wp-container-core-buttons-is-layout-a89b3969 wp-block-buttons-is-layout-flex\">\n<div class=\"wp-block-button\"><a class=\"wp-block-button__link wp-element-button\"><strong>I want to apply!<\/strong><\/a><\/div>\n<\/div>\n<\/div>\n\n\n\n<div class=\"wp-block-uagb-container uagb-block-23203048\">\n<figure class=\"wp-block-image size-large\"><a href=\"https:\/\/eadmais.online\/en\/centauro-esta-contratando\/\"><img loading=\"lazy\" decoding=\"async\" width=\"1024\" height=\"1024\" src=\"https:\/\/eadmais.online\/wp-content\/uploads\/2025\/01\/Empresas-contratam-14-1024x1024.png\" alt=\"\" class=\"wp-image-26471\" srcset=\"https:\/\/eadmais.online\/wp-content\/uploads\/2025\/01\/Empresas-contratam-14-1024x1024.png 1024w, https:\/\/eadmais.online\/wp-content\/uploads\/2025\/01\/Empresas-contratam-14-300x300.png 300w, https:\/\/eadmais.online\/wp-content\/uploads\/2025\/01\/Empresas-contratam-14-150x150.png 150w, https:\/\/eadmais.online\/wp-content\/uploads\/2025\/01\/Empresas-contratam-14-768x768.png 768w, https:\/\/eadmais.online\/wp-content\/uploads\/2025\/01\/Empresas-contratam-14-1536x1536.png 1536w, https:\/\/eadmais.online\/wp-content\/uploads\/2025\/01\/Empresas-contratam-14-2048x2048.png 2048w, https:\/\/eadmais.online\/wp-content\/uploads\/2025\/01\/Empresas-contratam-14-12x12.png 12w\" sizes=\"auto, (max-width: 1024px) 100vw, 1024px\" \/><\/a><\/figure>\n\n\n\n<h4 class=\"wp-block-heading has-text-align-center\"><strong>Vacancies at Centauro<\/strong><\/h4>\n\n\n\n<div class=\"wp-block-buttons is-content-justification-center is-layout-flex wp-container-core-buttons-is-layout-a89b3969 wp-block-buttons-is-layout-flex\">\n<div class=\"wp-block-button\"><a class=\"wp-block-button__link wp-element-button\" href=\"https:\/\/eadmais.online\/en\/centauro-esta-contratando\/\"><strong>I want to apply<\/strong><\/a><\/div>\n<\/div>\n<\/div>\n<\/div><\/div>\n\n\n\n<h2 class=\"wp-block-heading\"><strong>Open vacancies<\/strong><\/h2>\n\n\n\n<p>The Group <strong><a href=\"https:\/\/jobs.kenoby.com\/gruporihappy\/\" target=\"_blank\" rel=\"noopener\">Laugh Happy<\/a><\/strong> is looking for dedicated professionals who are passionate about the children&#039;s universe to join its team. Check out some of the opportunities available:<\/p>\n\n\n\n<figure class=\"wp-block-table\"><table class=\"has-fixed-layout\"><tbody><tr><td><strong>Function<\/strong><\/td><td><strong>Locations<\/strong><\/td><td><strong>Average Salary<\/strong><\/td><\/tr><tr><td><strong>Full Marketing Analyst \u2013 Planning and Measuring Events in Stores<\/strong><\/td><td>Sao Paulo \u2013 SP (Hybrid)<\/td><td>R$ 5,000\/month<\/td><\/tr><tr><td><strong>Senior Trade Marketing Analyst<\/strong><\/td><td>Sao Paulo \u2013 SP (Hybrid)<\/td><td>R$ 6,500\/month<\/td><\/tr><tr><td><strong>Senior Category Management and Journey Analyst (GC)<\/strong><\/td><td>Sao Paulo \u2013 SP (Hybrid)<\/td><td>R$ 6,000\/month<\/td><\/tr><tr><td><strong>Jr Tax Analyst<\/strong><\/td><td>Sao Paulo \u2013 SP (Hybrid)<\/td><td>R$ 4,000\/month<\/td><\/tr><tr><td><strong>Apprentice<\/strong><\/td><td>Goiania \u2013 GO;<\/td><td>R$ 1,200\/month<\/td><\/tr><tr><td><strong>Joy Consultant (Store Attendant)<\/strong><\/td><td>Sao Paulo \u2013 SP (Shopping Jardim Sul, Shopping Penha); Araraquara \u2013 SP (Shopping Jaragua Araraquara)<\/td><td>R$ 1,800\/month<\/td><\/tr><tr><td><strong>Fun Leader (Store Supervisor)<\/strong><\/td><td>Palmas \u2013 TO<\/td><td>R$ 3,500\/month<\/td><\/tr><tr><td><strong>Commercial Manager<\/strong><\/td><td>Sao Paulo \u2013 SP (Hybrid)<\/td><td>R$ 8,000\/month<\/td><\/tr><tr><td><strong>Store Assistant<\/strong><\/td><td>Rio de Janeiro \u2013 RJ (New America Shopping Mall); Fortaleza \u2013 CE; Santo Andr\u00e9 \u2013 SP (Atrium Shopping); Sao Paulo \u2013 SP (Interlagos)<\/td><td>R$ 1,500\/month<\/td><\/tr><\/tbody><\/table><\/figure>\n\n\n\n<p><em>Note: Salary averages are estimates and may vary depending on candidate experience and location.<\/em><\/p>\n\n\n\n<h2 class=\"wp-block-heading\"><strong>Benefits offered by Ri Happy<\/strong><\/h2>\n\n\n\n<p>THE <strong><a href=\"https:\/\/jobs.kenoby.com\/gruporihappy\/\" target=\"_blank\" rel=\"noopener\">Laugh Happy<\/a><\/strong> values its employees and offers a competitive benefits package, ensuring well-being, quality of life and professional development. Check it out:<\/p>\n\n\n\n<ul class=\"wp-block-list\">\n<li><strong>Medical assistance<\/strong> \u2013 Health plan for medical care.<\/li>\n\n\n\n<li><strong>Dental care<\/strong> \u2013 Coverage for dental treatments.<\/li>\n\n\n\n<li><strong>Meal allowance or food allowance<\/strong> \u2013 Benefit for meals or food purchases.<\/li>\n\n\n\n<li><strong>Transport voucher<\/strong> \u2013 Help with daily commuting.<\/li>\n\n\n\n<li><strong>Profit Sharing and Results (PLR)<\/strong> \u2013 Recognition for the company\u2019s performance and success.<\/li>\n\n\n\n<li><strong>Discount on products<\/strong> \u2013 Exclusive benefit for purchases at Ri Happy stores.<\/li>\n\n\n\n<li><strong>Agreement with Gympass<\/strong> \u2013 Access to a network of gyms and physical activities.<\/li>\n\n\n\n<li><strong>Partnership with Vittude<\/strong> \u2013 Platform to support psychological health.<\/li>\n\n\n\n<li><strong>Playful and relaxed atmosphere<\/strong> \u2013 A light, fun workspace aligned with the children\u2019s universe.<\/li>\n<\/ul>\n\n\n\n<p><em>Note: Benefits may vary depending on location and position held.<\/em><\/p>\n\n\n\n<h2 class=\"wp-block-heading\"><strong>Why work at Ri Happy?<\/strong><\/h2>\n\n\n\n<p>Join the team <strong><a href=\"https:\/\/jobs.kenoby.com\/gruporihappy\/\" target=\"_blank\" rel=\"noopener\">Laugh Happy<\/a><\/strong> is being part of a company that believes in the transformative power of play and values diversity and inclusion. <\/p>\n\n\n\n<p>Ri Happy promotes a fun and relaxed work environment, encouraging the professional and personal development of its employees. <\/p>\n\n\n\n<p>The company values satisfaction in serving, unity for fun, passion for business, the essence of simplicity and respect for tomorrow. <\/p>\n\n\n\n<p>If you are passionate about fun and want to contribute to the healthy development of children, Ri Happy is the ideal place for you.<\/p>\n\n\n\n<h2 class=\"wp-block-heading\"><strong>How to apply<\/strong><\/h2>\n\n\n\n<p>If you identify with Ri Happy&#039;s values and want to be part of the team, follow the steps below to apply:<\/p>\n\n\n\n<ol class=\"wp-block-list\">\n<li><strong>Access the career portal<\/strong>: <strong><a href=\"https:\/\/eadmais.online\/en\/estamos-te-redirecionando\/?destino= https:\/\/gruporihappy.gupy.io\/\">Visit to view available vacancies.<\/a><\/strong><\/li>\n\n\n\n<li><strong>Select the vacancy of interest<\/strong>: Browse through the opportunities and choose the one that best matches your profile and interests.<\/li>\n\n\n\n<li><strong>Register on the platform<\/strong>: If you don&#039;t have an account yet, create an account on the Gupy platform.<\/li>\n\n\n\n<li><strong>Fill out the registration form<\/strong>: Provide your personal information, professional experience and attach your updated CV.<\/li>\n\n\n\n<li><strong>Submit your application<\/strong>: After reviewing all the data, submit your application and wait for the recruitment team to contact you.<\/li>\n<\/ol>\n\n\n\n<p>Ri Happy is looking for committed professionals who are passionate about the children&#039;s universe. <\/p>\n\n\n\n<p>If you want to contribute to the company&#039;s growth while investing in your professional development, <strong>Be part of the team and help create magical moments with lots of fun!<\/strong><\/p>\n\n\n\n<div class=\"wp-block-buttons is-content-justification-center is-layout-flex wp-container-core-buttons-is-layout-a89b3969 wp-block-buttons-is-layout-flex\">\n<div class=\"wp-block-button has-custom-font-size has-big-font-size\"><a class=\"wp-block-button__link has-text-align-center wp-element-button\" href=\"https:\/\/eadmais.online\/en\/estamos-te-redirecionando\/?destino= https:\/\/gruporihappy.gupy.io\/\"><strong>Click here to apply<\/strong><\/a><\/div>\n<\/div>\n\n\n\n<p><\/p>","protected":false},"excerpt":{"rendered":"<p>Discover the vacancies available at Correios and how to apply! Life-changing opportunities are just a click away. Don&#039;t miss out!<\/p>","protected":false},"author":4,"featured_media":26476,"parent":0,"menu_order":0,"comment_status":"closed","ping_status":"closed","template":"","meta":{"_uag_custom_page_level_css":"","footnotes":""},"class_list":["post-26475","page","type-page","status-publish","has-post-thumbnail","hentry"],"uagb_featured_image_src":{"full":["https:\/\/eadmais.online\/wp-content\/uploads\/2025\/01\/Empresas-contratam-15.png",3375,3375,false],"thumbnail":["https:\/\/eadmais.online\/wp-content\/uploads\/2025\/01\/Empresas-contratam-15-150x150.png",150,150,true],"medium":["https:\/\/eadmais.online\/wp-content\/uploads\/2025\/01\/Empresas-contratam-15-300x300.png",300,300,true],"medium_large":["https:\/\/eadmais.online\/wp-content\/uploads\/2025\/01\/Empresas-contratam-15-768x768.png",768,768,true],"large":["https:\/\/eadmais.online\/wp-content\/uploads\/2025\/01\/Empresas-contratam-15-1024x1024.png",1024,1024,true],"1536x1536":["https:\/\/eadmais.online\/wp-content\/uploads\/2025\/01\/Empresas-contratam-15-1536x1536.png",1536,1536,true],"2048x2048":["https:\/\/eadmais.online\/wp-content\/uploads\/2025\/01\/Empresas-contratam-15-2048x2048.png",2048,2048,true],"trp-custom-language-flag":["https:\/\/eadmais.online\/wp-content\/uploads\/2025\/01\/Empresas-contratam-15-12x12.png",12,12,true]},"uagb_author_info":{"display_name":"Isabela Josiaqui","author_link":"https:\/\/eadmais.online\/en\/author\/isabelajosiaqui\/"},"uagb_comment_info":0,"uagb_excerpt":"Descubra as vagas dispon\u00edveis nos Correios e como se candidatar! Oportunidades que podem mudar sua vida est\u00e3o a um clique de dist\u00e2ncia. N\u00e3o fique de fora!","_links":{"self":[{"href":"https:\/\/eadmais.online\/en\/wp-json\/wp\/v2\/pages\/26475","targetHints":{"allow":["GET"]}}],"collection":[{"href":"https:\/\/eadmais.online\/en\/wp-json\/wp\/v2\/pages"}],"about":[{"href":"https:\/\/eadmais.online\/en\/wp-json\/wp\/v2\/types\/page"}],"author":[{"embeddable":true,"href":"https:\/\/eadmais.online\/en\/wp-json\/wp\/v2\/users\/4"}],"replies":[{"embeddable":true,"href":"https:\/\/eadmais.online\/en\/wp-json\/wp\/v2\/comments?post=26475"}],"version-history":[{"count":1,"href":"https:\/\/eadmais.online\/en\/wp-json\/wp\/v2\/pages\/26475\/revisions"}],"predecessor-version":[{"id":26477,"href":"https:\/\/eadmais.online\/en\/wp-json\/wp\/v2\/pages\/26475\/revisions\/26477"}],"wp:featuredmedia":[{"embeddable":true,"href":"https:\/\/eadmais.online\/en\/wp-json\/wp\/v2\/media\/26476"}],"wp:attachment":[{"href":"https:\/\/eadmais.online\/en\/wp-json\/wp\/v2\/media?parent=26475"}],"curies":[{"name":"wp","href":"https:\/\/api.w.org\/{rel}","templated":true}]}}