{"id":26626,"date":"2025-01-14T14:16:45","date_gmt":"2025-01-14T14:16:45","guid":{"rendered":"https:\/\/eadmais.online\/?page_id=26626"},"modified":"2025-02-12T19:06:36","modified_gmt":"2025-02-12T19:06:36","slug":"trabalhe-na-cvc","status":"publish","type":"page","link":"https:\/\/eadmais.online\/en\/trabalhe-na-cvc\/","title":{"rendered":"Work at CVC: Discover vacancies and benefits to boost your career in the tourism sector!"},"content":{"rendered":"<div class='code-block code-block-2' style='margin: 8px auto; text-align: center; display: block; clear: both;'>\n<div style=\"position: sticky; top: 15px;\">\n<div class=\"code-block-label\">Advertisements<\/div>\n<script>\n   window.googletag = window.googletag || {cmd: []};\n   googletag.cmd.push(function() {\n     googletag.defineSlot(\"\/22883653243\/eadmais.online\/eadmais.online_mw_content2_02032023\", [[250, 250], [336, 280], [300, 250]], \"div-gpt-ad-1606164528122-0\").addService(googletag.pubads());\n         googletag.pubads().enableLazyLoad({\n                    fetchMarginPercent: 20,\n                    renderMarginPercent: 10,\n                    mobileScaling: 2.0\n                });\n     googletag.enableServices();\n   });\n<\/script>\n<div id=\"div-gpt-ad-1606164528122-0\">\n   <script>\n      googletag.cmd.push(function() { googletag.display(\"div-gpt-ad-1606164528122-0\"); });\n   <\/script>\n<\/div><\/div>\n<div style=\" height: 150px;\"><\/div>\n<\/div>\n\n\n\n\n<p>THE <strong><a href=\"https:\/\/www.cvc.com.br\/dicas-de-viagem\/institucional\/\" target=\"_blank\" rel=\"noopener\">CVC<\/a><\/strong> is the largest travel group in Latin America and one of the most renowned companies in the tourism sector. <\/p>\n\n\n\n<p>With more than 2,000 employees passionate about providing the best travel experiences to their customers, the company operates in Brazil and Argentina with several brands focused on the leisure, corporate and international education markets. <\/p>\n\n\n\n<p>Throughout its history, CVC has established itself as a reference in tourism, offering complete travel solutions and being one of the market leaders in Brazil.<\/p>\n\n\n\n<p>CVC Corp values diversity and believes that a diverse team is essential for business growth. <\/p>\n\n\n\n<p>With a vision focused on innovation and excellence in service, the company seeks talented people to help shape the future of tourism. <\/p>\n\n\n\n<p>CVC employees have access to a journey of learning, challenges and achievements in an inclusive and welcoming environment, where everyone is welcome, regardless of gender, race, age group, LGBTI+ community or any other affinity group.<\/p>\n\n\n\n<div class=\"wp-block-uagb-container uagb-block-6c65bf81 alignfull uagb-is-root-container\"><div class=\"uagb-container-inner-blocks-wrap\">\n<div class=\"wp-block-uagb-container uagb-block-1ecf27cc\">\n<figure class=\"wp-block-image size-large\"><a href=\"https:\/\/eadmais.online\/en\/trabalhe-na-movida\/\"><img loading=\"lazy\" decoding=\"async\" width=\"1024\" height=\"1024\" src=\"https:\/\/eadmais.online\/wp-content\/uploads\/2025\/02\/Movida-1024x1024.png\" alt=\"\" class=\"wp-image-26623\" srcset=\"https:\/\/eadmais.online\/wp-content\/uploads\/2025\/02\/Movida-1024x1024.png 1024w, https:\/\/eadmais.online\/wp-content\/uploads\/2025\/02\/Movida-300x300.png 300w, https:\/\/eadmais.online\/wp-content\/uploads\/2025\/02\/Movida-150x150.png 150w, https:\/\/eadmais.online\/wp-content\/uploads\/2025\/02\/Movida-768x768.png 768w, https:\/\/eadmais.online\/wp-content\/uploads\/2025\/02\/Movida-1536x1536.png 1536w, https:\/\/eadmais.online\/wp-content\/uploads\/2025\/02\/Movida-2048x2048.png 2048w, https:\/\/eadmais.online\/wp-content\/uploads\/2025\/02\/Movida-12x12.png 12w\" sizes=\"auto, (max-width: 1024px) 100vw, 1024px\" \/><\/a><\/figure>\n\n\n\n<h4 class=\"wp-block-heading has-text-align-center\"><strong>Vacancies at Movida<\/strong><\/h4>\n\n\n\n<div class=\"wp-block-buttons is-content-justification-center is-layout-flex wp-container-core-buttons-is-layout-a89b3969 wp-block-buttons-is-layout-flex\">\n<div class=\"wp-block-button\"><a class=\"wp-block-button__link has-text-align-center wp-element-button\" href=\"https:\/\/eadmais.online\/en\/trabalhe-na-movida\/\"><strong>I want to apply!<\/strong><\/a><\/div>\n<\/div>\n<\/div>\n\n\n\n<div class=\"wp-block-uagb-container uagb-block-0f803a83\">\n<div class=\"wp-block-columns is-layout-flex wp-container-core-columns-is-layout-28f84493 wp-block-columns-is-layout-flex\">\n<div class=\"wp-block-column is-layout-flow wp-block-column-is-layout-flow\" style=\"flex-basis:100%\">\n<figure class=\"wp-block-image size-large\"><a href=\"https:\/\/eadmais.online\/en\/junte-se-a-localiza\/\"><img loading=\"lazy\" decoding=\"async\" width=\"1024\" height=\"1024\" src=\"https:\/\/eadmais.online\/wp-content\/uploads\/2025\/02\/Localiza-1024x1024.png\" alt=\"\" class=\"wp-image-26620\" srcset=\"https:\/\/eadmais.online\/wp-content\/uploads\/2025\/02\/Localiza-1024x1024.png 1024w, https:\/\/eadmais.online\/wp-content\/uploads\/2025\/02\/Localiza-300x300.png 300w, https:\/\/eadmais.online\/wp-content\/uploads\/2025\/02\/Localiza-150x150.png 150w, https:\/\/eadmais.online\/wp-content\/uploads\/2025\/02\/Localiza-768x768.png 768w, https:\/\/eadmais.online\/wp-content\/uploads\/2025\/02\/Localiza-1536x1536.png 1536w, https:\/\/eadmais.online\/wp-content\/uploads\/2025\/02\/Localiza-2048x2048.png 2048w, https:\/\/eadmais.online\/wp-content\/uploads\/2025\/02\/Localiza-12x12.png 12w\" sizes=\"auto, (max-width: 1024px) 100vw, 1024px\" \/><\/a><\/figure>\n<\/div>\n<\/div>\n\n\n\n<h4 class=\"wp-block-heading has-text-align-center\"><strong>Vacancies at Localiza<\/strong><\/h4>\n\n\n\n<div class=\"wp-block-buttons is-content-justification-center is-layout-flex wp-container-core-buttons-is-layout-a89b3969 wp-block-buttons-is-layout-flex\">\n<div class=\"wp-block-button\"><a class=\"wp-block-button__link wp-element-button\" href=\"https:\/\/eadmais.online\/en\/junte-se-a-localiza\/\"><strong>I want to apply!<\/strong><\/a><\/div>\n<\/div>\n<\/div>\n\n\n\n<div class=\"wp-block-uagb-container uagb-block-23203048\">\n<figure class=\"wp-block-image size-large\"><a href=\"https:\/\/eadmais.online\/en\/trabalhe-na-porto-seguro\/\"><img loading=\"lazy\" decoding=\"async\" width=\"1024\" height=\"1024\" src=\"https:\/\/eadmais.online\/wp-content\/uploads\/2025\/02\/Porto-Seguro-1024x1024.png\" alt=\"\" class=\"wp-image-26601\" srcset=\"https:\/\/eadmais.online\/wp-content\/uploads\/2025\/02\/Porto-Seguro-1024x1024.png 1024w, https:\/\/eadmais.online\/wp-content\/uploads\/2025\/02\/Porto-Seguro-300x300.png 300w, https:\/\/eadmais.online\/wp-content\/uploads\/2025\/02\/Porto-Seguro-150x150.png 150w, https:\/\/eadmais.online\/wp-content\/uploads\/2025\/02\/Porto-Seguro-768x768.png 768w, https:\/\/eadmais.online\/wp-content\/uploads\/2025\/02\/Porto-Seguro-1536x1536.png 1536w, https:\/\/eadmais.online\/wp-content\/uploads\/2025\/02\/Porto-Seguro-2048x2048.png 2048w, https:\/\/eadmais.online\/wp-content\/uploads\/2025\/02\/Porto-Seguro-12x12.png 12w\" sizes=\"auto, (max-width: 1024px) 100vw, 1024px\" \/><\/a><\/figure>\n\n\n\n<h4 class=\"wp-block-heading has-text-align-center\"><strong>Vacancies at Porto Seguro<\/strong><\/h4>\n\n\n\n<div class=\"wp-block-buttons is-content-justification-center is-layout-flex wp-container-core-buttons-is-layout-a89b3969 wp-block-buttons-is-layout-flex\">\n<div class=\"wp-block-button\"><a class=\"wp-block-button__link wp-element-button\" href=\"https:\/\/eadmais.online\/en\/trabalhe-na-porto-seguro\/\"><strong>I want to apply<\/strong><\/a><\/div>\n<\/div>\n<\/div>\n<\/div><\/div>\n\n\n\n<h2 class=\"wp-block-heading\"><strong>Open positions at CVC: Career opportunities<\/strong><\/h2>\n\n\n\n<p>Check out the open vacancies below <strong><a href=\"https:\/\/www.cvc.com.br\/dicas-de-viagem\/institucional\/\" target=\"_blank\" rel=\"noopener\">CVC<\/a><\/strong>, which cover both operational and strategic functions:<\/p>\n\n\n\n<figure class=\"wp-block-table\"><table class=\"has-fixed-layout\"><thead><tr><th><strong>Position<\/strong><\/th><th><strong>City<\/strong>&nbsp;(Cities)<\/th><th><strong>Average Salary<\/strong><\/th><\/tr><\/thead><tbody><tr><td><strong>Project Analyst Pl<\/strong><\/td><td>Santo Andr\u00e9 \u2013 SP<\/td><td>R$ 5,000.00 \u2013 R$ 7,000.00<\/td><\/tr><tr><td><strong>Sr. Investor Relations Analyst<\/strong><\/td><td>Santo Andr\u00e9 \u2013 SP; Hybrid<\/td><td>R$ 7,000.00 \u2013 R$ 10,000.00<\/td><\/tr><tr><td><strong>Continuous Improvement Analyst Pl<\/strong><\/td><td>Santo Andr\u00e9 \u2013 SP<\/td><td>R$ 4,500.00 \u2013 R$ 6,500.00<\/td><\/tr><tr><td><strong>Operations Analyst Pl<\/strong><\/td><td>Santo Andr\u00e9 \u2013 SP<\/td><td>R$ 4,000.00 \u2013 R$ 6,000.00<\/td><\/tr><tr><td><strong>Pricing Analyst Pl<\/strong><\/td><td>Santo Andr\u00e9 \u2013 SP<\/td><td>R$ 5,000.00 \u2013 R$ 7,000.00<\/td><\/tr><tr><td><strong>Customer Service Assistant 6h<\/strong><\/td><td>Santo Andr\u00e9 \u2013 SP<\/td><td>R$ 1,500.00 \u2013 R$ 2,500.00<\/td><\/tr><tr><td><strong>Talent Bank PCD Affirmation<\/strong><\/td><td>Santo Andr\u00e9 \u2013 SP<\/td><td>Variable<\/td><\/tr><tr><td><strong>Talent Bank Operations (CCO)<\/strong><\/td><td>Santo Andr\u00e9 \u2013 SP<\/td><td>Variable<\/td><\/tr><tr><td><strong>Product Planning and BI Coordinator<\/strong><\/td><td>Santo Andr\u00e9 \u2013 SP<\/td><td>R$ 6,500.00 \u2013 R$ 9,000.00<\/td><\/tr><tr><td><strong>Controller Specialist<\/strong><\/td><td>Santo Andr\u00e9 \u2013 SP<\/td><td>R$ 7,000.00 \u2013 R$ 10,000.00<\/td><\/tr><\/tbody><\/table><\/figure>\n\n\n\n<p><strong>Observation:<\/strong>&nbsp;Salary averages are estimates and may vary depending on candidate experience and location.<\/p>\n\n\n\n<h2 class=\"wp-block-heading\"><strong>Benefits offered by CVC<\/strong><\/h2>\n\n\n\n<p>THE <strong><a href=\"https:\/\/www.cvc.com.br\/dicas-de-viagem\/institucional\/\" target=\"_blank\" rel=\"noopener\">CVC<\/a><\/strong> offers a benefits package focused on the well-being and development of its employees. Check out the main benefits:<\/p>\n\n\n\n<p><strong>For your everyday life:<\/strong><\/p>\n\n\n\n<ul class=\"wp-block-list\">\n<li><strong>Meal and\/or Food Voucher<\/strong><\/li>\n\n\n\n<li><strong>Transportation Voucher<\/strong><\/li>\n\n\n\n<li><strong>Daycare Assistance and Children with Disabilities<\/strong><\/li>\n<\/ul>\n\n\n\n<p><strong>Taking care of your health and well-being:<\/strong><\/p>\n\n\n\n<ul class=\"wp-block-list\">\n<li><strong>Medical Assistance with exemption from monthly fees<\/strong>\u00a0for you and your dependents (SulAm\u00e9rica \u2013 with co-participation)<\/li>\n\n\n\n<li><strong>Dental Care<\/strong>\u00a0(South America)<\/li>\n\n\n\n<li><strong>Life insurance<\/strong><\/li>\n\n\n\n<li><strong>Pharmacy Agreements<\/strong>\u00a0(Univers)<\/li>\n\n\n\n<li><strong>Academy (Total Pass)<\/strong><\/li>\n\n\n\n<li><strong>\u201cMother\u2019s Love\u201d Program<\/strong>\u00a0\u2013 for the care of pregnant women, whether they are collaborators or spouses, during prenatal care.<\/li>\n\n\n\n<li><strong>Payroll Loan<\/strong><\/li>\n\n\n\n<li><strong>Parking for pregnant women<\/strong>, thinking about the best convenience for mothers<\/li>\n\n\n\n<li><strong>Extended Licenses<\/strong>\u00a0for maternity (180 days), paternity (20 days) and adoption (between 135 and 180 days, depending on the child&#039;s age).<\/li>\n<\/ul>\n\n\n\n<p><strong>Enjoy life:<\/strong><\/p>\n\n\n\n<ul class=\"wp-block-list\">\n<li><strong>My Trip Program<\/strong>: Discounts on the purchase of packages and airline tickets, accommodation, among other products, benefit extendable to your dependents and ascendants.<\/li>\n\n\n\n<li><strong>Agreement with SESC<\/strong><\/li>\n\n\n\n<li><strong>Day Off in the month of your birthday<\/strong><\/li>\n\n\n\n<li><strong>Cinemark<\/strong>: Attractive partnership with the network.<\/li>\n<\/ul>\n\n\n\n<p><strong>Enhance your development:<\/strong><\/p>\n\n\n\n<ul class=\"wp-block-list\">\n<li><strong>Corporate University<\/strong><\/li>\n\n\n\n<li><strong>Partnerships with Educational Institutions<\/strong><\/li>\n<\/ul>\n\n\n\n<h2 class=\"wp-block-heading\"><strong>Why work at CVC?<\/strong><\/h2>\n\n\n\n<p>THE <strong><a href=\"https:\/\/www.cvc.com.br\/dicas-de-viagem\/institucional\/\" target=\"_blank\" rel=\"noopener\">CVC<\/a><\/strong> It is the ideal place for those looking for a solid and impactful career in the tourism sector. <\/p>\n\n\n\n<p>Working at CVC means being part of a passionate team dedicated to offering unique experiences to customers. <\/p>\n\n\n\n<p>Additionally, the company offers a diverse and inclusive work environment with opportunities for continuous professional growth and development.<\/p>\n\n\n\n<p>The company&#039;s culture is centered on welcoming, safety and well-being, and CVC is committed to offering its employees a journey full of learning and challenges. <\/p>\n\n\n\n<p>If you are passionate about tourism and want to be part of one of the biggest companies in the sector, CVC is the place for you!<\/p>\n\n\n\n<h2 class=\"wp-block-heading\"><strong>How to apply<\/strong><\/h2>\n\n\n\n<p>The application process for vacancies at <strong><a href=\"https:\/\/www.cvc.com.br\/dicas-de-viagem\/institucional\/\" target=\"_blank\" rel=\"noopener\">CVC<\/a><\/strong> it&#039;s simple and straightforward. <\/p>\n\n\n\n<p>To apply, simply access the company&#039;s career portal, view available vacancies, check the requirements for each position and send your resume.<\/p>\n\n\n\n<ol class=\"wp-block-list\"><\/ol>\n\n\n\n<p>To apply, click on the link above, choose the position you are interested in, fill out the application form and send your CV.<\/p>\n\n\n\n<div class=\"wp-block-buttons is-content-justification-center is-layout-flex wp-container-core-buttons-is-layout-a89b3969 wp-block-buttons-is-layout-flex\">\n<div class=\"wp-block-button has-custom-font-size has-big-font-size\"><a class=\"wp-block-button__link has-text-align-center wp-element-button\" href=\"https:\/\/eadmais.online\/en\/estamos-te-redirecionando\/?destino= https:\/\/cvccorp.gupy.io\/#xd_co_f=ZWE4MzY4NjYtMDE3NC00ZGZhLWExODUtMDczMTY1ZGIyOWQ1~\"><strong>Click here to apply<\/strong><\/a><\/div>\n<\/div>\n\n\n\n<p><\/p>","protected":false},"excerpt":{"rendered":"<p>Discover the vacancies available at Correios and how to apply! Life-changing opportunities are just a click away. Don&#039;t miss out!<\/p>","protected":false},"author":4,"featured_media":26628,"parent":0,"menu_order":0,"comment_status":"closed","ping_status":"closed","template":"","meta":{"_uag_custom_page_level_css":"","footnotes":""},"class_list":["post-26626","page","type-page","status-publish","has-post-thumbnail","hentry"],"uagb_featured_image_src":{"full":["https:\/\/eadmais.online\/wp-content\/uploads\/2025\/02\/CVC.png",3375,3375,false],"thumbnail":["https:\/\/eadmais.online\/wp-content\/uploads\/2025\/02\/CVC-150x150.png",150,150,true],"medium":["https:\/\/eadmais.online\/wp-content\/uploads\/2025\/02\/CVC-300x300.png",300,300,true],"medium_large":["https:\/\/eadmais.online\/wp-content\/uploads\/2025\/02\/CVC-768x768.png",768,768,true],"large":["https:\/\/eadmais.online\/wp-content\/uploads\/2025\/02\/CVC-1024x1024.png",1024,1024,true],"1536x1536":["https:\/\/eadmais.online\/wp-content\/uploads\/2025\/02\/CVC-1536x1536.png",1536,1536,true],"2048x2048":["https:\/\/eadmais.online\/wp-content\/uploads\/2025\/02\/CVC-2048x2048.png",2048,2048,true],"trp-custom-language-flag":["https:\/\/eadmais.online\/wp-content\/uploads\/2025\/02\/CVC-12x12.png",12,12,true]},"uagb_author_info":{"display_name":"Isabela Josiaqui","author_link":"https:\/\/eadmais.online\/en\/author\/isabelajosiaqui\/"},"uagb_comment_info":0,"uagb_excerpt":"Descubra as vagas dispon\u00edveis nos Correios e como se candidatar! Oportunidades que podem mudar sua vida est\u00e3o a um clique de dist\u00e2ncia. N\u00e3o fique de fora!","_links":{"self":[{"href":"https:\/\/eadmais.online\/en\/wp-json\/wp\/v2\/pages\/26626","targetHints":{"allow":["GET"]}}],"collection":[{"href":"https:\/\/eadmais.online\/en\/wp-json\/wp\/v2\/pages"}],"about":[{"href":"https:\/\/eadmais.online\/en\/wp-json\/wp\/v2\/types\/page"}],"author":[{"embeddable":true,"href":"https:\/\/eadmais.online\/en\/wp-json\/wp\/v2\/users\/4"}],"replies":[{"embeddable":true,"href":"https:\/\/eadmais.online\/en\/wp-json\/wp\/v2\/comments?post=26626"}],"version-history":[{"count":1,"href":"https:\/\/eadmais.online\/en\/wp-json\/wp\/v2\/pages\/26626\/revisions"}],"predecessor-version":[{"id":26629,"href":"https:\/\/eadmais.online\/en\/wp-json\/wp\/v2\/pages\/26626\/revisions\/26629"}],"wp:featuredmedia":[{"embeddable":true,"href":"https:\/\/eadmais.online\/en\/wp-json\/wp\/v2\/media\/26628"}],"wp:attachment":[{"href":"https:\/\/eadmais.online\/en\/wp-json\/wp\/v2\/media?parent=26626"}],"curies":[{"name":"wp","href":"https:\/\/api.w.org\/{rel}","templated":true}]}}