{"id":765,"date":"2024-08-17T13:24:06","date_gmt":"2024-08-17T16:24:06","guid":{"rendered":"https:\/\/eadmais.online\/?page_id=765"},"modified":"2024-08-17T13:24:06","modified_gmt":"2024-08-17T16:24:06","slug":"politica-de-cookies","status":"publish","type":"page","link":"https:\/\/eadmais.online\/en\/politica-de-cookies\/","title":{"rendered":"Pol\u00edticas de cookies"},"content":{"rendered":"<h1>Pol\u00edtica de Cookies &#8211; EadMais<\/h1>\n<h2>1. Introduction<\/h2>\n<p>Welcome to <strong>EadMais<\/strong> (eadmais.online). Esta Pol\u00edtica de Cookies explica como a <strong>IF.ADS Manager Information Services LTDA<\/strong>, operando como <strong>EadMais<\/strong>, usa cookies e tecnologias similares para reconhecer voc\u00ea quando visita nosso site. Ela explica o que s\u00e3o essas tecnologias e por que as usamos, bem como seus direitos de controlar nosso uso delas.<\/p>\n<h2>2. O que s\u00e3o cookies?<\/h2>\n<p>Cookies s\u00e3o pequenos arquivos de dados colocados no seu dispositivo (computador, telefone, tablet etc.) quando voc\u00ea visita um site. Eles s\u00e3o amplamente usados para fazer os sites funcionarem, ou funcionarem de forma mais eficiente, bem como para fornecer informa\u00e7\u00f5es aos propriet\u00e1rios do site.<\/p>\n<h2>3. Por que usamos cookies?<\/h2>\n<p>Usamos cookies de primeira parte e de terceiros por v\u00e1rios motivos. Alguns cookies s\u00e3o necess\u00e1rios por motivos t\u00e9cnicos para que nosso site funcione, e os referimos como &#8220;essenciais&#8221; ou &#8220;estritamente necess\u00e1rios&#8221;. Outros cookies nos permitem rastrear e direcionar os interesses de nossos usu\u00e1rios para melhorar a experi\u00eancia em nosso site. Terceiros servem cookies atrav\u00e9s do eadmais.online para publicidade, an\u00e1lise e outros fins.<\/p>\n<h2>4. Tipos de cookies usados no EadMais<\/h2>\n<h3>4.1 Cookies Essenciais<\/h3>\n<p>Estes cookies s\u00e3o estritamente necess\u00e1rios para fornecer a voc\u00ea os servi\u00e7os dispon\u00edveis atrav\u00e9s do nosso site e para usar algumas de suas funcionalidades, como o acesso a \u00e1reas seguras.<\/p>\n<h3>4.2 Cookies de Desempenho e Funcionalidade<\/h3>\n<p>Estes cookies s\u00e3o usados para aprimorar o desempenho e a funcionalidade do nosso site, mas n\u00e3o s\u00e3o essenciais para o seu uso. Sem esses cookies, no entanto, certas funcionalidades (como v\u00eddeos) podem se tornar indispon\u00edveis.<\/p>\n<h3>4.3 Cookies de An\u00e1lise e Personaliza\u00e7\u00e3o<\/h3>\n<p>Estes cookies coletam informa\u00e7\u00f5es que s\u00e3o usadas de forma agregada para nos ajudar a entender como nosso site est\u00e1 sendo usado ou qu\u00e3o eficazes s\u00e3o nossas campanhas de marketing, ou para nos ajudar a personalizar nosso site para voc\u00ea.<\/p>\n<h3>4.4 Cookies de Publicidade<\/h3>\n<p>Estes cookies s\u00e3o usados para tornar as mensagens publicit\u00e1rias mais relevantes para voc\u00ea. Eles desempenham fun\u00e7\u00f5es como evitar que o mesmo an\u00fancio reapare\u00e7a continuamente, garantindo que os an\u00fancios sejam exibidos corretamente, e em alguns casos, selecionando an\u00fancios baseados em seus interesses.<\/p>\n<h2>5. Controle de Cookies<\/h2>\n<p>Voc\u00ea tem o direito de decidir se aceita ou rejeita cookies. Voc\u00ea pode exercer suas prefer\u00eancias de cookie ajustando as configura\u00e7\u00f5es do seu navegador. A maioria dos navegadores permite recusar ou aceitar cookies. Se voc\u00ea optar por rejeitar cookies, ainda poder\u00e1 usar nosso site, embora seu acesso a algumas funcionalidades e \u00e1reas possa ser restrito.<\/p>\n<h2>6. Altera\u00e7\u00f5es na Pol\u00edtica de Cookies<\/h2>\n<p>Podemos atualizar esta Pol\u00edtica de Cookies periodicamente para refletir, por exemplo, mudan\u00e7as nos cookies que usamos ou por outros motivos operacionais, legais ou regulat\u00f3rios. Por favor, visite esta Pol\u00edtica de Cookies regularmente para se manter informado sobre o uso de cookies e tecnologias relacionadas.<\/p>\n<h2>7. Contato<\/h2>\n<p>Se voc\u00ea tiver alguma d\u00favida sobre nosso uso de cookies ou outras tecnologias, envie um e-mail para [<a target=\"_new\" rel=\"noopener\">contato@eadmais.online<\/a>].<\/p>\n<hr \/>\n<p><strong>EadMais e IF.ADS Manager Servi\u00e7os de Informa\u00e7\u00f5es LTDA. Todos os direitos reservados. Data da \u00faltima atualiza\u00e7\u00e3o: 15 de Janeiro de 2024.<\/strong><\/p>","protected":false},"excerpt":{"rendered":"<p>Pol\u00edtica de Cookies &#8211; EadMais 1. Introdu\u00e7\u00e3o Bem-vindo ao EadMais (eadmais.online). Esta Pol\u00edtica de Cookies explica como a IF.ADS Manager Servi\u00e7os de Informa\u00e7\u00f5es LTDA, operando como EadMais, usa cookies e tecnologias similares para reconhecer voc\u00ea quando visita nosso site. Ela explica o que s\u00e3o essas tecnologias e por que as usamos, bem como seus direitos&#8230;<\/p>","protected":false},"author":2,"featured_media":0,"parent":0,"menu_order":0,"comment_status":"closed","ping_status":"closed","template":"","meta":{"_uag_custom_page_level_css":"","footnotes":""},"class_list":["post-765","page","type-page","status-publish","hentry"],"uagb_featured_image_src":{"full":false,"thumbnail":false,"medium":false,"medium_large":false,"large":false,"1536x1536":false,"2048x2048":false,"trp-custom-language-flag":false},"uagb_author_info":{"display_name":"Matheus Dias","author_link":"https:\/\/eadmais.online\/en\/author\/matheusdias\/"},"uagb_comment_info":0,"uagb_excerpt":"Pol\u00edtica de Cookies &#8211; EadMais 1. Introdu\u00e7\u00e3o Bem-vindo ao EadMais (eadmais.online). Esta Pol\u00edtica de Cookies explica como a IF.ADS Manager Servi\u00e7os de Informa\u00e7\u00f5es LTDA, operando como EadMais, usa cookies e tecnologias similares para reconhecer voc\u00ea quando visita nosso site. Ela explica o que s\u00e3o essas tecnologias e por que as usamos, bem como seus direitos...","_links":{"self":[{"href":"https:\/\/eadmais.online\/en\/wp-json\/wp\/v2\/pages\/765","targetHints":{"allow":["GET"]}}],"collection":[{"href":"https:\/\/eadmais.online\/en\/wp-json\/wp\/v2\/pages"}],"about":[{"href":"https:\/\/eadmais.online\/en\/wp-json\/wp\/v2\/types\/page"}],"author":[{"embeddable":true,"href":"https:\/\/eadmais.online\/en\/wp-json\/wp\/v2\/users\/2"}],"replies":[{"embeddable":true,"href":"https:\/\/eadmais.online\/en\/wp-json\/wp\/v2\/comments?post=765"}],"version-history":[{"count":0,"href":"https:\/\/eadmais.online\/en\/wp-json\/wp\/v2\/pages\/765\/revisions"}],"wp:attachment":[{"href":"https:\/\/eadmais.online\/en\/wp-json\/wp\/v2\/media?parent=765"}],"curies":[{"name":"wp","href":"https:\/\/api.w.org\/{rel}","templated":true}]}}