{"id":23885,"date":"2024-08-27T09:18:06","date_gmt":"2024-08-27T12:18:06","guid":{"rendered":"https:\/\/eadmais.online\/?page_id=23885"},"modified":"2024-12-17T18:52:40","modified_gmt":"2024-12-17T18:52:40","slug":"teste-de-lideranca","status":"publish","type":"page","link":"https:\/\/eadmais.online\/es\/teste-de-lideranca\/","title":{"rendered":"Teste de lideran\u00e7a"},"content":{"rendered":"<p><img loading=\"lazy\" decoding=\"async\" width=\"150\" height=\"150\" src=\"https:\/\/eadmais.online\/wp-content\/uploads\/2024\/08\/IMG_0296-150x150.jpeg\" alt=\"Descubra Seu Estilo de Lideran\u00e7a e Como Ele Impacta Seu Sucesso\" \/>\t\t\t\t\t\t\t\t\t\t\t\t\t\t\t<\/p>\n<p style=\"text-align: center;\">\u00bfSabes cu\u00e1l es tu estilo de liderazgo?<\/p>\n<p style=\"text-align: center;\"><strong>\u00a1Desc\u00fabrelo ahora en menos de 2 minutos! <\/strong><\/p>\n<p style=\"text-align: center;\">Responde a algunas situaciones hipot\u00e9ticas y, en funci\u00f3n de tus elecciones, descubre qu\u00e9 estilo de liderazgo te representa mejor.<\/p>\n<p>\t\t\t\t\t<a href=\"https:\/\/eadmais.online\/es\/teste-de-lideranca-1\/\"><br \/>\n\t\t\t\t\t\t\t\t\tEmpezar a probar<br \/>\n\t\t\t\t\t<\/a><\/p>\n<p>A lo largo de los a\u00f1os, se ha mantenido constante una valiosa tradici\u00f3n: la b\u00fasqueda del crecimiento personal y profesional a trav\u00e9s de pruebas y evaluaciones.<\/p>\n<p>Ya sea explorando nuevas estrategias empresariales, perfeccionando habilidades de liderazgo o profundizando la autoconciencia, estas pr\u00e1cticas contin\u00faan desempe\u00f1ando un papel crucial en el desarrollo de individuos y organizaciones.<\/p>\n<p>Si est\u00e1s listo para desafiar tus habilidades y descubrir nuevas perspectivas, \u00a1es hora de poner a prueba tus conocimientos y habilidades!<\/p>\n<p>Nodo <a style=\"color: #808080;\" href=\"https:\/\/eadmais.online\/es\/\">EADMais.online<\/a>, ofrecemos una plataforma interactiva y estimulante para que eval\u00faes y ampl\u00edes tus capacidades en las \u00e1reas de emprendimiento, liderazgo y autoconocimiento.<\/p>\n<p>Nuestros cuestionarios est\u00e1n dise\u00f1ados para brindar una experiencia enriquecedora, permiti\u00e9ndole descubrir nuevas estrategias, evaluar su estilo de liderazgo y profundizar su comprensi\u00f3n de s\u00ed mismo.<\/p>\n<p><strong>Acerca de EAD+<\/strong><\/p>\n<p>Nodo <a style=\"color: #808080;\" href=\"https:\/\/eadmais.online\/es\/\">EA+<\/a>, nuestro<strong> El objetivo es ofrecer una experiencia educativa.<\/strong> y atractivo para todos aquellos interesados en el desarrollo personal y profesional.<\/p>\n<p>Nuestra amplia gama de pruebas y cuestionarios cubren temas esenciales como <strong>emprendimiento, liderazgo y autoconocimiento<\/strong>, permiti\u00e9ndote desafiar tus habilidades y ampliar tus horizontes de una manera accesible y pr\u00e1ctica.<\/p>\n<p>Creemos que el crecimiento debe ser asequible y conveniente.<\/p>\n<p>Por lo tanto, creamos un entorno donde puede realizar nuestras pruebas y cuestionarios directamente desde la comodidad de su hogar.<\/p>\n<p>Con un dise\u00f1o intuitivo y preguntas desafiantes, nuestra plataforma est\u00e1 aqu\u00ed para ayudarte a alcanzar tus objetivos y mejorar tus habilidades.<\/p>\n<p>As\u00ed que \u00a1no esperes m\u00e1s! Visita <a style=\"color: #808080;\" href=\"https:\/\/eadmais.online\/es\/\">EA+<\/a> y, participa en nuestras pruebas y descubre nuevas oportunidades para tu crecimiento personal y profesional.<\/p>\n<p>\u00a1Ven a desafiarte y mejorar tus habilidades con nosotros!<\/p>","protected":false},"excerpt":{"rendered":"<p>Voc\u00ea sabe qual \u00e9 o seu estilo de lideran\u00e7a? Descubra agora em menos de 2 minutos! Responda a algumas situa\u00e7\u00f5es hipot\u00e9ticas e, baseado em suas escolhas, descubra qual estilo de lideran\u00e7a melhor representa voc\u00ea. Come\u00e7ar teste Ao longo dos anos, uma tradi\u00e7\u00e3o valiosa tem se mantido constante: a busca pelo crescimento pessoal e profissional atrav\u00e9s&#8230;<\/p>","protected":false},"author":2,"featured_media":23949,"parent":0,"menu_order":0,"comment_status":"closed","ping_status":"closed","template":"elementor_canvas","meta":{"_uag_custom_page_level_css":"","footnotes":""},"class_list":["post-23885","page","type-page","status-publish","has-post-thumbnail","hentry"],"uagb_featured_image_src":{"full":["https:\/\/eadmais.online\/wp-content\/uploads\/2024\/08\/WhatsApp-Image-2024-08-27-at-10.41.35.jpeg",1280,720,false],"thumbnail":["https:\/\/eadmais.online\/wp-content\/uploads\/2024\/08\/WhatsApp-Image-2024-08-27-at-10.41.35-150x150.jpeg",150,150,true],"medium":["https:\/\/eadmais.online\/wp-content\/uploads\/2024\/08\/WhatsApp-Image-2024-08-27-at-10.41.35-300x169.jpeg",300,169,true],"medium_large":["https:\/\/eadmais.online\/wp-content\/uploads\/2024\/08\/WhatsApp-Image-2024-08-27-at-10.41.35-768x432.jpeg",768,432,true],"large":["https:\/\/eadmais.online\/wp-content\/uploads\/2024\/08\/WhatsApp-Image-2024-08-27-at-10.41.35-1024x576.jpeg",1024,576,true],"1536x1536":["https:\/\/eadmais.online\/wp-content\/uploads\/2024\/08\/WhatsApp-Image-2024-08-27-at-10.41.35.jpeg",1280,720,false],"2048x2048":["https:\/\/eadmais.online\/wp-content\/uploads\/2024\/08\/WhatsApp-Image-2024-08-27-at-10.41.35.jpeg",1280,720,false],"trp-custom-language-flag":["https:\/\/eadmais.online\/wp-content\/uploads\/2024\/08\/WhatsApp-Image-2024-08-27-at-10.41.35-18x10.jpeg",18,10,true]},"uagb_author_info":{"display_name":"Matheus Dias","author_link":"https:\/\/eadmais.online\/es\/author\/matheusdias\/"},"uagb_comment_info":0,"uagb_excerpt":"Voc\u00ea sabe qual \u00e9 o seu estilo de lideran\u00e7a? Descubra agora em menos de 2 minutos! Responda a algumas situa\u00e7\u00f5es hipot\u00e9ticas e, baseado em suas escolhas, descubra qual estilo de lideran\u00e7a melhor representa voc\u00ea. Come\u00e7ar teste Ao longo dos anos, uma tradi\u00e7\u00e3o valiosa tem se mantido constante: a busca pelo crescimento pessoal e profissional atrav\u00e9s...","_links":{"self":[{"href":"https:\/\/eadmais.online\/es\/wp-json\/wp\/v2\/pages\/23885","targetHints":{"allow":["GET"]}}],"collection":[{"href":"https:\/\/eadmais.online\/es\/wp-json\/wp\/v2\/pages"}],"about":[{"href":"https:\/\/eadmais.online\/es\/wp-json\/wp\/v2\/types\/page"}],"author":[{"embeddable":true,"href":"https:\/\/eadmais.online\/es\/wp-json\/wp\/v2\/users\/2"}],"replies":[{"embeddable":true,"href":"https:\/\/eadmais.online\/es\/wp-json\/wp\/v2\/comments?post=23885"}],"version-history":[{"count":5,"href":"https:\/\/eadmais.online\/es\/wp-json\/wp\/v2\/pages\/23885\/revisions"}],"predecessor-version":[{"id":25178,"href":"https:\/\/eadmais.online\/es\/wp-json\/wp\/v2\/pages\/23885\/revisions\/25178"}],"wp:featuredmedia":[{"embeddable":true,"href":"https:\/\/eadmais.online\/es\/wp-json\/wp\/v2\/media\/23949"}],"wp:attachment":[{"href":"https:\/\/eadmais.online\/es\/wp-json\/wp\/v2\/media?parent=23885"}],"curies":[{"name":"wp","href":"https:\/\/api.w.org\/{rel}","templated":true}]}}