{"id":23926,"date":"2024-08-27T10:07:35","date_gmt":"2024-08-27T13:07:35","guid":{"rendered":"https:\/\/eadmais.online\/?page_id=23926"},"modified":"2024-12-17T19:31:11","modified_gmt":"2024-12-17T19:31:11","slug":"teste-de-lideranca-3b","status":"publish","type":"page","link":"https:\/\/eadmais.online\/es\/teste-de-lideranca-3b\/","title":{"rendered":"Teste de lideran\u00e7a 3b"},"content":{"rendered":"<p><img loading=\"lazy\" decoding=\"async\" width=\"150\" height=\"150\" src=\"https:\/\/eadmais.online\/wp-content\/uploads\/2024\/08\/IMG_0296-150x150.jpeg\" alt=\"Descubra Seu Estilo de Lideran\u00e7a e Como Ele Impacta Seu Sucesso\" \/>\t\t\t\t\t\t\t\t\t\t\t\t\t\t\t<\/p>\n<h2>Segunda pregunta:<\/h2>\n<p style=\"text-align: center;\">Has presentado una visi\u00f3n inspiradora para el futuro del equipo, pero te das cuenta de que no est\u00e1n seguros. \u00bfA qu\u00e9 te dedicas?<\/p>\n<p>\t\t\t\t\t<a href=\"https:\/\/eadmais.online\/es\/resultado-lideranca-transformacional\/\"><br \/>\n\t\t\t\t\t\t\t\t\tAnimo a cada miembro a desarrollar sus habilidades \u00fanicas, inspirando creatividad y crecimiento personal en todos.<br \/>\n\t\t\t\t\t<\/a><br \/>\n\t\t\t\t\t<a href=\"https:\/\/eadmais.online\/es\/resultado-lideranca-autocratica\/\"><br \/>\n\t\t\t\t\t\t\t\t\tConvoco al equipo a una reuni\u00f3n abierta, escucho sugerencias y ajusto el plan seg\u00fan la retroalimentaci\u00f3n colectiva.<br \/>\n\t\t\t\t\t<\/a><\/p>","protected":false},"excerpt":{"rendered":"<p>Segunda pergunta: Voc\u00ea apresentou uma vis\u00e3o inspiradora para o futuro da equipe, mas percebe que eles est\u00e3o inseguros. O que voc\u00ea faz? Estimulo cada membro a desenvolver suas habilidades \u00fanicas, inspirando a criatividade e o crescimento pessoal de todos. Chamo o time para uma reuni\u00e3o aberta, ouvindo sugest\u00f5es e ajustando o planejamento de acordo com&#8230;<\/p>","protected":false},"author":2,"featured_media":0,"parent":0,"menu_order":0,"comment_status":"closed","ping_status":"closed","template":"elementor_canvas","meta":{"_uag_custom_page_level_css":"","footnotes":""},"class_list":["post-23926","page","type-page","status-publish","hentry"],"uagb_featured_image_src":{"full":false,"thumbnail":false,"medium":false,"medium_large":false,"large":false,"1536x1536":false,"2048x2048":false,"trp-custom-language-flag":false},"uagb_author_info":{"display_name":"Matheus Dias","author_link":"https:\/\/eadmais.online\/es\/author\/matheusdias\/"},"uagb_comment_info":0,"uagb_excerpt":"Segunda pergunta: Voc\u00ea apresentou uma vis\u00e3o inspiradora para o futuro da equipe, mas percebe que eles est\u00e3o inseguros. O que voc\u00ea faz? Estimulo cada membro a desenvolver suas habilidades \u00fanicas, inspirando a criatividade e o crescimento pessoal de todos. Chamo o time para uma reuni\u00e3o aberta, ouvindo sugest\u00f5es e ajustando o planejamento de acordo com...","_links":{"self":[{"href":"https:\/\/eadmais.online\/es\/wp-json\/wp\/v2\/pages\/23926","targetHints":{"allow":["GET"]}}],"collection":[{"href":"https:\/\/eadmais.online\/es\/wp-json\/wp\/v2\/pages"}],"about":[{"href":"https:\/\/eadmais.online\/es\/wp-json\/wp\/v2\/types\/page"}],"author":[{"embeddable":true,"href":"https:\/\/eadmais.online\/es\/wp-json\/wp\/v2\/users\/2"}],"replies":[{"embeddable":true,"href":"https:\/\/eadmais.online\/es\/wp-json\/wp\/v2\/comments?post=23926"}],"version-history":[{"count":5,"href":"https:\/\/eadmais.online\/es\/wp-json\/wp\/v2\/pages\/23926\/revisions"}],"predecessor-version":[{"id":25237,"href":"https:\/\/eadmais.online\/es\/wp-json\/wp\/v2\/pages\/23926\/revisions\/25237"}],"wp:attachment":[{"href":"https:\/\/eadmais.online\/es\/wp-json\/wp\/v2\/media?parent=23926"}],"curies":[{"name":"wp","href":"https:\/\/api.w.org\/{rel}","templated":true}]}}