{"id":24620,"date":"2024-11-06T14:53:20","date_gmt":"2024-11-06T17:53:20","guid":{"rendered":"https:\/\/eadmais.online\/?page_id=24620"},"modified":"2024-11-06T14:53:20","modified_gmt":"2024-11-06T17:53:20","slug":"bem-vindo-ao-futuro","status":"publish","type":"page","link":"https:\/\/eadmais.online\/es\/bem-vindo-ao-futuro\/","title":{"rendered":"Bem vindo ao futuro"},"content":{"rendered":"<h2>Bem-vindo ao futuro: Descubra como ganhar em d\u00f3lar usando intelig\u00eancia artificial<\/h2>\n<h2>\n                                                Uma profiss\u00e3o revolucion\u00e1ria que gera renda sem vender, sem aparecer, apenas criando conte\u00fado de valor!                                          <\/h2>\n<p style=\"text-align: center;\">Imagine um mundo onde voc\u00ea pode lucrar sem ter que se expor, vender ou investir pesado.<\/p>\n<p style=\"text-align: center;\">Onde seu conhecimento e a tecnologia trabalham juntos para gerar uma renda s\u00f3lida.<\/p>\n<p style=\"text-align: center;\"><strong>Esse mundo existe, e ele \u00e9 o futuro das profiss\u00f5es digitais!<\/strong><\/p>\n<p style=\"text-align: center;\">Com o poder da Intelig\u00eancia Artificial, voc\u00ea pode criar conte\u00fados \u00fanicos, de alto valor, que atraem milhares de visitantes\u2026 e <strong>lucrar em d\u00f3lar<\/strong> com an\u00fancios.<\/p>\n<p style=\"text-align: center;\"><strong>Quer dar o primeiro passo?<\/strong> \u00c9 mais f\u00e1cil do que parece.<\/p>\n<p><strong>O que voc\u00ea vai aprender:<\/strong><\/p>\n<ul>\n<li>Como transformar a IA em sua aliada para criar conte\u00fados que chamam a aten\u00e7\u00e3o<\/li>\n<li>Estrat\u00e9gias para rentabilizar seus conte\u00fados com an\u00fancios que pagam em d\u00f3lar<\/li>\n<li>Como voc\u00ea pode come\u00e7ar AGORA, sem vender nada, sem aparecer e sem habilidades complexas<\/li>\n<\/ul>\n<p style=\"text-align: center;\">Voc\u00ea est\u00e1 a <strong>um clique<\/strong> de descobrir o passo a passo para se tornar um <strong>profissional do futuro<\/strong> e garantir uma renda com a ajuda da Intelig\u00eancia Artificial!<\/p>\n<p style=\"text-align: center;\"><strong>Preparado para uma oportunidade \u00fanica?<\/strong><\/p>\n<p style=\"text-align: center;\">Clique no bot\u00e3o abaixo e <strong>assista ao v\u00eddeo explicativo completo<\/strong>!<\/p>\n<p>                            <a href=\"https:\/\/eadmais.online\/es\/parabens-pelo-primeiro-passo\/\"><br \/>\n                                    \ud83d\udc49 Quero descobrir essa nova profiss\u00e3o!<br \/>\n                                    <svg fill=\"currentColor\" width=\"16\" height=\"16\" viewbox=\"0 0 16 16\"><path d=\"M8 0L6.59 1.41L12.17 7H0V9H12.17L6.59 14.59L8 16L16 8L8 0Z\"><\/path><\/svg>                <\/a><\/p>\n<p>\n                N\u00e3o perca tempo \u2013 oportunidades como essa s\u00e3o raras. Mais do que nunca, a tecnologia est\u00e1 abrindo portas para quem quer inovar e construir sua pr\u00f3pria jornada. Comece hoje mesmo!\n                <\/p>","protected":false},"excerpt":{"rendered":"<p>Bem-vindo ao futuro: Descubra como ganhar em d\u00f3lar usando intelig\u00eancia artificial Uma profiss\u00e3o revolucion\u00e1ria que gera renda sem vender, sem aparecer, apenas criando conte\u00fado de valor! Imagine um mundo onde voc\u00ea pode lucrar sem ter que se expor, vender ou investir pesado. Onde seu conhecimento e a tecnologia trabalham juntos para gerar uma renda s\u00f3lida&#8230;.<\/p>","protected":false},"author":2,"featured_media":0,"parent":0,"menu_order":0,"comment_status":"closed","ping_status":"closed","template":"elementor_canvas","meta":{"_uag_custom_page_level_css":"","footnotes":""},"class_list":["post-24620","page","type-page","status-publish","hentry"],"uagb_featured_image_src":{"full":false,"thumbnail":false,"medium":false,"medium_large":false,"large":false,"1536x1536":false,"2048x2048":false,"trp-custom-language-flag":false},"uagb_author_info":{"display_name":"Matheus Dias","author_link":"https:\/\/eadmais.online\/es\/author\/matheusdias\/"},"uagb_comment_info":0,"uagb_excerpt":"Bem-vindo ao futuro: Descubra como ganhar em d\u00f3lar usando intelig\u00eancia artificial Uma profiss\u00e3o revolucion\u00e1ria que gera renda sem vender, sem aparecer, apenas criando conte\u00fado de valor! Imagine um mundo onde voc\u00ea pode lucrar sem ter que se expor, vender ou investir pesado. Onde seu conhecimento e a tecnologia trabalham juntos para gerar uma renda s\u00f3lida....","_links":{"self":[{"href":"https:\/\/eadmais.online\/es\/wp-json\/wp\/v2\/pages\/24620","targetHints":{"allow":["GET"]}}],"collection":[{"href":"https:\/\/eadmais.online\/es\/wp-json\/wp\/v2\/pages"}],"about":[{"href":"https:\/\/eadmais.online\/es\/wp-json\/wp\/v2\/types\/page"}],"author":[{"embeddable":true,"href":"https:\/\/eadmais.online\/es\/wp-json\/wp\/v2\/users\/2"}],"replies":[{"embeddable":true,"href":"https:\/\/eadmais.online\/es\/wp-json\/wp\/v2\/comments?post=24620"}],"version-history":[{"count":0,"href":"https:\/\/eadmais.online\/es\/wp-json\/wp\/v2\/pages\/24620\/revisions"}],"wp:attachment":[{"href":"https:\/\/eadmais.online\/es\/wp-json\/wp\/v2\/media?parent=24620"}],"curies":[{"name":"wp","href":"https:\/\/api.w.org\/{rel}","templated":true}]}}