{"id":25217,"date":"2024-12-17T19:17:16","date_gmt":"2024-12-17T19:17:16","guid":{"rendered":"https:\/\/eadmais.online\/?page_id=25217"},"modified":"2024-12-17T19:19:11","modified_gmt":"2024-12-17T19:19:11","slug":"resultado-lideranca-autocratica","status":"publish","type":"page","link":"https:\/\/eadmais.online\/es\/resultado-lideranca-autocratica\/","title":{"rendered":"Resultado: liderazgo autocr\u00e1tico"},"content":{"rendered":"<p><svg aria-hidden=\"true\" viewbox=\"0 0 496 512\" xmlns=\"http:\/\/www.w3.org\/2000\/svg\"><path d=\"M248 8C111 8 0 119 0 256s111 248 248 248 248-111 248-248S385 8 248 8zm0 448c-110.3 0-200-89.7-200-200S137.7 56 248 56s200 89.7 200 200-89.7 200-200 200zm117.8-146.4c-10.2-8.5-25.3-7.1-33.8 3.1-20.8 25-51.5 39.4-84 39.4s-63.2-14.3-84-39.4c-8.5-10.2-23.7-11.5-33.8-3.1-10.2 8.5-11.5 23.6-3.1 33.8 30 36 74.1 56.6 120.9 56.6s90.9-20.6 120.9-56.6c8.5-10.2 7.1-25.3-3.1-33.8zM168 240c17.7 0 32-14.3 32-32s-14.3-32-32-32-32 14.3-32 32 14.3 32 32 32zm160-60c-25.7 0-55.9 16.9-59.9 42.1-1.7 11.2 11.5 18.2 19.8 10.8l9.5-8.5c14.8-13.2 46.2-13.2 61 0l9.5 8.5c8.5 7.4 21.6.3 19.8-10.8-3.8-25.2-34-42.1-59.7-42.1z\"><\/path><\/svg><br \/>\n\t\t\t\t\t\t\t\t\t100%<\/p>\n<h1>Resultado: liderazgo autocr\u00e1tico<\/h1>\n<p>\u00a1Eres un l\u00edder autocr\u00e1tico!<\/p>\n<p>Prefiere tener control sobre las decisiones y mantener una l\u00ednea de autoridad clara, asegurando velocidad de ejecuci\u00f3n y claridad en cuanto a lo que se debe hacer.<\/p>\n<p>Como l\u00edder autocr\u00e1tico, aportas agilidad y concentraci\u00f3n al equipo, evitando largos procesos de toma de decisiones.<\/p>\n<p>Esto puede resultar especialmente \u00fatil en tiempos de crisis o cuando es necesario actuar con rapidez.<\/p>\n<p>Sin embargo, es importante recordar que un estilo muy r\u00edgido puede inhibir la creatividad y la iniciativa del grupo.<\/p>\n<p>Al equilibrar su autoridad con momentos de escucha activa, retroalimentaci\u00f3n y reconocimiento, puede crear un entorno en el que el equipo comprenda la estructura pero se sienta libre de contribuir.<\/p>\n<ul>\n<li><strong>Gu\u00eda pr\u00e1ctica para evaluar y mejorar su estilo de liderazgo<\/strong> &#8211; <a href=\"https:\/\/eadmais.online\/es\/guia-pratico-para-avaliar-e-melhorar-seu-estilo-de-lideranca\/\">leer<\/a><\/li>\n<li><strong>Gu\u00eda de comunicaci\u00f3n efectiva para l\u00edderes<\/strong> &#8211; <a href=\"https:\/\/eadmais.online\/es\/guia-de-comunicacao-eficaz-para-lideres\/\">leer<\/a><\/li>\n<li><strong>Gu\u00eda para construir un equipo de alto rendimiento<\/strong> &#8211; <a href=\"https:\/\/eadmais.online\/es\/guia-para-construir-uma-equipe-de-alta-performance\/\">leer<\/a><\/li>\n<\/ul>\n<p>\t\t\t\t\t<a href=\"https:\/\/eadmais.online\/es\/teste-de-lideranca\/\"><br \/>\n\t\t\t\t\t\t\t\t\tVolver a tomar la prueba<br \/>\n\t\t\t\t\t<\/a><br \/>\n\t\t\t\t\t<a href=\"https:\/\/eadmais.online\/es\/\"><br \/>\n\t\t\t\t\t\t\t\t\tsalir de la prueba<br \/>\n\t\t\t\t\t<\/a><\/p>","protected":false},"excerpt":{"rendered":"<p>100% Resultado: Lideran\u00e7a Autocr\u00e1tica Voc\u00ea \u00e9 um(a) l\u00edder Autocr\u00e1tico(a)! Voc\u00ea prefere ter o controle das decis\u00f5es e manter uma linha de autoridade clara, garantindo rapidez na execu\u00e7\u00e3o e clareza quanto ao que precisa ser feito. Como um l\u00edder Autocr\u00e1tico, voc\u00ea traz agilidade e foco ao time, evitando longos processos decis\u00f3rios. Isso pode ser especialmente \u00fatil&#8230;<\/p>","protected":false},"author":2,"featured_media":0,"parent":0,"menu_order":0,"comment_status":"closed","ping_status":"closed","template":"elementor_canvas","meta":{"_uag_custom_page_level_css":"","footnotes":""},"class_list":["post-25217","page","type-page","status-publish","hentry"],"uagb_featured_image_src":{"full":false,"thumbnail":false,"medium":false,"medium_large":false,"large":false,"1536x1536":false,"2048x2048":false,"trp-custom-language-flag":false},"uagb_author_info":{"display_name":"Matheus Dias","author_link":"https:\/\/eadmais.online\/es\/author\/matheusdias\/"},"uagb_comment_info":0,"uagb_excerpt":"100% Resultado: Lideran\u00e7a Autocr\u00e1tica Voc\u00ea \u00e9 um(a) l\u00edder Autocr\u00e1tico(a)! Voc\u00ea prefere ter o controle das decis\u00f5es e manter uma linha de autoridade clara, garantindo rapidez na execu\u00e7\u00e3o e clareza quanto ao que precisa ser feito. Como um l\u00edder Autocr\u00e1tico, voc\u00ea traz agilidade e foco ao time, evitando longos processos decis\u00f3rios. Isso pode ser especialmente \u00fatil...","_links":{"self":[{"href":"https:\/\/eadmais.online\/es\/wp-json\/wp\/v2\/pages\/25217","targetHints":{"allow":["GET"]}}],"collection":[{"href":"https:\/\/eadmais.online\/es\/wp-json\/wp\/v2\/pages"}],"about":[{"href":"https:\/\/eadmais.online\/es\/wp-json\/wp\/v2\/types\/page"}],"author":[{"embeddable":true,"href":"https:\/\/eadmais.online\/es\/wp-json\/wp\/v2\/users\/2"}],"replies":[{"embeddable":true,"href":"https:\/\/eadmais.online\/es\/wp-json\/wp\/v2\/comments?post=25217"}],"version-history":[{"count":4,"href":"https:\/\/eadmais.online\/es\/wp-json\/wp\/v2\/pages\/25217\/revisions"}],"predecessor-version":[{"id":25222,"href":"https:\/\/eadmais.online\/es\/wp-json\/wp\/v2\/pages\/25217\/revisions\/25222"}],"wp:attachment":[{"href":"https:\/\/eadmais.online\/es\/wp-json\/wp\/v2\/media?parent=25217"}],"curies":[{"name":"wp","href":"https:\/\/api.w.org\/{rel}","templated":true}]}}