{"id":25238,"date":"2024-12-17T19:35:29","date_gmt":"2024-12-17T19:35:29","guid":{"rendered":"https:\/\/eadmais.online\/?page_id=25238"},"modified":"2024-12-17T19:52:41","modified_gmt":"2024-12-17T19:52:41","slug":"teste-de-qualidade-do-sono","status":"publish","type":"page","link":"https:\/\/eadmais.online\/es\/teste-de-qualidade-do-sono\/","title":{"rendered":"Prueba de calidad del sue\u00f1o"},"content":{"rendered":"<p><img loading=\"lazy\" decoding=\"async\" width=\"150\" height=\"150\" src=\"https:\/\/eadmais.online\/wp-content\/uploads\/2024\/12\/Dia-Mundial-do-Sono-150x150.webp\" alt=\"\" srcset=\"https:\/\/eadmais.online\/wp-content\/uploads\/2024\/12\/Dia-Mundial-do-Sono-150x150.webp 150w, https:\/\/eadmais.online\/wp-content\/uploads\/2024\/12\/Dia-Mundial-do-Sono-13x12.webp 13w\" sizes=\"auto, (max-width: 150px) 100vw, 150px\" \/>\t\t\t\t\t\t\t\t\t\t\t\t\t\t\t<\/p>\n<p style=\"text-align: center;\">\u00bfQuieres saber cu\u00e1l es la calidad de tu sue\u00f1o? Responde algunas situaciones sencillas y comprueba en qu\u00e9 perfil encajas.<\/p>\n<p style=\"text-align: center;\"><strong>\u00a1Desc\u00fabrelo ahora en menos de 2 minutos!<\/strong><\/p>\n<p>\t\t\t\t\t<a href=\"https:\/\/eadmais.online\/es\/teste-do-sono-2\/\"><br \/>\n\t\t\t\t\t\t\t\t\tpara empezar<br \/>\n\t\t\t\t\t<\/a><\/p>\n<p><strong>Acerca de EAD+<\/strong><\/p>\n<p>Nodo <a style=\"color: #808080;\" href=\"https:\/\/eadmais.online\/es\/\">EA+<\/a>, nuestro<strong> El objetivo es ofrecer una experiencia educativa.<\/strong> y atractivo para todos aquellos interesados en el desarrollo personal y profesional.<\/p>\n<p>Nuestra amplia gama de pruebas y cuestionarios cubren temas esenciales, lo que le permite desafiar sus habilidades y ampliar sus horizontes de una manera accesible y pr\u00e1ctica.<\/p>\n<p>Creemos que el crecimiento debe ser asequible y conveniente.<\/p>\n<p>Por lo tanto, creamos un entorno donde puede realizar nuestras pruebas y cuestionarios directamente desde la comodidad de su hogar.<\/p>\n<p>Con un dise\u00f1o intuitivo y preguntas desafiantes, nuestra plataforma est\u00e1 aqu\u00ed para ayudarte a alcanzar tus objetivos y mejorar tus habilidades.<\/p>\n<p>As\u00ed que \u00a1no esperes m\u00e1s! Visita <a style=\"color: #808080;\" href=\"https:\/\/eadmais.online\/es\/\">EA+<\/a> y, participa en nuestras pruebas y descubre nuevas oportunidades para tu crecimiento personal y profesional.<\/p>\n<p>\u00a1Ven a desafiarte y mejorar tus habilidades con nosotros!<\/p>","protected":false},"excerpt":{"rendered":"<p>Quer descobrir qual \u00e9 a qualidade do seu sono? Responda a algumas situa\u00e7\u00f5es simples e veja em qual perfil voc\u00ea se encaixa. Descubra agora em menos de 2 minutos! Come\u00e7ar Sobre o EAD+ No EAD+, nosso objetivo \u00e9 oferecer uma experi\u00eancia educativa e envolvente para todos aqueles interessados em desenvolvimento pessoal e profissional. Nossa ampla&#8230;<\/p>","protected":false},"author":2,"featured_media":0,"parent":0,"menu_order":0,"comment_status":"closed","ping_status":"closed","template":"elementor_canvas","meta":{"_uag_custom_page_level_css":"","footnotes":""},"class_list":["post-25238","page","type-page","status-publish","hentry"],"uagb_featured_image_src":{"full":false,"thumbnail":false,"medium":false,"medium_large":false,"large":false,"1536x1536":false,"2048x2048":false,"trp-custom-language-flag":false},"uagb_author_info":{"display_name":"Matheus Dias","author_link":"https:\/\/eadmais.online\/es\/author\/matheusdias\/"},"uagb_comment_info":0,"uagb_excerpt":"Quer descobrir qual \u00e9 a qualidade do seu sono? Responda a algumas situa\u00e7\u00f5es simples e veja em qual perfil voc\u00ea se encaixa. Descubra agora em menos de 2 minutos! Come\u00e7ar Sobre o EAD+ No EAD+, nosso objetivo \u00e9 oferecer uma experi\u00eancia educativa e envolvente para todos aqueles interessados em desenvolvimento pessoal e profissional. Nossa ampla...","_links":{"self":[{"href":"https:\/\/eadmais.online\/es\/wp-json\/wp\/v2\/pages\/25238","targetHints":{"allow":["GET"]}}],"collection":[{"href":"https:\/\/eadmais.online\/es\/wp-json\/wp\/v2\/pages"}],"about":[{"href":"https:\/\/eadmais.online\/es\/wp-json\/wp\/v2\/types\/page"}],"author":[{"embeddable":true,"href":"https:\/\/eadmais.online\/es\/wp-json\/wp\/v2\/users\/2"}],"replies":[{"embeddable":true,"href":"https:\/\/eadmais.online\/es\/wp-json\/wp\/v2\/comments?post=25238"}],"version-history":[{"count":5,"href":"https:\/\/eadmais.online\/es\/wp-json\/wp\/v2\/pages\/25238\/revisions"}],"predecessor-version":[{"id":25270,"href":"https:\/\/eadmais.online\/es\/wp-json\/wp\/v2\/pages\/25238\/revisions\/25270"}],"wp:attachment":[{"href":"https:\/\/eadmais.online\/es\/wp-json\/wp\/v2\/media?parent=25238"}],"curies":[{"name":"wp","href":"https:\/\/api.w.org\/{rel}","templated":true}]}}