{"id":25244,"date":"2024-12-17T19:39:44","date_gmt":"2024-12-17T19:39:44","guid":{"rendered":"https:\/\/eadmais.online\/?page_id=25244"},"modified":"2024-12-17T19:52:27","modified_gmt":"2024-12-17T19:52:27","slug":"teste-do-sono-2","status":"publish","type":"page","link":"https:\/\/eadmais.online\/es\/teste-do-sono-2\/","title":{"rendered":"Teste do sono 2"},"content":{"rendered":"<p><img loading=\"lazy\" decoding=\"async\" width=\"150\" height=\"150\" src=\"https:\/\/eadmais.online\/wp-content\/uploads\/2024\/12\/Dia-Mundial-do-Sono-150x150.webp\" alt=\"\" srcset=\"https:\/\/eadmais.online\/wp-content\/uploads\/2024\/12\/Dia-Mundial-do-Sono-150x150.webp 150w, https:\/\/eadmais.online\/wp-content\/uploads\/2024\/12\/Dia-Mundial-do-Sono-13x12.webp 13w\" sizes=\"auto, (max-width: 150px) 100vw, 150px\" \/>\t\t\t\t\t\t\t\t\t\t\t\t\t\t\t<\/p>\n<h2>Primera pregunta:<\/h2>\n<p style=\"text-align: center;\">Imag\u00ednese c\u00f3mo se siente cuando se despierta la mayor\u00eda de los d\u00edas. \u00bfCu\u00e1l de las siguientes opciones describe mejor tu estado de \u00e1nimo matutino?<\/p>\n<p>\t\t\t\t\t<a href=\"https:\/\/eadmais.online\/es\/teste-do-sono-3a\/\"><br \/>\n\t\t\t\t\t\t\t\t\tMe despierto sinti\u00e9ndome realmente descansado, lleno de energ\u00eda y listo para el d\u00eda.<br \/>\n\t\t\t\t\t<\/a><br \/>\n\t\t\t\t\t<a href=\"https:\/\/eadmais.online\/es\/teste-do-sono-3b\/\"><br \/>\n\t\t\t\t\t\t\t\t\tMe despierto cansado o con la sensaci\u00f3n de no haber descansado lo suficiente.<br \/>\n\t\t\t\t\t<\/a><\/p>","protected":false},"excerpt":{"rendered":"<p>Primeira Pergunta: Imagine como voc\u00ea se sente ao acordar na maioria dos dias. Qual das alternativas melhor descreve a sua disposi\u00e7\u00e3o matinal? Acordo sentindo-me realmente descansado(a), cheio(a) de energia, pronto(a) para o dia. Acordo cansado(a) ou com a sensa\u00e7\u00e3o de n\u00e3o ter descansado o suficiente.<\/p>","protected":false},"author":2,"featured_media":0,"parent":0,"menu_order":0,"comment_status":"closed","ping_status":"closed","template":"elementor_canvas","meta":{"_uag_custom_page_level_css":"","footnotes":""},"class_list":["post-25244","page","type-page","status-publish","hentry"],"uagb_featured_image_src":{"full":false,"thumbnail":false,"medium":false,"medium_large":false,"large":false,"1536x1536":false,"2048x2048":false,"trp-custom-language-flag":false},"uagb_author_info":{"display_name":"Matheus Dias","author_link":"https:\/\/eadmais.online\/es\/author\/matheusdias\/"},"uagb_comment_info":0,"uagb_excerpt":"Primeira Pergunta: Imagine como voc\u00ea se sente ao acordar na maioria dos dias. Qual das alternativas melhor descreve a sua disposi\u00e7\u00e3o matinal? Acordo sentindo-me realmente descansado(a), cheio(a) de energia, pronto(a) para o dia. Acordo cansado(a) ou com a sensa\u00e7\u00e3o de n\u00e3o ter descansado o suficiente.","_links":{"self":[{"href":"https:\/\/eadmais.online\/es\/wp-json\/wp\/v2\/pages\/25244","targetHints":{"allow":["GET"]}}],"collection":[{"href":"https:\/\/eadmais.online\/es\/wp-json\/wp\/v2\/pages"}],"about":[{"href":"https:\/\/eadmais.online\/es\/wp-json\/wp\/v2\/types\/page"}],"author":[{"embeddable":true,"href":"https:\/\/eadmais.online\/es\/wp-json\/wp\/v2\/users\/2"}],"replies":[{"embeddable":true,"href":"https:\/\/eadmais.online\/es\/wp-json\/wp\/v2\/comments?post=25244"}],"version-history":[{"count":5,"href":"https:\/\/eadmais.online\/es\/wp-json\/wp\/v2\/pages\/25244\/revisions"}],"predecessor-version":[{"id":25267,"href":"https:\/\/eadmais.online\/es\/wp-json\/wp\/v2\/pages\/25244\/revisions\/25267"}],"wp:attachment":[{"href":"https:\/\/eadmais.online\/es\/wp-json\/wp\/v2\/media?parent=25244"}],"curies":[{"name":"wp","href":"https:\/\/api.w.org\/{rel}","templated":true}]}}