{"id":25253,"date":"2024-12-17T19:48:16","date_gmt":"2024-12-17T19:48:16","guid":{"rendered":"https:\/\/eadmais.online\/?page_id=25253"},"modified":"2024-12-17T20:08:38","modified_gmt":"2024-12-17T20:08:38","slug":"teste-do-sono-3a","status":"publish","type":"page","link":"https:\/\/eadmais.online\/es\/teste-do-sono-3a\/","title":{"rendered":"Teste do sono 3a"},"content":{"rendered":"<p><img loading=\"lazy\" decoding=\"async\" width=\"150\" height=\"150\" src=\"https:\/\/eadmais.online\/wp-content\/uploads\/2024\/12\/Dia-Mundial-do-Sono-150x150.webp\" alt=\"\" srcset=\"https:\/\/eadmais.online\/wp-content\/uploads\/2024\/12\/Dia-Mundial-do-Sono-150x150.webp 150w, https:\/\/eadmais.online\/wp-content\/uploads\/2024\/12\/Dia-Mundial-do-Sono-13x12.webp 13w\" sizes=\"auto, (max-width: 150px) 100vw, 150px\" \/>\t\t\t\t\t\t\t\t\t\t\t\t\t\t\t<\/p>\n<h2>Segunda pregunta:<\/h2>\n<p style=\"text-align: center;\">Adem\u00e1s de despertarte bien, \u00bfc\u00f3mo eval\u00faas la duraci\u00f3n del sue\u00f1o?<\/p>\n<p>\t\t\t\t\t<a href=\"https:\/\/eadmais.online\/es\/resultado-boa\/\"><br \/>\n\t\t\t\t\t\t\t\t\tDuermo lo suficiente (entre 7 y 9 horas), rara vez me despierto durante la noche y mantengo un horario regular.<br \/>\n\t\t\t\t\t<\/a><br \/>\n\t\t\t\t\t<a href=\"https:\/\/eadmais.online\/es\/resultado-razoavel\/\"><br \/>\n\t\t\t\t\t\t\t\t\tA pesar de despertarme bien, duermo menos de lo recomendado o me despierto un par de veces durante la noche, pero no me siento tan afectado.<br \/>\n\t\t\t\t\t<\/a><\/p>","protected":false},"excerpt":{"rendered":"<p>Segunda Pergunta: Al\u00e9m de acordar bem, como voc\u00ea avalia a dura\u00e7\u00e3o do seu sono? Durmo o suficiente (entre 7 e 9 horas), dificilmente desperto durante a noite e mantenho um hor\u00e1rio regular. Apesar de acordar bem, durmo menos do que o recomendado ou acordo algumas vezes durante a noite, mas n\u00e3o me sinto t\u00e3o afetado(a).<\/p>","protected":false},"author":2,"featured_media":0,"parent":0,"menu_order":0,"comment_status":"closed","ping_status":"closed","template":"elementor_canvas","meta":{"_uag_custom_page_level_css":"","footnotes":""},"class_list":["post-25253","page","type-page","status-publish","hentry"],"uagb_featured_image_src":{"full":false,"thumbnail":false,"medium":false,"medium_large":false,"large":false,"1536x1536":false,"2048x2048":false,"trp-custom-language-flag":false},"uagb_author_info":{"display_name":"Matheus Dias","author_link":"https:\/\/eadmais.online\/es\/author\/matheusdias\/"},"uagb_comment_info":0,"uagb_excerpt":"Segunda Pergunta: Al\u00e9m de acordar bem, como voc\u00ea avalia a dura\u00e7\u00e3o do seu sono? Durmo o suficiente (entre 7 e 9 horas), dificilmente desperto durante a noite e mantenho um hor\u00e1rio regular. Apesar de acordar bem, durmo menos do que o recomendado ou acordo algumas vezes durante a noite, mas n\u00e3o me sinto t\u00e3o afetado(a).","_links":{"self":[{"href":"https:\/\/eadmais.online\/es\/wp-json\/wp\/v2\/pages\/25253","targetHints":{"allow":["GET"]}}],"collection":[{"href":"https:\/\/eadmais.online\/es\/wp-json\/wp\/v2\/pages"}],"about":[{"href":"https:\/\/eadmais.online\/es\/wp-json\/wp\/v2\/types\/page"}],"author":[{"embeddable":true,"href":"https:\/\/eadmais.online\/es\/wp-json\/wp\/v2\/users\/2"}],"replies":[{"embeddable":true,"href":"https:\/\/eadmais.online\/es\/wp-json\/wp\/v2\/comments?post=25253"}],"version-history":[{"count":5,"href":"https:\/\/eadmais.online\/es\/wp-json\/wp\/v2\/pages\/25253\/revisions"}],"predecessor-version":[{"id":25312,"href":"https:\/\/eadmais.online\/es\/wp-json\/wp\/v2\/pages\/25253\/revisions\/25312"}],"wp:attachment":[{"href":"https:\/\/eadmais.online\/es\/wp-json\/wp\/v2\/media?parent=25253"}],"curies":[{"name":"wp","href":"https:\/\/api.w.org\/{rel}","templated":true}]}}