{"id":25263,"date":"2024-12-17T19:52:16","date_gmt":"2024-12-17T19:52:16","guid":{"rendered":"https:\/\/eadmais.online\/?page_id=25263"},"modified":"2024-12-17T20:03:22","modified_gmt":"2024-12-17T20:03:22","slug":"teste-do-sono-3b","status":"publish","type":"page","link":"https:\/\/eadmais.online\/es\/teste-do-sono-3b\/","title":{"rendered":"Teste do sono 3b"},"content":{"rendered":"<p><img loading=\"lazy\" decoding=\"async\" width=\"150\" height=\"150\" src=\"https:\/\/eadmais.online\/wp-content\/uploads\/2024\/12\/Dia-Mundial-do-Sono-150x150.webp\" alt=\"\" srcset=\"https:\/\/eadmais.online\/wp-content\/uploads\/2024\/12\/Dia-Mundial-do-Sono-150x150.webp 150w, https:\/\/eadmais.online\/wp-content\/uploads\/2024\/12\/Dia-Mundial-do-Sono-13x12.webp 13w\" sizes=\"auto, (max-width: 150px) 100vw, 150px\" \/>\t\t\t\t\t\t\t\t\t\t\t\t\t\t\t<\/p>\n<h2>Segunda pregunta:<\/h2>\n<p style=\"text-align: center;\">Considere la frecuencia con la que se despierta cansado y la calidad de la noche anterior.<\/p>\n<p>\t\t\t\t\t<a href=\"https:\/\/eadmais.online\/es\/resultado-ruim\/\"><br \/>\n\t\t\t\t\t\t\t\t\tFrecuentemente me despierto cansado, siento que mi sue\u00f1o se interrumpe varias veces durante la noche o tardo mucho en conciliar el sue\u00f1o.<br \/>\n\t\t\t\t\t<\/a><br \/>\n\t\t\t\t\t<a href=\"https:\/\/eadmais.online\/es\/resultado-muito-ruim\/\"><br \/>\n\t\t\t\t\t\t\t\t\tCasi siempre me despierto exhausto, siento que no descanso. Tengo dificultad para conciliar el sue\u00f1o y\/o me despierto mucho antes del despertador, sin poder volver a dormirme.<br \/>\n\t\t\t\t\t<\/a><\/p>","protected":false},"excerpt":{"rendered":"<p>Segundo Pergunta: Considere a frequ\u00eancia com que voc\u00ea acorda cansado(a) e a qualidade da noite anterior. Acordo cansado(a) com frequ\u00eancia, sinto que meu sono \u00e9 interrompido v\u00e1rias vezes durante a noite, ou levo muito tempo para adormecer. Quase sempre acordo exausto(a), sinto que n\u00e3o descanso nada. Tenho dificuldade de pegar no sono e\/ou acordo muito&#8230;<\/p>","protected":false},"author":2,"featured_media":0,"parent":0,"menu_order":0,"comment_status":"closed","ping_status":"closed","template":"elementor_canvas","meta":{"_uag_custom_page_level_css":"","footnotes":""},"class_list":["post-25263","page","type-page","status-publish","hentry"],"uagb_featured_image_src":{"full":false,"thumbnail":false,"medium":false,"medium_large":false,"large":false,"1536x1536":false,"2048x2048":false,"trp-custom-language-flag":false},"uagb_author_info":{"display_name":"Matheus Dias","author_link":"https:\/\/eadmais.online\/es\/author\/matheusdias\/"},"uagb_comment_info":0,"uagb_excerpt":"Segundo Pergunta: Considere a frequ\u00eancia com que voc\u00ea acorda cansado(a) e a qualidade da noite anterior. Acordo cansado(a) com frequ\u00eancia, sinto que meu sono \u00e9 interrompido v\u00e1rias vezes durante a noite, ou levo muito tempo para adormecer. Quase sempre acordo exausto(a), sinto que n\u00e3o descanso nada. Tenho dificuldade de pegar no sono e\/ou acordo muito...","_links":{"self":[{"href":"https:\/\/eadmais.online\/es\/wp-json\/wp\/v2\/pages\/25263","targetHints":{"allow":["GET"]}}],"collection":[{"href":"https:\/\/eadmais.online\/es\/wp-json\/wp\/v2\/pages"}],"about":[{"href":"https:\/\/eadmais.online\/es\/wp-json\/wp\/v2\/types\/page"}],"author":[{"embeddable":true,"href":"https:\/\/eadmais.online\/es\/wp-json\/wp\/v2\/users\/2"}],"replies":[{"embeddable":true,"href":"https:\/\/eadmais.online\/es\/wp-json\/wp\/v2\/comments?post=25263"}],"version-history":[{"count":5,"href":"https:\/\/eadmais.online\/es\/wp-json\/wp\/v2\/pages\/25263\/revisions"}],"predecessor-version":[{"id":25291,"href":"https:\/\/eadmais.online\/es\/wp-json\/wp\/v2\/pages\/25263\/revisions\/25291"}],"wp:attachment":[{"href":"https:\/\/eadmais.online\/es\/wp-json\/wp\/v2\/media?parent=25263"}],"curies":[{"name":"wp","href":"https:\/\/api.w.org\/{rel}","templated":true}]}}