{"id":25322,"date":"2024-12-18T14:26:18","date_gmt":"2024-12-18T14:26:18","guid":{"rendered":"https:\/\/eadmais.online\/?page_id=25322"},"modified":"2024-12-18T14:37:12","modified_gmt":"2024-12-18T14:37:12","slug":"teste-de-qi","status":"publish","type":"page","link":"https:\/\/eadmais.online\/es\/teste-de-qi\/","title":{"rendered":"Prueba de coeficiente intelectual"},"content":{"rendered":"<p><img loading=\"lazy\" decoding=\"async\" width=\"150\" height=\"150\" src=\"https:\/\/eadmais.online\/wp-content\/uploads\/2024\/12\/Teste-de-QI-150x150.jpg\" alt=\"Teste de QI\" \/>\t\t\t\t\t\t\t\t\t\t\t\t\t\t\t<\/p>\n<h1>Prueba de coeficiente intelectual<\/h1>\n<p style=\"text-align: center;\">Esta es una prueba para estimar su estilo de razonamiento. Responda las breves situaciones a continuaci\u00f3n y vea d\u00f3nde encaja usted.<\/p>\n<p style=\"text-align: center;\"><strong>\u00a1Desc\u00fabrelo ahora en menos de 2 minutos!<\/strong><\/p>\n<p>\t\t\t\t\t<a href=\"https:\/\/eadmais.online\/es\/teste-de-qi-2\/\"><br \/>\n\t\t\t\t<svg aria-hidden=\"true\" viewbox=\"0 0 512 512\" xmlns=\"http:\/\/www.w3.org\/2000\/svg\"><path d=\"M504 256C504 119 393 8 256 8S8 119 8 256s111 248 248 248 248-111 248-248zm-448 0c0-110.5 89.5-200 200-200s200 89.5 200 200-89.5 200-200 200S56 366.5 56 256zm72 20v-40c0-6.6 5.4-12 12-12h116v-67c0-10.7 12.9-16 20.5-8.5l99 99c4.7 4.7 4.7 12.3 0 17l-99 99c-7.6 7.6-20.5 2.2-20.5-8.5v-67H140c-6.6 0-12-5.4-12-12z\"><\/path><\/svg><br \/>\n\t\t\t\t\t\t\t\t\tpara empezar<br \/>\n\t\t\t\t\t<\/a><\/p>\n<p><strong>Acerca de EAD+<\/strong><\/p>\n<p>Nodo <a style=\"color: #808080;\" href=\"https:\/\/eadmais.online\/es\/\">EA+<\/a>, nuestro<strong> El objetivo es ofrecer una experiencia educativa.<\/strong> y atractivo para todos aquellos interesados en el desarrollo personal y profesional.<\/p>\n<p>Nuestra amplia gama de pruebas y cuestionarios cubren temas esenciales, lo que le permite desafiar sus habilidades y ampliar sus horizontes de una manera accesible y pr\u00e1ctica.<\/p>\n<p>Creemos que el crecimiento debe ser asequible y conveniente.<\/p>\n<p>Por lo tanto, creamos un entorno donde puede realizar nuestras pruebas y cuestionarios directamente desde la comodidad de su hogar.<\/p>\n<p>Con un dise\u00f1o intuitivo y preguntas desafiantes, nuestra plataforma est\u00e1 aqu\u00ed para ayudarte a alcanzar tus objetivos y mejorar tus habilidades.<\/p>\n<p>As\u00ed que \u00a1no esperes m\u00e1s! Visita <a style=\"color: #808080;\" href=\"https:\/\/eadmais.online\/es\/\">EA+<\/a> y, participa en nuestras pruebas y descubre nuevas oportunidades para tu crecimiento personal y profesional.<\/p>\n<p>\u00a1Ven a desafiarte y mejorar tus habilidades con nosotros!<\/p>","protected":false},"excerpt":{"rendered":"<p>Teste de QI Este \u00e9 um teste para estimar seu estilo de racioc\u00ednio. Responda as breves situa\u00e7\u00f5es abaixo e veja onde voc\u00ea se encaixa. Descubra agora em menos de 2 minutos! Come\u00e7ar Sobre o EAD+ No EAD+, nosso objetivo \u00e9 oferecer uma experi\u00eancia educativa e envolvente para todos aqueles interessados em desenvolvimento pessoal e profissional&#8230;.<\/p>","protected":false},"author":2,"featured_media":0,"parent":0,"menu_order":0,"comment_status":"closed","ping_status":"closed","template":"elementor_canvas","meta":{"_uag_custom_page_level_css":"","footnotes":""},"class_list":["post-25322","page","type-page","status-publish","hentry"],"uagb_featured_image_src":{"full":false,"thumbnail":false,"medium":false,"medium_large":false,"large":false,"1536x1536":false,"2048x2048":false,"trp-custom-language-flag":false},"uagb_author_info":{"display_name":"Matheus Dias","author_link":"https:\/\/eadmais.online\/es\/author\/matheusdias\/"},"uagb_comment_info":0,"uagb_excerpt":"Teste de QI Este \u00e9 um teste para estimar seu estilo de racioc\u00ednio. Responda as breves situa\u00e7\u00f5es abaixo e veja onde voc\u00ea se encaixa. Descubra agora em menos de 2 minutos! Come\u00e7ar Sobre o EAD+ No EAD+, nosso objetivo \u00e9 oferecer uma experi\u00eancia educativa e envolvente para todos aqueles interessados em desenvolvimento pessoal e profissional....","_links":{"self":[{"href":"https:\/\/eadmais.online\/es\/wp-json\/wp\/v2\/pages\/25322","targetHints":{"allow":["GET"]}}],"collection":[{"href":"https:\/\/eadmais.online\/es\/wp-json\/wp\/v2\/pages"}],"about":[{"href":"https:\/\/eadmais.online\/es\/wp-json\/wp\/v2\/types\/page"}],"author":[{"embeddable":true,"href":"https:\/\/eadmais.online\/es\/wp-json\/wp\/v2\/users\/2"}],"replies":[{"embeddable":true,"href":"https:\/\/eadmais.online\/es\/wp-json\/wp\/v2\/comments?post=25322"}],"version-history":[{"count":5,"href":"https:\/\/eadmais.online\/es\/wp-json\/wp\/v2\/pages\/25322\/revisions"}],"predecessor-version":[{"id":25340,"href":"https:\/\/eadmais.online\/es\/wp-json\/wp\/v2\/pages\/25322\/revisions\/25340"}],"wp:attachment":[{"href":"https:\/\/eadmais.online\/es\/wp-json\/wp\/v2\/media?parent=25322"}],"curies":[{"name":"wp","href":"https:\/\/api.w.org\/{rel}","templated":true}]}}