{"id":25332,"date":"2024-12-18T14:35:34","date_gmt":"2024-12-18T14:35:34","guid":{"rendered":"https:\/\/eadmais.online\/?page_id=25332"},"modified":"2024-12-18T14:41:33","modified_gmt":"2024-12-18T14:41:33","slug":"teste-de-qi-2","status":"publish","type":"page","link":"https:\/\/eadmais.online\/es\/teste-de-qi-2\/","title":{"rendered":"Teste de QI 2"},"content":{"rendered":"<p><img loading=\"lazy\" decoding=\"async\" width=\"150\" height=\"150\" src=\"https:\/\/eadmais.online\/wp-content\/uploads\/2024\/12\/Teste-de-QI-150x150.jpg\" alt=\"Teste de QI\" \/>\t\t\t\t\t\t\t\t\t\t\t\t\t\t\t<\/p>\n<h2>Primera pregunta:<\/h2>\n<p style=\"text-align: center;\">Te enfrentas a un desafiante problema de l\u00f3gica. \u00bfCu\u00e1l es tu primera reacci\u00f3n?<\/p>\n<p>\t\t\t\t\t<a href=\"https:\/\/eadmais.online\/es\/teste-de-qi-3a\/\"><br \/>\n\t\t\t\t\t\t\t\t\tAnalizo el problema paso a paso, intentando entender la l\u00f3gica que hay detr\u00e1s y busco patrones o reglas que puedan ayudarme.<br \/>\n\t\t\t\t\t<\/a><br \/>\n\t\t\t\t\t<a href=\"https:\/\/eadmais.online\/es\/teste-de-qi-3b\/\"><br \/>\n\t\t\t\t\t\t\t\t\tMe impaciento un poco, intento una soluci\u00f3n r\u00e1pida o me rindo si me parece demasiado complicado.<br \/>\n\t\t\t\t\t<\/a><\/p>","protected":false},"excerpt":{"rendered":"<p>Primeira Pergunta: Voc\u00ea se depara com um problema l\u00f3gico desafiador. Qual \u00e9 sua primeira rea\u00e7\u00e3o? Analiso o problema passo a passo, tentando compreender a l\u00f3gica por tr\u00e1s, e procuro padr\u00f5es ou regras que possam me ajudar. Fico um pouco impaciente, tento uma solu\u00e7\u00e3o r\u00e1pida ou desisto se parece muito complicado.<\/p>","protected":false},"author":2,"featured_media":0,"parent":0,"menu_order":0,"comment_status":"closed","ping_status":"closed","template":"elementor_canvas","meta":{"_uag_custom_page_level_css":"","footnotes":""},"class_list":["post-25332","page","type-page","status-publish","hentry"],"uagb_featured_image_src":{"full":false,"thumbnail":false,"medium":false,"medium_large":false,"large":false,"1536x1536":false,"2048x2048":false,"trp-custom-language-flag":false},"uagb_author_info":{"display_name":"Matheus Dias","author_link":"https:\/\/eadmais.online\/es\/author\/matheusdias\/"},"uagb_comment_info":0,"uagb_excerpt":"Primeira Pergunta: Voc\u00ea se depara com um problema l\u00f3gico desafiador. Qual \u00e9 sua primeira rea\u00e7\u00e3o? Analiso o problema passo a passo, tentando compreender a l\u00f3gica por tr\u00e1s, e procuro padr\u00f5es ou regras que possam me ajudar. Fico um pouco impaciente, tento uma solu\u00e7\u00e3o r\u00e1pida ou desisto se parece muito complicado.","_links":{"self":[{"href":"https:\/\/eadmais.online\/es\/wp-json\/wp\/v2\/pages\/25332","targetHints":{"allow":["GET"]}}],"collection":[{"href":"https:\/\/eadmais.online\/es\/wp-json\/wp\/v2\/pages"}],"about":[{"href":"https:\/\/eadmais.online\/es\/wp-json\/wp\/v2\/types\/page"}],"author":[{"embeddable":true,"href":"https:\/\/eadmais.online\/es\/wp-json\/wp\/v2\/users\/2"}],"replies":[{"embeddable":true,"href":"https:\/\/eadmais.online\/es\/wp-json\/wp\/v2\/comments?post=25332"}],"version-history":[{"count":5,"href":"https:\/\/eadmais.online\/es\/wp-json\/wp\/v2\/pages\/25332\/revisions"}],"predecessor-version":[{"id":25362,"href":"https:\/\/eadmais.online\/es\/wp-json\/wp\/v2\/pages\/25332\/revisions\/25362"}],"wp:attachment":[{"href":"https:\/\/eadmais.online\/es\/wp-json\/wp\/v2\/media?parent=25332"}],"curies":[{"name":"wp","href":"https:\/\/api.w.org\/{rel}","templated":true}]}}