{"id":25375,"date":"2024-12-18T14:50:47","date_gmt":"2024-12-18T14:50:47","guid":{"rendered":"https:\/\/eadmais.online\/?page_id=25375"},"modified":"2024-12-18T14:59:51","modified_gmt":"2024-12-18T14:59:51","slug":"qi-acima-da-media","status":"publish","type":"page","link":"https:\/\/eadmais.online\/es\/qi-acima-da-media\/","title":{"rendered":"QI (Acima da M\u00e9dia)"},"content":{"rendered":"<p><svg aria-hidden=\"true\" viewbox=\"0 0 512 512\" xmlns=\"http:\/\/www.w3.org\/2000\/svg\"><path d=\"M466.27 286.69C475.04 271.84 480 256 480 236.85c0-44.015-37.218-85.58-85.82-85.58H357.7c4.92-12.81 8.85-28.13 8.85-46.54C366.55 31.936 328.86 0 271.28 0c-61.607 0-58.093 94.933-71.76 108.6-22.747 22.747-49.615 66.447-68.76 83.4H32c-17.673 0-32 14.327-32 32v240c0 17.673 14.327 32 32 32h64c14.893 0 27.408-10.174 30.978-23.95 44.509 1.001 75.06 39.94 177.802 39.94 7.22 0 15.22.01 22.22.01 77.117 0 111.986-39.423 112.94-95.33 13.319-18.425 20.299-43.122 17.34-66.99 9.854-18.452 13.664-40.343 8.99-62.99zm-61.75 53.83c12.56 21.13 1.26 49.41-13.94 57.57 7.7 48.78-17.608 65.9-53.12 65.9h-37.82c-71.639 0-118.029-37.82-171.64-37.82V240h10.92c28.36 0 67.98-70.89 94.54-97.46 28.36-28.36 18.91-75.63 37.82-94.54 47.27 0 47.27 32.98 47.27 56.73 0 39.17-28.36 56.72-28.36 94.54h103.99c21.11 0 37.73 18.91 37.82 37.82.09 18.9-12.82 37.81-22.27 37.81 13.489 14.555 16.371 45.236-5.21 65.62zM88 432c0 13.255-10.745 24-24 24s-24-10.745-24-24 10.745-24 24-24 24 10.745 24 24z\"><\/path><\/svg><br \/>\n\t\t\t\t\t\t\t\t\t100%<\/p>\n<h1>Por encima del promedio<\/h1>\n<p>Tienes buena capacidad cognitiva.<\/p>\n<p>Generalmente comprende los problemas l\u00f3gicos con cierta facilidad, aunque es posible que no se detenga en ellos por mucho tiempo.<\/p>\n<p>A\u00fan as\u00ed, muestra una comprensi\u00f3n por encima de lo com\u00fan.<\/p>\n<p>\t\t\t\t\t<a href=\"https:\/\/eadmais.online\/es\/teste-de-qi\/\"><br \/>\n\t\t\t\t\t\t\t\t\tVolver a tomar la prueba<br \/>\n\t\t\t\t\t<\/a><br \/>\n\t\t\t\t\t<a href=\"https:\/\/eadmais.online\/es\/\"><br \/>\n\t\t\t\t\t\t\t\t\tsalir de la prueba<br \/>\n\t\t\t\t\t<\/a><\/p>","protected":false},"excerpt":{"rendered":"<p>100% Acima da M\u00e9dia Voc\u00ea tem uma boa habilidade cognitiva. Geralmente entende problemas l\u00f3gicos com certa facilidade, embora possa n\u00e3o insistir neles por muito tempo. Ainda assim, mostra uma compreens\u00e3o acima do comum. Refazer teste Sair do teste<\/p>","protected":false},"author":2,"featured_media":0,"parent":0,"menu_order":0,"comment_status":"closed","ping_status":"closed","template":"elementor_canvas","meta":{"_uag_custom_page_level_css":"","footnotes":""},"class_list":["post-25375","page","type-page","status-publish","hentry"],"uagb_featured_image_src":{"full":false,"thumbnail":false,"medium":false,"medium_large":false,"large":false,"1536x1536":false,"2048x2048":false,"trp-custom-language-flag":false},"uagb_author_info":{"display_name":"Matheus Dias","author_link":"https:\/\/eadmais.online\/es\/author\/matheusdias\/"},"uagb_comment_info":0,"uagb_excerpt":"100% Acima da M\u00e9dia Voc\u00ea tem uma boa habilidade cognitiva. Geralmente entende problemas l\u00f3gicos com certa facilidade, embora possa n\u00e3o insistir neles por muito tempo. Ainda assim, mostra uma compreens\u00e3o acima do comum. Refazer teste Sair do teste","_links":{"self":[{"href":"https:\/\/eadmais.online\/es\/wp-json\/wp\/v2\/pages\/25375","targetHints":{"allow":["GET"]}}],"collection":[{"href":"https:\/\/eadmais.online\/es\/wp-json\/wp\/v2\/pages"}],"about":[{"href":"https:\/\/eadmais.online\/es\/wp-json\/wp\/v2\/types\/page"}],"author":[{"embeddable":true,"href":"https:\/\/eadmais.online\/es\/wp-json\/wp\/v2\/users\/2"}],"replies":[{"embeddable":true,"href":"https:\/\/eadmais.online\/es\/wp-json\/wp\/v2\/comments?post=25375"}],"version-history":[{"count":4,"href":"https:\/\/eadmais.online\/es\/wp-json\/wp\/v2\/pages\/25375\/revisions"}],"predecessor-version":[{"id":25400,"href":"https:\/\/eadmais.online\/es\/wp-json\/wp\/v2\/pages\/25375\/revisions\/25400"}],"wp:attachment":[{"href":"https:\/\/eadmais.online\/es\/wp-json\/wp\/v2\/media?parent=25375"}],"curies":[{"name":"wp","href":"https:\/\/api.w.org\/{rel}","templated":true}]}}