{"id":25380,"date":"2024-12-18T14:51:39","date_gmt":"2024-12-18T14:51:39","guid":{"rendered":"https:\/\/eadmais.online\/?page_id=25380"},"modified":"2024-12-18T14:57:35","modified_gmt":"2024-12-18T14:57:35","slug":"qi-na-media","status":"publish","type":"page","link":"https:\/\/eadmais.online\/es\/qi-na-media\/","title":{"rendered":"QI (Na M\u00e9dia)"},"content":{"rendered":"<p><svg aria-hidden=\"true\" viewbox=\"0 0 496 512\" xmlns=\"http:\/\/www.w3.org\/2000\/svg\"><path d=\"M248 8C111 8 0 119 0 256s111 248 248 248 248-111 248-248S385 8 248 8zm0 448c-110.3 0-200-89.7-200-200S137.7 56 248 56s200 89.7 200 200-89.7 200-200 200zm117.8-146.4c-10.2-8.5-25.3-7.1-33.8 3.1-20.8 25-51.5 39.4-84 39.4s-63.2-14.3-84-39.4c-8.5-10.2-23.7-11.5-33.8-3.1-10.2 8.5-11.5 23.6-3.1 33.8 30 36 74.1 56.6 120.9 56.6s90.9-20.6 120.9-56.6c8.5-10.2 7.1-25.3-3.1-33.8zM168 240c17.7 0 32-14.3 32-32s-14.3-32-32-32-32 14.3-32 32 14.3 32 32 32zm160-60c-25.7 0-55.9 16.9-59.9 42.1-1.7 11.2 11.5 18.2 19.8 10.8l9.5-8.5c14.8-13.2 46.2-13.2 61 0l9.5 8.5c8.5 7.4 21.6.3 19.8-10.8-3.8-25.2-34-42.1-59.7-42.1z\"><\/path><\/svg><br \/>\n\t\t\t\t\t\t\t\t\t100%<\/p>\n<h1>De t\u00e9rmino medio<\/h1>\n<p>Est\u00e1s en el nivel que se espera de la mayor\u00eda de las personas.<\/p>\n<p>Potencialmente, podr\u00eda mejorar su capacidad de razonamiento l\u00f3gico si dedicara m\u00e1s tiempo a problemas desafiantes y evitara darse por vencido r\u00e1pidamente.<\/p>\n<p>\t\t\t\t\t<a href=\"https:\/\/eadmais.online\/es\/teste-de-qi\/\"><br \/>\n\t\t\t\t\t\t\t\t\tVolver a tomar la prueba<br \/>\n\t\t\t\t\t<\/a><br \/>\n\t\t\t\t\t<a href=\"https:\/\/eadmais.online\/es\/\"><br \/>\n\t\t\t\t\t\t\t\t\tsalir de la prueba<br \/>\n\t\t\t\t\t<\/a><\/p>","protected":false},"excerpt":{"rendered":"<p>100% Na M\u00e9dia Voc\u00ea se encontra no n\u00edvel esperado da maioria das pessoas. Poderia potencialmente melhorar sua capacidade de racioc\u00ednio l\u00f3gico se dedicasse mais tempo a problemas desafiadores, evitando desistir rapidamente. Refazer teste Sair do teste<\/p>","protected":false},"author":2,"featured_media":0,"parent":0,"menu_order":0,"comment_status":"closed","ping_status":"closed","template":"elementor_canvas","meta":{"_uag_custom_page_level_css":"","footnotes":""},"class_list":["post-25380","page","type-page","status-publish","hentry"],"uagb_featured_image_src":{"full":false,"thumbnail":false,"medium":false,"medium_large":false,"large":false,"1536x1536":false,"2048x2048":false,"trp-custom-language-flag":false},"uagb_author_info":{"display_name":"Matheus Dias","author_link":"https:\/\/eadmais.online\/es\/author\/matheusdias\/"},"uagb_comment_info":0,"uagb_excerpt":"100% Na M\u00e9dia Voc\u00ea se encontra no n\u00edvel esperado da maioria das pessoas. Poderia potencialmente melhorar sua capacidade de racioc\u00ednio l\u00f3gico se dedicasse mais tempo a problemas desafiadores, evitando desistir rapidamente. Refazer teste Sair do teste","_links":{"self":[{"href":"https:\/\/eadmais.online\/es\/wp-json\/wp\/v2\/pages\/25380","targetHints":{"allow":["GET"]}}],"collection":[{"href":"https:\/\/eadmais.online\/es\/wp-json\/wp\/v2\/pages"}],"about":[{"href":"https:\/\/eadmais.online\/es\/wp-json\/wp\/v2\/types\/page"}],"author":[{"embeddable":true,"href":"https:\/\/eadmais.online\/es\/wp-json\/wp\/v2\/users\/2"}],"replies":[{"embeddable":true,"href":"https:\/\/eadmais.online\/es\/wp-json\/wp\/v2\/comments?post=25380"}],"version-history":[{"count":5,"href":"https:\/\/eadmais.online\/es\/wp-json\/wp\/v2\/pages\/25380\/revisions"}],"predecessor-version":[{"id":25396,"href":"https:\/\/eadmais.online\/es\/wp-json\/wp\/v2\/pages\/25380\/revisions\/25396"}],"wp:attachment":[{"href":"https:\/\/eadmais.online\/es\/wp-json\/wp\/v2\/media?parent=25380"}],"curies":[{"name":"wp","href":"https:\/\/api.w.org\/{rel}","templated":true}]}}