{"id":25847,"date":"2025-01-14T14:16:45","date_gmt":"2025-01-14T14:16:45","guid":{"rendered":"https:\/\/eadmais.online\/?page_id=25847"},"modified":"2025-01-21T13:26:06","modified_gmt":"2025-01-21T13:26:06","slug":"trabalhe-na-magazine-luiza","status":"publish","type":"page","link":"https:\/\/eadmais.online\/es\/trabalhe-na-magazine-luiza\/","title":{"rendered":"Trabalhe na Magazine Luiza: Vagas abertas, sal\u00e1rios atrativos e benef\u00edcios imperd\u00edveis! Saiba como se candidatar agora."},"content":{"rendered":"<div class='code-block code-block-2' style='margin: 8px auto; text-align: center; display: block; clear: both;'>\n<div style=\"position: sticky; top: 15px;\">\n<div class=\"code-block-label\">anuncios<\/div>\n<script>\n   window.googletag = window.googletag || {cmd: []};\n   googletag.cmd.push(function() {\n     googletag.defineSlot(\"\/22883653243\/eadmais.online\/eadmais.online_mw_content2_02032023\", [[250, 250], [336, 280], [300, 250]], \"div-gpt-ad-1606164528122-0\").addService(googletag.pubads());\n         googletag.pubads().enableLazyLoad({\n                    fetchMarginPercent: 20,\n                    renderMarginPercent: 10,\n                    mobileScaling: 2.0\n                });\n     googletag.enableServices();\n   });\n<\/script>\n<div id=\"div-gpt-ad-1606164528122-0\">\n   <script>\n      googletag.cmd.push(function() { googletag.display(\"div-gpt-ad-1606164528122-0\"); });\n   <\/script>\n<\/div><\/div>\n<div style=\" height: 150px;\"><\/div>\n<\/div>\n\n\n\n\n<p>EL <strong>Magazine Luiza<\/strong> , uma das maiores redes de varejo do Brasil, est\u00e1 com diversas oportunidades de emprego abertas em diversas regi\u00f5es do pa\u00eds. Se voc\u00ea est\u00e1 em busca de uma carreira em uma empresa s\u00f3lida, com \u00f3timo ambiente de trabalho e benef\u00edcios ben\u00e9ficos, essa pode ser a chance que voc\u00ea esperava!<\/p>\n\n\n\n<div class=\"wp-block-uagb-container uagb-block-6c65bf81 alignfull uagb-is-root-container\"><div class=\"uagb-container-inner-blocks-wrap\">\n<div class=\"wp-block-uagb-container uagb-block-1ecf27cc\">\n<figure class=\"wp-block-image size-large\"><a href=\"https:\/\/eadmais.online\/es\/itau-esta-contratando-veja-as-vagas-disponiveis\/\"><img loading=\"lazy\" decoding=\"async\" width=\"1024\" height=\"1024\" src=\"https:\/\/eadmais.online\/wp-content\/uploads\/2025\/01\/5-2-1024x1024.png\" alt=\"\" class=\"wp-image-25724\" srcset=\"https:\/\/eadmais.online\/wp-content\/uploads\/2025\/01\/5-2-1024x1024.png 1024w, https:\/\/eadmais.online\/wp-content\/uploads\/2025\/01\/5-2-300x300.png 300w, https:\/\/eadmais.online\/wp-content\/uploads\/2025\/01\/5-2-150x150.png 150w, https:\/\/eadmais.online\/wp-content\/uploads\/2025\/01\/5-2-768x768.png 768w, https:\/\/eadmais.online\/wp-content\/uploads\/2025\/01\/5-2-12x12.png 12w, https:\/\/eadmais.online\/wp-content\/uploads\/2025\/01\/5-2.png 1080w\" sizes=\"auto, (max-width: 1024px) 100vw, 1024px\" \/><\/a><\/figure>\n\n\n\n<h4 class=\"wp-block-heading has-text-align-center\">Vacantes en Ita\u00fa<\/h4>\n\n\n\n<div class=\"wp-block-buttons is-content-justification-center is-layout-flex wp-container-core-buttons-is-layout-a89b3969 wp-block-buttons-is-layout-flex\">\n<div class=\"wp-block-button\"><a class=\"wp-block-button__link has-text-align-center wp-element-button\" href=\"https:\/\/eadmais.online\/es\/itau-esta-contratando-veja-as-vagas-disponiveis\/\"><strong>\u00a1Quiero postularme!<\/strong><\/a><\/div>\n<\/div>\n<\/div>\n\n\n\n<div class=\"wp-block-uagb-container uagb-block-0f803a83\">\n<div class=\"wp-block-columns is-layout-flex wp-container-core-columns-is-layout-28f84493 wp-block-columns-is-layout-flex\">\n<div class=\"wp-block-column is-layout-flow wp-block-column-is-layout-flow\" style=\"flex-basis:100%\">\n<div class=\"wp-block-uagb-image uagb-block-cb1d424c wp-block-uagb-image--layout-default wp-block-uagb-image--effect-static wp-block-uagb-image--align-none\"><figure class=\"wp-block-uagb-image__figure\"><a class=\"\" href=\"https:\/\/eadmais.online\/es\/banco-do-brasil-esta-contratando-veja-as-vagas-disponiveis\/\" target=\"\" rel=\"noopener\"><img decoding=\"async\" srcset=\"https:\/\/eadmais.online\/wp-content\/uploads\/2025\/01\/6-1-1024x1024.png ,https:\/\/eadmais.online\/wp-content\/uploads\/2025\/01\/6-1.png 780w, https:\/\/eadmais.online\/wp-content\/uploads\/2025\/01\/6-1.png 360w\" sizes=\"auto, (max-width: 480px) 150px\" src=\"https:\/\/eadmais.online\/wp-content\/uploads\/2025\/01\/6-1-1024x1024.png\" alt=\"Banco do Brasil est\u00e1 contratando: Veja as vagas dispon\u00edveis\" class=\"uag-image-25725\" width=\"1024\" height=\"1024\" title=\"Banco do Brasil est\u00e1 contratando: Ver vacantes disponibles\" loading=\"lazy\" role=\"img\"\/><\/a><\/figure><\/div>\n<\/div>\n<\/div>\n\n\n\n<h4 class=\"wp-block-heading has-text-align-center\">Vacantes en el Banco do Brasil<\/h4>\n\n\n\n<div class=\"wp-block-buttons is-content-justification-center is-layout-flex wp-container-core-buttons-is-layout-a89b3969 wp-block-buttons-is-layout-flex\">\n<div class=\"wp-block-button\"><a class=\"wp-block-button__link wp-element-button\" href=\"https:\/\/eadmais.online\/es\/banco-do-brasil-esta-contratando-veja-as-vagas-disponiveis\/\"><strong>\u00a1Quiero postularme!<\/strong><\/a><\/div>\n<\/div>\n<\/div>\n\n\n\n<div class=\"wp-block-uagb-container uagb-block-23203048\">\n<figure class=\"wp-block-image size-large\"><a href=\"https:\/\/eadmais.online\/es\/pao-de-acucar-esta-contratando-veja-as-vagas-disponiveis\/\"><img loading=\"lazy\" decoding=\"async\" width=\"1024\" height=\"1024\" src=\"https:\/\/eadmais.online\/wp-content\/uploads\/2025\/01\/1-1-1024x1024.png\" alt=\"\" class=\"wp-image-25720\" srcset=\"https:\/\/eadmais.online\/wp-content\/uploads\/2025\/01\/1-1-1024x1024.png 1024w, https:\/\/eadmais.online\/wp-content\/uploads\/2025\/01\/1-1-300x300.png 300w, https:\/\/eadmais.online\/wp-content\/uploads\/2025\/01\/1-1-150x150.png 150w, https:\/\/eadmais.online\/wp-content\/uploads\/2025\/01\/1-1-768x768.png 768w, https:\/\/eadmais.online\/wp-content\/uploads\/2025\/01\/1-1-12x12.png 12w, https:\/\/eadmais.online\/wp-content\/uploads\/2025\/01\/1-1.png 1080w\" sizes=\"auto, (max-width: 1024px) 100vw, 1024px\" \/><\/a><\/figure>\n\n\n\n<h4 class=\"wp-block-heading has-text-align-center\"><strong>Puestos vacantes en Sugarloaf Mountain<\/strong><\/h4>\n\n\n\n<div class=\"wp-block-buttons is-content-justification-center is-layout-flex wp-container-core-buttons-is-layout-a89b3969 wp-block-buttons-is-layout-flex\">\n<div class=\"wp-block-button\"><a class=\"wp-block-button__link wp-element-button\" href=\"https:\/\/eadmais.online\/es\/pao-de-acucar-esta-contratando-veja-as-vagas-disponiveis\/\"><strong>\u00a1Quiero postularme!<\/strong><\/a><\/div>\n<\/div>\n<\/div>\n<\/div><\/div>\n\n\n\n<h1 class=\"wp-block-heading\">Vagas dispon\u00edveis na Magazine Luiza<\/h1>\n\n\n\n<p>A Magazine Luiza est\u00e1 oferecendo posi\u00e7\u00f5es em diferentes \u00e1reas, incluindo:<\/p>\n\n\n\n<ul class=\"wp-block-list\">\n<li><strong>Assistente de Vendas<\/strong>\n<ul class=\"wp-block-list\">\n<li><strong>Salario:<\/strong> R$ 1.800,00 a R$ 2.200,00<\/li>\n\n\n\n<li><strong>Beneficios:<\/strong> Vale-transporte, vale-refei\u00e7\u00e3o, assist\u00eancia m\u00e9dica e odontol\u00f3gica, seguro de vida, descontos em produtos.<\/li>\n<\/ul>\n<\/li>\n\n\n\n<li><strong>Auxiliar de Estoque<\/strong>\n<ul class=\"wp-block-list\">\n<li><strong>Salario:<\/strong> R$ 1.600,00 a R$ 1.900,00<\/li>\n\n\n\n<li><strong>Beneficios:<\/strong> Vale-transporte, vale-refei\u00e7\u00e3o, assist\u00eancia m\u00e9dica, desconto em produtos.<\/li>\n<\/ul>\n<\/li>\n\n\n\n<li><strong>Gerente de tienda<\/strong>\n<ul class=\"wp-block-list\">\n<li><strong>Salario:<\/strong> R$ 4.500,00 a R$ 6.000,00<\/li>\n\n\n\n<li><strong>Beneficios:<\/strong> Plano de carreira, b\u00f4nus por metas, assist\u00eancia m\u00e9dica e odontol\u00f3gica, vale-alimenta\u00e7\u00e3o, desconto em produtos.<\/li>\n<\/ul>\n<\/li>\n\n\n\n<li><strong>Analista de TI<\/strong>\n<ul class=\"wp-block-list\">\n<li><strong>Salario:<\/strong> R$ 3.500,00 a R$ 5.000,00<\/li>\n\n\n\n<li><strong>Beneficios:<\/strong> Vale-transporte, vale-refei\u00e7\u00e3o, home office parcial, assist\u00eancia m\u00e9dica e odontol\u00f3gica.<\/li>\n<\/ul>\n<\/li>\n<\/ul>\n\n\n\n<h2 class=\"wp-block-heading\"><strong>Benef\u00edcios de Trabalhar na Magazine Luiza<\/strong><\/h2>\n\n\n\n<p>Al\u00e9m dos atrativos, o Magazine Luiza oferece um pacote de benef\u00edcios que inclui:<\/p>\n\n\n\n<ul class=\"wp-block-list\">\n<li><strong>Plano de carreira<\/strong> com oportunidades de crescimento e desenvolvimento profissional.<\/li>\n\n\n\n<li><strong>Participaci\u00f3n en ganancias y resultados.<\/strong> (PLR).<\/li>\n\n\n\n<li><strong>Desconto especial em produtos<\/strong> da rede.<\/li>\n\n\n\n<li><strong>Ambiente de trabalho inclusivo<\/strong> e diverso, com programas de bem-estar.<\/li>\n<\/ul>\n\n\n\n<h2 class=\"wp-block-heading\"><strong>C\u00f3mo aplicar<\/strong><\/h2>\n\n\n\n<p>Para se candidatar a uma das vagas, siga o passo a passo abaixo:<\/p>\n\n\n\n<ol class=\"wp-block-list\">\n<li><strong>Acesse o site oficial<\/strong> do Magazine Luiza na se\u00e7\u00e3o de <strong><a href=\"https:\/\/eadmais.online\/es\/estamos-te-redirecionando\/?destino= https:\/\/carreiras.magazineluiza.com.br\/\">Trabalhe Conosco<\/a><\/strong>.<\/li>\n\n\n\n<li><strong>Elige la vacante<\/strong> que mais se adequa ao seu perfil.<\/li>\n\n\n\n<li>Hacer clic <strong>\u201cCandidatar-se\u201d<\/strong> e preencha o formul\u00e1rio online com seus dados pessoais e profissionais.<\/li>\n\n\n\n<li><strong>Anexo ao seu curr\u00edculo<\/strong> atualizado e, se necess\u00e1rio, uma carta de apresenta\u00e7\u00e3o.<\/li>\n\n\n\n<li>Aguarde o contato da equipe de recrutamento.<\/li>\n<\/ol>\n\n\n\n<p>N\u00e3o perca a chance de fazer parte de uma das empresas mais queridas pelos brasileiros! Acesse agora o site do Magazine Luiza e d\u00ea o pr\u00f3ximo passo na sua carreira!<\/p>\n\n\n\n<div class=\"wp-block-buttons is-content-justification-center is-layout-flex wp-container-core-buttons-is-layout-a89b3969 wp-block-buttons-is-layout-flex\">\n<div class=\"wp-block-button has-custom-font-size has-big-font-size\"><a class=\"wp-block-button__link has-text-align-center wp-element-button\" href=\"https:\/\/eadmais.online\/es\/estamos-te-redirecionando\/?destino= https:\/\/carreiras.magazineluiza.com.br\/\"><strong>Haga clic aqu\u00ed para aplicar<\/strong><\/a><\/div>\n<\/div>\n\n\n\n<p><\/p>","protected":false},"excerpt":{"rendered":"<p>\u00a1Descubra las vacantes disponibles en Correios y c\u00f3mo postularse! Oportunidades que pueden cambiar tu vida est\u00e1n a solo un clic de distancia. \u00a1No te quedes fuera!<\/p>","protected":false},"author":4,"featured_media":25859,"parent":0,"menu_order":0,"comment_status":"closed","ping_status":"closed","template":"","meta":{"_uag_custom_page_level_css":"","footnotes":""},"class_list":["post-25847","page","type-page","status-publish","has-post-thumbnail","hentry"],"uagb_featured_image_src":{"full":["https:\/\/eadmais.online\/wp-content\/uploads\/2025\/01\/Design-sem-nome.png",3375,3375,false],"thumbnail":["https:\/\/eadmais.online\/wp-content\/uploads\/2025\/01\/Design-sem-nome-150x150.png",150,150,true],"medium":["https:\/\/eadmais.online\/wp-content\/uploads\/2025\/01\/Design-sem-nome-300x300.png",300,300,true],"medium_large":["https:\/\/eadmais.online\/wp-content\/uploads\/2025\/01\/Design-sem-nome-768x768.png",768,768,true],"large":["https:\/\/eadmais.online\/wp-content\/uploads\/2025\/01\/Design-sem-nome-1024x1024.png",1024,1024,true],"1536x1536":["https:\/\/eadmais.online\/wp-content\/uploads\/2025\/01\/Design-sem-nome-1536x1536.png",1536,1536,true],"2048x2048":["https:\/\/eadmais.online\/wp-content\/uploads\/2025\/01\/Design-sem-nome-2048x2048.png",2048,2048,true],"trp-custom-language-flag":["https:\/\/eadmais.online\/wp-content\/uploads\/2025\/01\/Design-sem-nome-12x12.png",12,12,true]},"uagb_author_info":{"display_name":"Isabela Josiaqui","author_link":"https:\/\/eadmais.online\/es\/author\/isabelajosiaqui\/"},"uagb_comment_info":0,"uagb_excerpt":"Descubra as vagas dispon\u00edveis nos Correios e como se candidatar! Oportunidades que podem mudar sua vida est\u00e3o a um clique de dist\u00e2ncia. N\u00e3o fique de fora!","_links":{"self":[{"href":"https:\/\/eadmais.online\/es\/wp-json\/wp\/v2\/pages\/25847","targetHints":{"allow":["GET"]}}],"collection":[{"href":"https:\/\/eadmais.online\/es\/wp-json\/wp\/v2\/pages"}],"about":[{"href":"https:\/\/eadmais.online\/es\/wp-json\/wp\/v2\/types\/page"}],"author":[{"embeddable":true,"href":"https:\/\/eadmais.online\/es\/wp-json\/wp\/v2\/users\/4"}],"replies":[{"embeddable":true,"href":"https:\/\/eadmais.online\/es\/wp-json\/wp\/v2\/comments?post=25847"}],"version-history":[{"count":3,"href":"https:\/\/eadmais.online\/es\/wp-json\/wp\/v2\/pages\/25847\/revisions"}],"predecessor-version":[{"id":26011,"href":"https:\/\/eadmais.online\/es\/wp-json\/wp\/v2\/pages\/25847\/revisions\/26011"}],"wp:featuredmedia":[{"embeddable":true,"href":"https:\/\/eadmais.online\/es\/wp-json\/wp\/v2\/media\/25859"}],"wp:attachment":[{"href":"https:\/\/eadmais.online\/es\/wp-json\/wp\/v2\/media?parent=25847"}],"curies":[{"name":"wp","href":"https:\/\/api.w.org\/{rel}","templated":true}]}}