{"id":25920,"date":"2025-01-14T14:16:45","date_gmt":"2025-01-14T14:16:45","guid":{"rendered":"https:\/\/eadmais.online\/?page_id=25920"},"modified":"2025-01-16T18:57:12","modified_gmt":"2025-01-16T18:57:12","slug":"vagas-abertas-na-embraer","status":"publish","type":"page","link":"https:\/\/eadmais.online\/es\/vagas-abertas-na-embraer\/","title":{"rendered":"Vagas abertas na Embraer: Veja as oportunidades de carreira com sal\u00e1rios e benef\u00edcios atrativos! Candidate-se agora."},"content":{"rendered":"<div class='code-block code-block-2' style='margin: 8px auto; text-align: center; display: block; clear: both;'>\n<div style=\"position: sticky; top: 15px;\">\n<div class=\"code-block-label\">anuncios<\/div>\n<script>\n   window.googletag = window.googletag || {cmd: []};\n   googletag.cmd.push(function() {\n     googletag.defineSlot(\"\/22883653243\/eadmais.online\/eadmais.online_mw_content2_02032023\", [[250, 250], [336, 280], [300, 250]], \"div-gpt-ad-1606164528122-0\").addService(googletag.pubads());\n         googletag.pubads().enableLazyLoad({\n                    fetchMarginPercent: 20,\n                    renderMarginPercent: 10,\n                    mobileScaling: 2.0\n                });\n     googletag.enableServices();\n   });\n<\/script>\n<div id=\"div-gpt-ad-1606164528122-0\">\n   <script>\n      googletag.cmd.push(function() { googletag.display(\"div-gpt-ad-1606164528122-0\"); });\n   <\/script>\n<\/div><\/div>\n<div style=\" height: 150px;\"><\/div>\n<\/div>\n\n\n\n\n<p>EL <strong>Embraer<\/strong>, uma das maiores fabricantes de aeronaves do mundo, est\u00e1 com diversas <strong>ofertas de empleo abiertas<\/strong>. Se voc\u00ea busca uma carreira em uma empresa inovadora e com presen\u00e7a global, esta \u00e9 a sua chance! Confira as oportunidades dispon\u00edveis, os benef\u00edcios oferecidos e saiba como se candidatar para fazer parte dessa gigante da avia\u00e7\u00e3o.<\/p>\n\n\n\n<div class=\"wp-block-uagb-container uagb-block-6c65bf81 alignfull uagb-is-root-container\"><div class=\"uagb-container-inner-blocks-wrap\">\n<div class=\"wp-block-uagb-container uagb-block-1ecf27cc\">\n<figure class=\"wp-block-image size-large\"><a href=\"https:\/\/eadmais.online\/es\/vagas-abertas-no-carrefour\/\"><img loading=\"lazy\" decoding=\"async\" width=\"1024\" height=\"1024\" src=\"https:\/\/eadmais.online\/wp-content\/uploads\/2025\/01\/Design-sem-nome-8-1024x1024.png\" alt=\"\" class=\"wp-image-25912\" srcset=\"https:\/\/eadmais.online\/wp-content\/uploads\/2025\/01\/Design-sem-nome-8-1024x1024.png 1024w, https:\/\/eadmais.online\/wp-content\/uploads\/2025\/01\/Design-sem-nome-8-300x300.png 300w, https:\/\/eadmais.online\/wp-content\/uploads\/2025\/01\/Design-sem-nome-8-150x150.png 150w, https:\/\/eadmais.online\/wp-content\/uploads\/2025\/01\/Design-sem-nome-8-768x768.png 768w, https:\/\/eadmais.online\/wp-content\/uploads\/2025\/01\/Design-sem-nome-8-1536x1536.png 1536w, https:\/\/eadmais.online\/wp-content\/uploads\/2025\/01\/Design-sem-nome-8-2048x2048.png 2048w, https:\/\/eadmais.online\/wp-content\/uploads\/2025\/01\/Design-sem-nome-8-12x12.png 12w\" sizes=\"auto, (max-width: 1024px) 100vw, 1024px\" \/><\/a><\/figure>\n\n\n\n<h4 class=\"wp-block-heading has-text-align-center\"><strong>Vagas no Carrefour<\/strong><\/h4>\n\n\n\n<div class=\"wp-block-buttons is-content-justification-center is-layout-flex wp-container-core-buttons-is-layout-a89b3969 wp-block-buttons-is-layout-flex\">\n<div class=\"wp-block-button\"><a class=\"wp-block-button__link has-text-align-center wp-element-button\" href=\"https:\/\/eadmais.online\/es\/vagas-abertas-no-carrefour\/\"><strong>\u00a1Quiero postularme!<\/strong><\/a><\/div>\n<\/div>\n<\/div>\n\n\n\n<div class=\"wp-block-uagb-container uagb-block-0f803a83\">\n<div class=\"wp-block-columns is-layout-flex wp-container-core-columns-is-layout-28f84493 wp-block-columns-is-layout-flex\">\n<div class=\"wp-block-column is-layout-flow wp-block-column-is-layout-flow\" style=\"flex-basis:100%\">\n<figure class=\"wp-block-image size-large\"><a href=\"https:\/\/eadmais.online\/es\/vagas-abertas-na-cea\/\"><img loading=\"lazy\" decoding=\"async\" width=\"1024\" height=\"1024\" src=\"https:\/\/eadmais.online\/wp-content\/uploads\/2025\/01\/Design-sem-nome-7-1024x1024.png\" alt=\"\" class=\"wp-image-25908\" srcset=\"https:\/\/eadmais.online\/wp-content\/uploads\/2025\/01\/Design-sem-nome-7-1024x1024.png 1024w, https:\/\/eadmais.online\/wp-content\/uploads\/2025\/01\/Design-sem-nome-7-300x300.png 300w, https:\/\/eadmais.online\/wp-content\/uploads\/2025\/01\/Design-sem-nome-7-150x150.png 150w, https:\/\/eadmais.online\/wp-content\/uploads\/2025\/01\/Design-sem-nome-7-768x768.png 768w, https:\/\/eadmais.online\/wp-content\/uploads\/2025\/01\/Design-sem-nome-7-1536x1536.png 1536w, https:\/\/eadmais.online\/wp-content\/uploads\/2025\/01\/Design-sem-nome-7-2048x2048.png 2048w, https:\/\/eadmais.online\/wp-content\/uploads\/2025\/01\/Design-sem-nome-7-12x12.png 12w\" sizes=\"auto, (max-width: 1024px) 100vw, 1024px\" \/><\/a><\/figure>\n<\/div>\n<\/div>\n\n\n\n<h4 class=\"wp-block-heading has-text-align-center\"><strong>Vagas na C&amp;A<\/strong><\/h4>\n\n\n\n<div class=\"wp-block-buttons is-content-justification-center is-layout-flex wp-container-core-buttons-is-layout-a89b3969 wp-block-buttons-is-layout-flex\">\n<div class=\"wp-block-button\"><a class=\"wp-block-button__link wp-element-button\" href=\"https:\/\/eadmais.online\/es\/vagas-abertas-na-cea\/\"><strong>\u00a1Quiero postularme!<\/strong><\/a><\/div>\n<\/div>\n<\/div>\n\n\n\n<div class=\"wp-block-uagb-container uagb-block-23203048\">\n<figure class=\"wp-block-image size-large\"><a href=\"https:\/\/eadmais.online\/es\/vagas-abertas-na-brf\/\"><img loading=\"lazy\" decoding=\"async\" width=\"1024\" height=\"1024\" src=\"https:\/\/eadmais.online\/wp-content\/uploads\/2025\/01\/Design-sem-nome-9-1024x1024.png\" alt=\"\" class=\"wp-image-25916\" srcset=\"https:\/\/eadmais.online\/wp-content\/uploads\/2025\/01\/Design-sem-nome-9-1024x1024.png 1024w, https:\/\/eadmais.online\/wp-content\/uploads\/2025\/01\/Design-sem-nome-9-300x300.png 300w, https:\/\/eadmais.online\/wp-content\/uploads\/2025\/01\/Design-sem-nome-9-150x150.png 150w, https:\/\/eadmais.online\/wp-content\/uploads\/2025\/01\/Design-sem-nome-9-768x768.png 768w, https:\/\/eadmais.online\/wp-content\/uploads\/2025\/01\/Design-sem-nome-9-1536x1536.png 1536w, https:\/\/eadmais.online\/wp-content\/uploads\/2025\/01\/Design-sem-nome-9-2048x2048.png 2048w, https:\/\/eadmais.online\/wp-content\/uploads\/2025\/01\/Design-sem-nome-9-12x12.png 12w\" sizes=\"auto, (max-width: 1024px) 100vw, 1024px\" \/><\/a><\/figure>\n\n\n\n<h4 class=\"wp-block-heading has-text-align-center\"><strong>Vagas na BRF<\/strong><\/h4>\n\n\n\n<div class=\"wp-block-buttons is-content-justification-center is-layout-flex wp-container-core-buttons-is-layout-a89b3969 wp-block-buttons-is-layout-flex\">\n<div class=\"wp-block-button\"><a class=\"wp-block-button__link wp-element-button\" href=\"https:\/\/eadmais.online\/es\/vagas-abertas-na-brf\/\"><strong>Quiero postularme<\/strong><\/a><\/div>\n<\/div>\n<\/div>\n<\/div><\/div>\n\n\n\n<h2 class=\"wp-block-heading\"><strong>Vagas Dispon\u00edveis na <\/strong>Embraer<\/h2>\n\n\n\n<p>A Embraer est\u00e1 com vagas abertas em diferentes \u00e1reas de atua\u00e7\u00e3o, incluindo:<\/p>\n\n\n\n<ul class=\"wp-block-list\">\n<li><strong>Analista Compliance (Foco em Investiga\u00e7\u00f5es) S\u00eanior<\/strong>\n<ul class=\"wp-block-list\">\n<li><strong>Salario promedio<\/strong>: R$ 10.000 a R$ 15.000<\/li>\n<\/ul>\n<\/li>\n\n\n\n<li><strong>Analista de datos<\/strong>\n<ul class=\"wp-block-list\">\n<li><strong>Salario promedio<\/strong>: R$ 6.000 a R$ 9.000<\/li>\n<\/ul>\n<\/li>\n\n\n\n<li><strong>Analista de Empreendimento de Neg\u00f3cios (Foco em Vendas &#8211; LATAM) \u2013 Pleno ou S\u00eanior<\/strong>\n<ul class=\"wp-block-list\">\n<li><strong>Salario promedio<\/strong>: R$ 8.000 a R$ 12.000<\/li>\n<\/ul>\n<\/li>\n\n\n\n<li><strong>Analista de Planejamento<\/strong>\n<ul class=\"wp-block-list\">\n<li><strong>Salario promedio<\/strong>: R$ 5.000 a R$ 7.000<\/li>\n<\/ul>\n<\/li>\n\n\n\n<li><strong>Analista de Recursos Humanos (People Intelligence \/ BI) Pleno<\/strong>\n<ul class=\"wp-block-list\">\n<li><strong>Salario promedio<\/strong>: R$ 6.000 a R$ 8.000<\/li>\n<\/ul>\n<\/li>\n\n\n\n<li><strong>Analista de Seguran\u00e7a da Informa\u00e7\u00e3o (SAP Security) Pleno\/S\u00eanior<\/strong>\n<ul class=\"wp-block-list\">\n<li><strong>Salario promedio<\/strong>: R$ 9.000 a R$ 13.000<\/li>\n<\/ul>\n<\/li>\n\n\n\n<li><strong>Analista de Tecnologia da Informa\u00e7\u00e3o (Foco em ALM) Pleno<\/strong>\n<ul class=\"wp-block-list\">\n<li><strong>Salario promedio<\/strong>: R$ 7.000 a R$ 10.000<\/li>\n<\/ul>\n<\/li>\n\n\n\n<li><strong>Analista de Tecnologia da Informa\u00e7\u00e3o (Foco em Processos de Manufatura) S\u00eanior<\/strong>\n<ul class=\"wp-block-list\">\n<li><strong>Salario promedio<\/strong>: R$ 8.000 a R$ 12.000<\/li>\n<\/ul>\n<\/li>\n\n\n\n<li><strong>Administrador(a) de Contrato de Suprimentos (Comprador Estrat\u00e9gico &#8211; Compras DIRETAS)<\/strong>\n<ul class=\"wp-block-list\">\n<li><strong>Salario promedio<\/strong>: R$ 7.000 a R$ 10.000<\/li>\n<\/ul>\n<\/li>\n\n\n\n<li><strong>Administrador(a) de Contrato de Suprimentos (Comprador Estrat\u00e9gico &#8211; Compras INDIRETAS)<\/strong>\n<ul class=\"wp-block-list\">\n<li><strong>Salario promedio<\/strong>: R$ 7.000 a R$ 10.000<\/li>\n<\/ul>\n<\/li>\n<\/ul>\n\n\n\n<p>Essas posi\u00e7\u00f5es abrangem \u00e1reas como compliance, dados, neg\u00f3cios, planejamento, recursos humanos, seguran\u00e7a da informa\u00e7\u00e3o, tecnologia da informa\u00e7\u00e3o e suprimentos, oferecendo uma ampla gama de oportunidades para profissionais de diferentes perfis.<\/p>\n\n\n\n<h2 class=\"wp-block-heading\"><strong>Benef\u00edcios de Trabalhar na <\/strong>Embraer<\/h2>\n\n\n\n<p>A Embraer valoriza seus colaboradores e oferece um pacote de benef\u00edcios competitivo, incluindo:<\/p>\n\n\n\n<ul class=\"wp-block-list\">\n<li><strong>Plan de salud y dental.<\/strong><\/li>\n\n\n\n<li><strong>Pensi\u00f3n privada<\/strong><\/li>\n\n\n\n<li><strong>Vale-refei\u00e7\u00e3o e vale-transporte<\/strong><\/li>\n\n\n\n<li><strong>Programa de participa\u00e7\u00e3o nos lucros e resultados (PLR)<\/strong><\/li>\n\n\n\n<li><strong>Descontos em produtos e servi\u00e7os<\/strong><\/li>\n\n\n\n<li><strong>Ambiente de trabalho colaborativo e inovador<\/strong><\/li>\n\n\n\n<li><strong>Oportunidades de desenvolvimento profissional e programas de treinamento<\/strong><\/li>\n<\/ul>\n\n\n\n<h2 class=\"wp-block-heading\"><strong>Por que Trabalhar na Embraer?<\/strong><\/h2>\n\n\n\n<p>Na Embraer, com foco em todas as etapas da vida profissional e aos diferentes momentos de carreira, oferece <strong>programas educacionais e projetos especiais<\/strong> que contemplam desde os jovens talentos at\u00e9 o apoio no processo de p\u00f3s-carreira. Possuem frequentes oportunidades de <strong>integra\u00e7\u00e3o cultural em \u00e2mbito global<\/strong> y <strong>desarrollo personal<\/strong>para a evolu\u00e7\u00e3o de carreira.<\/p>\n\n\n\n<p>Seu foco est\u00e1 na <strong>parceria, no desenvolvimento das pessoas<\/strong> e na possibilidade de ensinar em \u00e1reas diferentes, de acordo com o seu interesse. Uma empresa que valoriza o crescimento de seus colaboradores e oferece um ambiente desafiador e din\u00e2mico.<\/p>\n\n\n\n<h2 class=\"wp-block-heading\"><strong>C\u00f3mo aplicar<\/strong><\/h2>\n\n\n\n<p>O processo de candidatura na Embraer \u00e9 simples e eficaz. Siga os passos abaixo para se inscrever nas vagas:<\/p>\n\n\n\n<ol class=\"wp-block-list\">\n<li><strong>Acesse o site de carreiras<\/strong>: Visite a <a href=\"https:\/\/eadmais.online\/es\/estamos-te-redirecionando\/?destino=https:\/\/embraer.com\/br\/pt\/junte-se-a-nos\"><strong>p\u00e1gina de carreiras da Embraer<\/strong><\/a> e selecione <strong><a href=\"https:\/\/eadmais.online\/es\/estamos-te-redirecionando\/?destino=https:\/\/embraer.gupy.io\/\">\u201cvagas Brasil\u201d<\/a><\/strong>.<\/li>\n\n\n\n<li><strong>Explore as vagas dispon\u00edveis<\/strong>: Navegue pelas oportunidades listadas e escolha a que melhor se adequa ao seu perfil.<\/li>\n\n\n\n<li><strong>Haga clic en la vacante deseada<\/strong>: Selecione a posi\u00e7\u00e3o de interesse para visualizar os detalhes.<\/li>\n\n\n\n<li><strong>Clique em &#8220;candidatar-se&#8221;<\/strong>: Inicie o processo de inscri\u00e7\u00e3o.<\/li>\n\n\n\n<li><strong>Preencha o formul\u00e1rio de inscri\u00e7\u00e3o<\/strong>: Complete as informa\u00e7\u00f5es solicitadas, incluindo dados pessoais, experi\u00eancias profissionais e forma\u00e7\u00e3o acad\u00eamica.<\/li>\n\n\n\n<li><strong>Env\u00eda tu curr\u00edculum<\/strong>: Anexe seu curr\u00edculo atualizado e finalize sua inscri\u00e7\u00e3o.<\/li>\n<\/ol>\n\n\n\n<p><strong>Clique nos links abaixo e veja as vagas dispon\u00edveis em nossas unidades do Brasil e do mundo<\/strong>. N\u00e3o perca essa chance de impulsionar sua carreira em uma das maiores empresas de avia\u00e7\u00e3o do mundo!<\/p>\n\n\n\n<div class=\"wp-block-buttons is-content-justification-center is-layout-flex wp-container-core-buttons-is-layout-a89b3969 wp-block-buttons-is-layout-flex\">\n<div class=\"wp-block-button has-custom-font-size has-big-font-size\"><a class=\"wp-block-button__link has-text-align-center wp-element-button\" href=\"https:\/\/eadmais.online\/es\/estamos-te-redirecionando\/?destino=https:\/\/embraer.gupy.io\/\"><strong>Haga clic aqu\u00ed para aplicar<\/strong><\/a><\/div>\n<\/div>\n\n\n\n<p><\/p>","protected":false},"excerpt":{"rendered":"<p>\u00a1Descubra las vacantes disponibles en Correios y c\u00f3mo postularse! Oportunidades que pueden cambiar tu vida est\u00e1n a solo un clic de distancia. \u00a1No te quedes fuera!<\/p>","protected":false},"author":4,"featured_media":25923,"parent":0,"menu_order":0,"comment_status":"closed","ping_status":"closed","template":"","meta":{"_uag_custom_page_level_css":"","footnotes":""},"class_list":["post-25920","page","type-page","status-publish","has-post-thumbnail","hentry"],"uagb_featured_image_src":{"full":["https:\/\/eadmais.online\/wp-content\/uploads\/2025\/01\/Design-sem-nome-10.png",3375,3375,false],"thumbnail":["https:\/\/eadmais.online\/wp-content\/uploads\/2025\/01\/Design-sem-nome-10-150x150.png",150,150,true],"medium":["https:\/\/eadmais.online\/wp-content\/uploads\/2025\/01\/Design-sem-nome-10-300x300.png",300,300,true],"medium_large":["https:\/\/eadmais.online\/wp-content\/uploads\/2025\/01\/Design-sem-nome-10-768x768.png",768,768,true],"large":["https:\/\/eadmais.online\/wp-content\/uploads\/2025\/01\/Design-sem-nome-10-1024x1024.png",1024,1024,true],"1536x1536":["https:\/\/eadmais.online\/wp-content\/uploads\/2025\/01\/Design-sem-nome-10-1536x1536.png",1536,1536,true],"2048x2048":["https:\/\/eadmais.online\/wp-content\/uploads\/2025\/01\/Design-sem-nome-10-2048x2048.png",2048,2048,true],"trp-custom-language-flag":["https:\/\/eadmais.online\/wp-content\/uploads\/2025\/01\/Design-sem-nome-10-12x12.png",12,12,true]},"uagb_author_info":{"display_name":"Isabela Josiaqui","author_link":"https:\/\/eadmais.online\/es\/author\/isabelajosiaqui\/"},"uagb_comment_info":0,"uagb_excerpt":"Descubra as vagas dispon\u00edveis nos Correios e como se candidatar! Oportunidades que podem mudar sua vida est\u00e3o a um clique de dist\u00e2ncia. N\u00e3o fique de fora!","_links":{"self":[{"href":"https:\/\/eadmais.online\/es\/wp-json\/wp\/v2\/pages\/25920","targetHints":{"allow":["GET"]}}],"collection":[{"href":"https:\/\/eadmais.online\/es\/wp-json\/wp\/v2\/pages"}],"about":[{"href":"https:\/\/eadmais.online\/es\/wp-json\/wp\/v2\/types\/page"}],"author":[{"embeddable":true,"href":"https:\/\/eadmais.online\/es\/wp-json\/wp\/v2\/users\/4"}],"replies":[{"embeddable":true,"href":"https:\/\/eadmais.online\/es\/wp-json\/wp\/v2\/comments?post=25920"}],"version-history":[{"count":1,"href":"https:\/\/eadmais.online\/es\/wp-json\/wp\/v2\/pages\/25920\/revisions"}],"predecessor-version":[{"id":25924,"href":"https:\/\/eadmais.online\/es\/wp-json\/wp\/v2\/pages\/25920\/revisions\/25924"}],"wp:featuredmedia":[{"embeddable":true,"href":"https:\/\/eadmais.online\/es\/wp-json\/wp\/v2\/media\/25923"}],"wp:attachment":[{"href":"https:\/\/eadmais.online\/es\/wp-json\/wp\/v2\/media?parent=25920"}],"curies":[{"name":"wp","href":"https:\/\/api.w.org\/{rel}","templated":true}]}}