{"id":25926,"date":"2025-01-14T14:16:45","date_gmt":"2025-01-14T14:16:45","guid":{"rendered":"https:\/\/eadmais.online\/?page_id=25926"},"modified":"2025-01-21T14:57:15","modified_gmt":"2025-01-21T14:57:15","slug":"vagas-abertas-grupo-muffato-no-parana","status":"publish","type":"page","link":"https:\/\/eadmais.online\/es\/vagas-abertas-grupo-muffato-no-parana\/","title":{"rendered":"Vagas abertas Grupo Muffato no Paran\u00e1: Oportunidades em uma das maiores redes de supermercados."},"content":{"rendered":"<div class='code-block code-block-2' style='margin: 8px auto; text-align: center; display: block; clear: both;'>\n<div style=\"position: sticky; top: 15px;\">\n<div class=\"code-block-label\">anuncios<\/div>\n<script>\n   window.googletag = window.googletag || {cmd: []};\n   googletag.cmd.push(function() {\n     googletag.defineSlot(\"\/22883653243\/eadmais.online\/eadmais.online_mw_content2_02032023\", [[250, 250], [336, 280], [300, 250]], \"div-gpt-ad-1606164528122-0\").addService(googletag.pubads());\n         googletag.pubads().enableLazyLoad({\n                    fetchMarginPercent: 20,\n                    renderMarginPercent: 10,\n                    mobileScaling: 2.0\n                });\n     googletag.enableServices();\n   });\n<\/script>\n<div id=\"div-gpt-ad-1606164528122-0\">\n   <script>\n      googletag.cmd.push(function() { googletag.display(\"div-gpt-ad-1606164528122-0\"); });\n   <\/script>\n<\/div><\/div>\n<div style=\" height: 150px;\"><\/div>\n<\/div>\n\n\n\n\n<p>EL <strong><a href=\"https:\/\/eadmais.online\/es\/estamos-te-redirecionando\/?destino=https:\/\/www.grupomuffato.com.br\/\">Grupo Muffato<\/a><\/strong> \u00e9 uma das principais redes de supermercados do Brasil, com uma forte presen\u00e7a no estado do <strong>Paran\u00e1<\/strong>. Com quase 50 anos de experi\u00eancia e mais de 19 mil colaboradores, a empresa \u00e9 reconhecida como a sexta maior no ranking nacional do segmento, segundo a <strong>Associa\u00e7\u00e3o Brasileira de Supermercados (Abras)<\/strong>. Al\u00e9m disso, o Grupo Muffato atua com expertise em diversas \u00e1reas como atacarejo, centros de distribui\u00e7\u00e3o, ind\u00fastria de alimentos, canais de comunica\u00e7\u00e3o e postos de combust\u00edveis.<\/p>\n\n\n\n<div class=\"wp-block-uagb-container uagb-block-6c65bf81 alignfull uagb-is-root-container\"><div class=\"uagb-container-inner-blocks-wrap\">\n<div class=\"wp-block-uagb-container uagb-block-1ecf27cc\">\n<figure class=\"wp-block-image size-large\"><a href=\"https:\/\/eadmais.online\/es\/vagas-abertas-no-carrefour\/\"><img loading=\"lazy\" decoding=\"async\" width=\"1024\" height=\"1024\" src=\"https:\/\/eadmais.online\/wp-content\/uploads\/2025\/01\/Design-sem-nome-8-1024x1024.png\" alt=\"\" class=\"wp-image-25912\" srcset=\"https:\/\/eadmais.online\/wp-content\/uploads\/2025\/01\/Design-sem-nome-8-1024x1024.png 1024w, https:\/\/eadmais.online\/wp-content\/uploads\/2025\/01\/Design-sem-nome-8-300x300.png 300w, https:\/\/eadmais.online\/wp-content\/uploads\/2025\/01\/Design-sem-nome-8-150x150.png 150w, https:\/\/eadmais.online\/wp-content\/uploads\/2025\/01\/Design-sem-nome-8-768x768.png 768w, https:\/\/eadmais.online\/wp-content\/uploads\/2025\/01\/Design-sem-nome-8-1536x1536.png 1536w, https:\/\/eadmais.online\/wp-content\/uploads\/2025\/01\/Design-sem-nome-8-2048x2048.png 2048w, https:\/\/eadmais.online\/wp-content\/uploads\/2025\/01\/Design-sem-nome-8-12x12.png 12w\" sizes=\"auto, (max-width: 1024px) 100vw, 1024px\" \/><\/a><\/figure>\n\n\n\n<h4 class=\"wp-block-heading has-text-align-center\"><strong>Vagas no Carrefour<\/strong><\/h4>\n\n\n\n<div class=\"wp-block-buttons is-content-justification-center is-layout-flex wp-container-core-buttons-is-layout-a89b3969 wp-block-buttons-is-layout-flex\">\n<div class=\"wp-block-button\"><a class=\"wp-block-button__link has-text-align-center wp-element-button\" href=\"https:\/\/eadmais.online\/es\/vagas-abertas-no-carrefour\/\"><strong>\u00a1Quiero postularme!<\/strong><\/a><\/div>\n<\/div>\n<\/div>\n\n\n\n<div class=\"wp-block-uagb-container uagb-block-0f803a83\">\n<div class=\"wp-block-columns is-layout-flex wp-container-core-columns-is-layout-28f84493 wp-block-columns-is-layout-flex\">\n<div class=\"wp-block-column is-layout-flow wp-block-column-is-layout-flow\" style=\"flex-basis:100%\">\n<figure class=\"wp-block-image size-large\"><a href=\"https:\/\/eadmais.online\/es\/vagas-abertas-na-embraer\/\"><img loading=\"lazy\" decoding=\"async\" width=\"1024\" height=\"1024\" src=\"https:\/\/eadmais.online\/wp-content\/uploads\/2025\/01\/Design-sem-nome-10-1024x1024.png\" alt=\"\" class=\"wp-image-25923\" srcset=\"https:\/\/eadmais.online\/wp-content\/uploads\/2025\/01\/Design-sem-nome-10-1024x1024.png 1024w, https:\/\/eadmais.online\/wp-content\/uploads\/2025\/01\/Design-sem-nome-10-300x300.png 300w, https:\/\/eadmais.online\/wp-content\/uploads\/2025\/01\/Design-sem-nome-10-150x150.png 150w, https:\/\/eadmais.online\/wp-content\/uploads\/2025\/01\/Design-sem-nome-10-768x768.png 768w, https:\/\/eadmais.online\/wp-content\/uploads\/2025\/01\/Design-sem-nome-10-1536x1536.png 1536w, https:\/\/eadmais.online\/wp-content\/uploads\/2025\/01\/Design-sem-nome-10-2048x2048.png 2048w, https:\/\/eadmais.online\/wp-content\/uploads\/2025\/01\/Design-sem-nome-10-12x12.png 12w\" sizes=\"auto, (max-width: 1024px) 100vw, 1024px\" \/><\/a><\/figure>\n<\/div>\n<\/div>\n\n\n\n<h4 class=\"wp-block-heading has-text-align-center\"><strong>Vagas na<\/strong> <strong>Embraer<\/strong><\/h4>\n\n\n\n<div class=\"wp-block-buttons is-content-justification-center is-layout-flex wp-container-core-buttons-is-layout-a89b3969 wp-block-buttons-is-layout-flex\">\n<div class=\"wp-block-button\"><a class=\"wp-block-button__link wp-element-button\" href=\"https:\/\/eadmais.online\/es\/vagas-abertas-na-embraer\/\"><strong>\u00a1Quiero postularme!<\/strong><\/a><\/div>\n<\/div>\n<\/div>\n\n\n\n<div class=\"wp-block-uagb-container uagb-block-23203048\">\n<figure class=\"wp-block-image size-large\"><a href=\"https:\/\/eadmais.online\/es\/vagas-abertas-na-brf\/\"><img loading=\"lazy\" decoding=\"async\" width=\"1024\" height=\"1024\" src=\"https:\/\/eadmais.online\/wp-content\/uploads\/2025\/01\/Design-sem-nome-9-1024x1024.png\" alt=\"\" class=\"wp-image-25916\" srcset=\"https:\/\/eadmais.online\/wp-content\/uploads\/2025\/01\/Design-sem-nome-9-1024x1024.png 1024w, https:\/\/eadmais.online\/wp-content\/uploads\/2025\/01\/Design-sem-nome-9-300x300.png 300w, https:\/\/eadmais.online\/wp-content\/uploads\/2025\/01\/Design-sem-nome-9-150x150.png 150w, https:\/\/eadmais.online\/wp-content\/uploads\/2025\/01\/Design-sem-nome-9-768x768.png 768w, https:\/\/eadmais.online\/wp-content\/uploads\/2025\/01\/Design-sem-nome-9-1536x1536.png 1536w, https:\/\/eadmais.online\/wp-content\/uploads\/2025\/01\/Design-sem-nome-9-2048x2048.png 2048w, https:\/\/eadmais.online\/wp-content\/uploads\/2025\/01\/Design-sem-nome-9-12x12.png 12w\" sizes=\"auto, (max-width: 1024px) 100vw, 1024px\" \/><\/a><\/figure>\n\n\n\n<h4 class=\"wp-block-heading has-text-align-center\"><strong>Vagas na BRF<\/strong><\/h4>\n\n\n\n<div class=\"wp-block-buttons is-content-justification-center is-layout-flex wp-container-core-buttons-is-layout-a89b3969 wp-block-buttons-is-layout-flex\">\n<div class=\"wp-block-button\"><a class=\"wp-block-button__link wp-element-button\" href=\"https:\/\/eadmais.online\/es\/vagas-abertas-na-brf\/\"><strong>Quiero postularme<\/strong><\/a><\/div>\n<\/div>\n<\/div>\n<\/div><\/div>\n\n\n\n<h2 class=\"wp-block-heading\">Vagas dispon\u00edveis no Paran\u00e1<\/h2>\n\n\n\n<p>O estado do Paran\u00e1 possui diversas unidades do Grupo Muffato, proporcionando v\u00e1rias oportunidades de emprego em diferentes cidades. Confira as vagas abertas e a m\u00e9dia salarial:<\/p>\n\n\n\n<figure class=\"wp-block-table\"><table class=\"has-fixed-layout\"><tbody><tr><td><strong>Ciudad<\/strong><\/td><td><strong>Posici\u00f3n<\/strong><\/td><td><strong>Salario promedio<\/strong><\/td><\/tr><tr><td>Londrina<\/td><td>A\u00e7ougueiro<\/td><td>R$ 3.240\/m\u00eas<\/td><\/tr><tr><td>Arapongas<\/td><td>A\u00e7ougueiro<\/td><td>R$ 3.240\/m\u00eas<\/td><\/tr><tr><td>Cascavel, Foz do Igua\u00e7u, Camb\u00e9<\/td><td>A\u00e7ougueiro Auxiliar<\/td><td>R$ 1.728\/m\u00eas<\/td><\/tr><tr><td>Diversas localidades (Londrina, Arapongas, Cascavel, Foz do Igua\u00e7u, Camb\u00e9)<\/td><td>Repositor<\/td><td>R$ 1.834\/m\u00eas<\/td><\/tr><tr><td>Diversas localidades (Londrina, Arapongas, Cascavel, Foz do Igua\u00e7u, Camb\u00e9)<\/td><td>Cajero<\/td><td>R$ 1.881\/m\u00eas<\/td><\/tr><tr><td>Diversas localidades (Londrina, Arapongas, Cascavel, Foz do Igua\u00e7u, Camb\u00e9)<\/td><td>Auxiliar de Limpeza<\/td><td>R$ 1.530\/m\u00eas<\/td><\/tr><\/tbody><\/table><\/figure>\n\n\n\n<h2 class=\"wp-block-heading\"><strong>Benef\u00edcios oferecidos<\/strong><\/h2>\n\n\n\n<ul class=\"wp-block-list\">\n<li>Assist\u00eancia M\u00e9dica Familiar<\/li>\n\n\n\n<li>Assist\u00eancia Odontol\u00f3gica<\/li>\n\n\n\n<li>Telemedicina e Telepsicologia<\/li>\n\n\n\n<li>Coaching Profissional<\/li>\n\n\n\n<li>Refei\u00e7\u00e3o na Empresa<\/li>\n\n\n\n<li>Vale de comida<\/li>\n\n\n\n<li>Descontos em Empresas Parceiras<\/li>\n\n\n\n<li>Universidade Corporativa<\/li>\n<\/ul>\n\n\n\n<h2 class=\"wp-block-heading\"><strong>Por que trabalhar no Muffato?<\/strong><\/h2>\n\n\n\n<p>EL <strong><a href=\"https:\/\/eadmais.online\/es\/estamos-te-redirecionando\/?destino=https:\/\/www.grupomuffato.com.br\/\">Grupo Muffato<\/a><\/strong> oferece uma s\u00e9rie de raz\u00f5es para ser a escolha ideal para quem busca crescimento profissional e uma carreira s\u00f3lida. A empresa \u00e9 uma das l\u00edderes no setor de varejo e se destaca pela forma como investe no desenvolvimento de seus colaboradores.<\/p>\n\n\n\n<p>Uma empresa que investe fortemente em seus colaboradores por meio de iniciativas como a <strong>Universidade Corporativa<\/strong>, que oferece treinamentos peri\u00f3dicos em diferentes plataformas para facilitar o aprendizado e o desenvolvimento. Isso permite que os funcion\u00e1rios estejam sempre atualizados e preparados para enfrentar os desafios do mercado.<\/p>\n\n\n\n<p>Outro ponto positivo \u00e9 a diversidade de segmentos nos quais a empresa atua. Com unidades no <strong>varejo<\/strong>, <strong>atacarejo<\/strong>, <strong>ind\u00fastria<\/strong>, <strong>postos de combust\u00edveis<\/strong> y <strong>centros de distribui\u00e7\u00e3o<\/strong>, voc\u00ea tem a oportunidade de escolher onde melhor se adapta, conforme suas prefer\u00eancias e habilidades.<\/p>\n\n\n\n<p>Portanto, se voc\u00ea est\u00e1 buscando uma empresa que valorize seu crescimento profissional e ofere\u00e7a v\u00e1rias oportunidades de desenvolvimento, o <strong>Grupo Muffato<\/strong> \u00e9 o lugar certo para voc\u00ea!<\/p>\n\n\n\n<h2 class=\"wp-block-heading\"><strong>Como se candidatar <\/strong><\/h2>\n\n\n\n<p>Para se candidatar \u00e0s vagas no Paran\u00e1, acesse o <a href=\"https:\/\/eadmais.online\/es\/estamos-te-redirecionando\/?destino=https:\/\/grupomuffatovagas.gupy.io\/\"><strong>portal de carreiras do Grupo Muffato<\/strong><\/a> e inscreva-se na vaga de seu interesse.<\/p>\n\n\n\n<div class=\"wp-block-buttons is-content-justification-center is-layout-flex wp-container-core-buttons-is-layout-a89b3969 wp-block-buttons-is-layout-flex\">\n<div class=\"wp-block-button has-custom-font-size has-big-font-size\"><a class=\"wp-block-button__link has-text-align-center wp-element-button\" href=\"https:\/\/eadmais.online\/es\/estamos-te-redirecionando\/?destino=https:\/\/grupomuffatovagas.gupy.io\/\"><strong>Haga clic aqu\u00ed para aplicar<\/strong><\/a><\/div>\n<\/div>\n\n\n\n<p><\/p>","protected":false},"excerpt":{"rendered":"<p>\u00a1Descubra las vacantes disponibles en Correios y c\u00f3mo postularse! Oportunidades que pueden cambiar tu vida est\u00e1n a solo un clic de distancia. \u00a1No te quedes fuera!<\/p>","protected":false},"author":4,"featured_media":26026,"parent":0,"menu_order":0,"comment_status":"closed","ping_status":"closed","template":"","meta":{"_uag_custom_page_level_css":"","footnotes":""},"class_list":["post-25926","page","type-page","status-publish","has-post-thumbnail","hentry"],"uagb_featured_image_src":{"full":["https:\/\/eadmais.online\/wp-content\/uploads\/2025\/01\/Empresas-contratam.zip-12.png",3375,3375,false],"thumbnail":["https:\/\/eadmais.online\/wp-content\/uploads\/2025\/01\/Empresas-contratam.zip-12-150x150.png",150,150,true],"medium":["https:\/\/eadmais.online\/wp-content\/uploads\/2025\/01\/Empresas-contratam.zip-12-300x300.png",300,300,true],"medium_large":["https:\/\/eadmais.online\/wp-content\/uploads\/2025\/01\/Empresas-contratam.zip-12-768x768.png",768,768,true],"large":["https:\/\/eadmais.online\/wp-content\/uploads\/2025\/01\/Empresas-contratam.zip-12-1024x1024.png",1024,1024,true],"1536x1536":["https:\/\/eadmais.online\/wp-content\/uploads\/2025\/01\/Empresas-contratam.zip-12-1536x1536.png",1536,1536,true],"2048x2048":["https:\/\/eadmais.online\/wp-content\/uploads\/2025\/01\/Empresas-contratam.zip-12-2048x2048.png",2048,2048,true],"trp-custom-language-flag":["https:\/\/eadmais.online\/wp-content\/uploads\/2025\/01\/Empresas-contratam.zip-12-12x12.png",12,12,true]},"uagb_author_info":{"display_name":"Isabela Josiaqui","author_link":"https:\/\/eadmais.online\/es\/author\/isabelajosiaqui\/"},"uagb_comment_info":0,"uagb_excerpt":"Descubra as vagas dispon\u00edveis nos Correios e como se candidatar! Oportunidades que podem mudar sua vida est\u00e3o a um clique de dist\u00e2ncia. N\u00e3o fique de fora!","_links":{"self":[{"href":"https:\/\/eadmais.online\/es\/wp-json\/wp\/v2\/pages\/25926","targetHints":{"allow":["GET"]}}],"collection":[{"href":"https:\/\/eadmais.online\/es\/wp-json\/wp\/v2\/pages"}],"about":[{"href":"https:\/\/eadmais.online\/es\/wp-json\/wp\/v2\/types\/page"}],"author":[{"embeddable":true,"href":"https:\/\/eadmais.online\/es\/wp-json\/wp\/v2\/users\/4"}],"replies":[{"embeddable":true,"href":"https:\/\/eadmais.online\/es\/wp-json\/wp\/v2\/comments?post=25926"}],"version-history":[{"count":3,"href":"https:\/\/eadmais.online\/es\/wp-json\/wp\/v2\/pages\/25926\/revisions"}],"predecessor-version":[{"id":25939,"href":"https:\/\/eadmais.online\/es\/wp-json\/wp\/v2\/pages\/25926\/revisions\/25939"}],"wp:featuredmedia":[{"embeddable":true,"href":"https:\/\/eadmais.online\/es\/wp-json\/wp\/v2\/media\/26026"}],"wp:attachment":[{"href":"https:\/\/eadmais.online\/es\/wp-json\/wp\/v2\/media?parent=25926"}],"curies":[{"name":"wp","href":"https:\/\/api.w.org\/{rel}","templated":true}]}}