{"id":26412,"date":"2025-01-28T17:58:08","date_gmt":"2025-01-28T17:58:08","guid":{"rendered":"https:\/\/eadmais.online\/?page_id=26412"},"modified":"2025-01-28T17:58:09","modified_gmt":"2025-01-28T17:58:09","slug":"vagas-de-emprego-na-vale","status":"publish","type":"page","link":"https:\/\/eadmais.online\/es\/vagas-de-emprego-na-vale\/","title":{"rendered":"Vagas de Emprego na Vale: Oportunidades, Sal\u00e1rios e Como se Candidatar"},"content":{"rendered":"<div class='code-block code-block-2' style='margin: 8px auto; text-align: center; display: block; clear: both;'>\n<div style=\"position: sticky; top: 15px;\">\n<div class=\"code-block-label\">anuncios<\/div>\n<script>\n   window.googletag = window.googletag || {cmd: []};\n   googletag.cmd.push(function() {\n     googletag.defineSlot(\"\/22883653243\/eadmais.online\/eadmais.online_mw_content2_02032023\", [[250, 250], [336, 280], [300, 250]], \"div-gpt-ad-1606164528122-0\").addService(googletag.pubads());\n         googletag.pubads().enableLazyLoad({\n                    fetchMarginPercent: 20,\n                    renderMarginPercent: 10,\n                    mobileScaling: 2.0\n                });\n     googletag.enableServices();\n   });\n<\/script>\n<div id=\"div-gpt-ad-1606164528122-0\">\n   <script>\n      googletag.cmd.push(function() { googletag.display(\"div-gpt-ad-1606164528122-0\"); });\n   <\/script>\n<\/div><\/div>\n<div style=\" height: 150px;\"><\/div>\n<\/div>\n\n\n\n\n<p>A Vale \u00e9 uma das maiores empresas de minera\u00e7\u00e3o do mundo, com forte presen\u00e7a no Brasil e em diversos pa\u00edses. Reconhecida pela sua atua\u00e7\u00e3o no setor de minera\u00e7\u00e3o e log\u00edstica, a Vale tamb\u00e9m \u00e9 destaque em sustentabilidade, inova\u00e7\u00e3o e desenvolvimento de talentos.<\/p>\n\n\n\n<p>Se voc\u00ea busca fazer parte de uma empresa que valoriza seus colaboradores, investe em crescimento profissional e est\u00e1 comprometida com pr\u00e1ticas respons\u00e1veis, confira as vagas dispon\u00edveis, sal\u00e1rios e como se candidatar.<\/p>\n\n\n\n<div class=\"wp-block-uagb-container uagb-block-6c65bf81 alignfull uagb-is-root-container\"><div class=\"uagb-container-inner-blocks-wrap\">\n<div class=\"wp-block-uagb-container uagb-block-1ecf27cc\">\n<figure class=\"wp-block-image size-large\"><a href=\"https:\/\/eadmais.online\/es\/vagas-abertas-na-brf\/\"><img loading=\"lazy\" decoding=\"async\" width=\"1024\" height=\"1024\" src=\"https:\/\/eadmais.online\/wp-content\/uploads\/2025\/01\/Design-sem-nome-9-1024x1024.png\" alt=\"\" class=\"wp-image-25916\" srcset=\"https:\/\/eadmais.online\/wp-content\/uploads\/2025\/01\/Design-sem-nome-9-1024x1024.png 1024w, https:\/\/eadmais.online\/wp-content\/uploads\/2025\/01\/Design-sem-nome-9-300x300.png 300w, https:\/\/eadmais.online\/wp-content\/uploads\/2025\/01\/Design-sem-nome-9-150x150.png 150w, https:\/\/eadmais.online\/wp-content\/uploads\/2025\/01\/Design-sem-nome-9-768x768.png 768w, https:\/\/eadmais.online\/wp-content\/uploads\/2025\/01\/Design-sem-nome-9-1536x1536.png 1536w, https:\/\/eadmais.online\/wp-content\/uploads\/2025\/01\/Design-sem-nome-9-2048x2048.png 2048w, https:\/\/eadmais.online\/wp-content\/uploads\/2025\/01\/Design-sem-nome-9-12x12.png 12w\" sizes=\"auto, (max-width: 1024px) 100vw, 1024px\" \/><\/a><\/figure>\n\n\n\n<h4 class=\"wp-block-heading has-text-align-center\"><strong>Vagas na BRF<\/strong><\/h4>\n\n\n\n<div class=\"wp-block-buttons is-content-justification-center is-layout-flex wp-container-core-buttons-is-layout-a89b3969 wp-block-buttons-is-layout-flex\">\n<div class=\"wp-block-button\"><a class=\"wp-block-button__link has-text-align-center wp-element-button\" href=\"https:\/\/eadmais.online\/es\/vagas-abertas-na-brf\/\"><strong>\u00a1Quiero postularme!<\/strong><\/a><\/div>\n<\/div>\n<\/div>\n\n\n\n<div class=\"wp-block-uagb-container uagb-block-0f803a83\">\n<div class=\"wp-block-columns is-layout-flex wp-container-core-columns-is-layout-28f84493 wp-block-columns-is-layout-flex\">\n<div class=\"wp-block-column is-layout-flow wp-block-column-is-layout-flow\" style=\"flex-basis:100%\">\n<figure class=\"wp-block-image size-large\"><a href=\"https:\/\/eadmais.online\/es\/vagas-de-emprego-na-votorantim\/\"><img loading=\"lazy\" decoding=\"async\" width=\"1024\" height=\"1024\" src=\"https:\/\/eadmais.online\/wp-content\/uploads\/2025\/01\/VOTORANTIM-1024x1024.png\" alt=\"\" class=\"wp-image-26408\" srcset=\"https:\/\/eadmais.online\/wp-content\/uploads\/2025\/01\/VOTORANTIM-1024x1024.png 1024w, https:\/\/eadmais.online\/wp-content\/uploads\/2025\/01\/VOTORANTIM-300x300.png 300w, https:\/\/eadmais.online\/wp-content\/uploads\/2025\/01\/VOTORANTIM-150x150.png 150w, https:\/\/eadmais.online\/wp-content\/uploads\/2025\/01\/VOTORANTIM-768x768.png 768w, https:\/\/eadmais.online\/wp-content\/uploads\/2025\/01\/VOTORANTIM-12x12.png 12w, https:\/\/eadmais.online\/wp-content\/uploads\/2025\/01\/VOTORANTIM.png 1080w\" sizes=\"auto, (max-width: 1024px) 100vw, 1024px\" \/><\/a><\/figure>\n<\/div>\n<\/div>\n\n\n\n<h4 class=\"wp-block-heading has-text-align-center\"><strong>Vagas na Votorantim<\/strong><\/h4>\n\n\n\n<div class=\"wp-block-buttons is-content-justification-center is-layout-flex wp-container-core-buttons-is-layout-a89b3969 wp-block-buttons-is-layout-flex\">\n<div class=\"wp-block-button\"><a class=\"wp-block-button__link wp-element-button\" href=\"https:\/\/eadmais.online\/es\/vagas-de-emprego-na-votorantim\/\"><strong>\u00a1Quiero postularme!<\/strong><\/a><\/div>\n<\/div>\n<\/div>\n\n\n\n<div class=\"wp-block-uagb-container uagb-block-23203048\">\n<figure class=\"wp-block-image size-large\"><a href=\"https:\/\/eadmais.online\/es\/oportunidades-de-trabalho-no-confianca-supermercados\/\"><img loading=\"lazy\" decoding=\"async\" width=\"1024\" height=\"1024\" src=\"https:\/\/eadmais.online\/wp-content\/uploads\/2025\/01\/Empresas-contratam-8-1024x1024.png\" alt=\"\" class=\"wp-image-26029\" srcset=\"https:\/\/eadmais.online\/wp-content\/uploads\/2025\/01\/Empresas-contratam-8-1024x1024.png 1024w, https:\/\/eadmais.online\/wp-content\/uploads\/2025\/01\/Empresas-contratam-8-300x300.png 300w, https:\/\/eadmais.online\/wp-content\/uploads\/2025\/01\/Empresas-contratam-8-150x150.png 150w, https:\/\/eadmais.online\/wp-content\/uploads\/2025\/01\/Empresas-contratam-8-768x768.png 768w, https:\/\/eadmais.online\/wp-content\/uploads\/2025\/01\/Empresas-contratam-8-1536x1536.png 1536w, https:\/\/eadmais.online\/wp-content\/uploads\/2025\/01\/Empresas-contratam-8-2048x2048.png 2048w, https:\/\/eadmais.online\/wp-content\/uploads\/2025\/01\/Empresas-contratam-8-12x12.png 12w\" sizes=\"auto, (max-width: 1024px) 100vw, 1024px\" \/><\/a><\/figure>\n\n\n\n<h4 class=\"wp-block-heading has-text-align-center\"><strong>Vagas no Confian\u00e7a<\/strong><\/h4>\n\n\n\n<div class=\"wp-block-buttons is-content-justification-center is-layout-flex wp-container-core-buttons-is-layout-a89b3969 wp-block-buttons-is-layout-flex\">\n<div class=\"wp-block-button\"><a class=\"wp-block-button__link wp-element-button\" href=\"https:\/\/eadmais.online\/es\/oportunidades-de-trabalho-no-confianca-supermercados\/\"><strong>Quiero postularme<\/strong><\/a><\/div>\n<\/div>\n<\/div>\n<\/div><\/div>\n\n\n\n<h2 class=\"wp-block-heading\"><strong>Por Que Trabalhar na Vale?<\/strong><\/h2>\n\n\n\n<h3 class=\"wp-block-heading\"><strong>Benef\u00edcios para os Colaboradores<\/strong><\/h3>\n\n\n\n<ul class=\"wp-block-list\">\n<li>Sal\u00e1rio competitivo.<\/li>\n\n\n\n<li>Vale-refei\u00e7\u00e3o\/alimenta\u00e7\u00e3o.<\/li>\n\n\n\n<li>Plano de sa\u00fade e odontol\u00f3gico.<\/li>\n\n\n\n<li>Participa\u00e7\u00e3o nos lucros e resultados (PLR).<\/li>\n\n\n\n<li>Previd\u00eancia privada.<\/li>\n\n\n\n<li>Programas de desenvolvimento profissional e treinamentos constantes.<\/li>\n\n\n\n<li>Pol\u00edticas voltadas \u00e0 diversidade e inclus\u00e3o.<\/li>\n<\/ul>\n\n\n\n<hr class=\"wp-block-separator has-alpha-channel-opacity\"\/>\n\n\n\n<h2 class=\"wp-block-heading\"><strong>Principais Vagas e Sal\u00e1rios na Vale<\/strong><\/h2>\n\n\n\n<h3 class=\"wp-block-heading\"><strong>1. Operador de Equipamentos de Mina<\/strong><\/h3>\n\n\n\n<ul class=\"wp-block-list\">\n<li><strong>Responsabilidades<\/strong>: Operar m\u00e1quinas de grande porte em atividades de minera\u00e7\u00e3o.<\/li>\n\n\n\n<li><strong>Salario<\/strong>: R$ 3.500 a R$ 5.000 por m\u00eas.<\/li>\n<\/ul>\n\n\n\n<h3 class=\"wp-block-heading\"><strong>2. T\u00e9cnico de Manuten\u00e7\u00e3o Mec\u00e2nica<\/strong><\/h3>\n\n\n\n<ul class=\"wp-block-list\">\n<li><strong>Responsabilidades<\/strong>: Realizar manuten\u00e7\u00e3o preventiva e corretiva em equipamentos industriais.<\/li>\n\n\n\n<li><strong>Salario<\/strong>: R$ 4.000 a R$ 6.000 por m\u00eas.<\/li>\n<\/ul>\n\n\n\n<h3 class=\"wp-block-heading\"><strong>3. Analista de Log\u00edstica<\/strong><\/h3>\n\n\n\n<ul class=\"wp-block-list\">\n<li><strong>Responsabilidades<\/strong>: Planejar e gerenciar opera\u00e7\u00f5es log\u00edsticas, garantindo efici\u00eancia em transporte e distribui\u00e7\u00e3o.<\/li>\n\n\n\n<li><strong>Salario<\/strong>: R$ 5.000 a R$ 8.000 por m\u00eas.<\/li>\n<\/ul>\n\n\n\n<h3 class=\"wp-block-heading\"><strong>4. Engenheiro de Produ\u00e7\u00e3o<\/strong><\/h3>\n\n\n\n<ul class=\"wp-block-list\">\n<li><strong>Responsabilidades<\/strong>: Otimizar processos industriais e propor melhorias em produtividade e efici\u00eancia.<\/li>\n\n\n\n<li><strong>Salario<\/strong>: R$ 8.000 a R$ 14.000 por m\u00eas.<\/li>\n<\/ul>\n\n\n\n<h3 class=\"wp-block-heading\"><strong>5. Especialista em Sustentabilidade<\/strong><\/h3>\n\n\n\n<ul class=\"wp-block-list\">\n<li><strong>Responsabilidades<\/strong>: Desenvolver e implementar projetos voltados \u00e0 preserva\u00e7\u00e3o ambiental e ao impacto sustent\u00e1vel das opera\u00e7\u00f5es.<\/li>\n\n\n\n<li><strong>Salario<\/strong>: R$ 9.000 a R$ 15.000 por m\u00eas.<\/li>\n<\/ul>\n\n\n\n<h3 class=\"wp-block-heading\"><strong>6. Estagi\u00e1rio<\/strong><\/h3>\n\n\n\n<ul class=\"wp-block-list\">\n<li><strong>Responsabilidades<\/strong>: Apoiar diferentes \u00e1reas, como engenharia, administra\u00e7\u00e3o e meio ambiente, em projetos e rotinas do setor.<\/li>\n\n\n\n<li><strong>Salario<\/strong>: R$ 1.500 a R$ 2.500 por m\u00eas.<\/li>\n<\/ul>\n\n\n\n<h3 class=\"wp-block-heading\"><strong>7. Supervisor de Opera\u00e7\u00f5es<\/strong><\/h3>\n\n\n\n<ul class=\"wp-block-list\">\n<li><strong>Responsabilidades<\/strong>: Gerenciar equipes e garantir o alcance das metas de produ\u00e7\u00e3o e seguran\u00e7a.<\/li>\n\n\n\n<li><strong>Salario<\/strong>: R$ 7.000 a R$ 11.000 por m\u00eas.<\/li>\n<\/ul>\n\n\n\n<hr class=\"wp-block-separator has-alpha-channel-opacity\"\/>\n\n\n\n<h2 class=\"wp-block-heading\"><strong>Como se Candidatar \u00e0s Vagas na Vale<\/strong><\/h2>\n\n\n\n<h3 class=\"wp-block-heading\"><strong>Passo 1: Acesse o Portal de Carreiras<\/strong><\/h3>\n\n\n\n<p>Visite o site oficial da Vale e clique na se\u00e7\u00e3o &#8220;Trabalhe Conosco&#8221; ou acesse diretamente: <a href=\"https:\/\/www.vale.com\" target=\"_blank\" rel=\"noopener\">Vale &#8211; Trabalhe Conosco<\/a>.<\/p>\n\n\n\n<h3 class=\"wp-block-heading\"><strong>Passo 2: Pesquise as Oportunidades<\/strong><\/h3>\n\n\n\n<p>Filtre as vagas dispon\u00edveis por \u00e1rea, estado e n\u00edvel de experi\u00eancia.<\/p>\n\n\n\n<h3 class=\"wp-block-heading\"><strong>Passo 3: Fa\u00e7a Seu Cadastro<\/strong><\/h3>\n\n\n\n<p>Preencha as informa\u00e7\u00f5es solicitadas no formul\u00e1rio online e envie seu curr\u00edculo atualizado.<\/p>\n\n\n\n<h3 class=\"wp-block-heading\"><strong>Passo 4: Participe do Processo Seletivo<\/strong><\/h3>\n\n\n\n<p>Acompanhe as etapas do processo seletivo pelo e-mail cadastrado ou pela plataforma da empresa.<\/p>\n\n\n\n<hr class=\"wp-block-separator has-alpha-channel-opacity\"\/>\n\n\n\n<h2 class=\"wp-block-heading\"><strong>Dicas para Ter Sucesso no Processo Seletivo<\/strong><\/h2>\n\n\n\n<ul class=\"wp-block-list\">\n<li><strong>Destaque Suas Experi\u00eancias Relevantes<\/strong>: Mencione no curr\u00edculo e na entrevista suas habilidades que atendam \u00e0s exig\u00eancias da vaga.<\/li>\n\n\n\n<li><strong>Pesquise Sobre a Vale<\/strong>: Mostre que voc\u00ea conhece os valores da empresa, como sustentabilidade e inova\u00e7\u00e3o, e que se identifica com eles.<\/li>\n\n\n\n<li><strong>Prepare-se para Testes e Din\u00e2micas<\/strong>: A Vale realiza processos seletivos detalhados, incluindo testes t\u00e9cnicos, din\u00e2micas em grupo e entrevistas.<\/li>\n<\/ul>\n\n\n\n<hr class=\"wp-block-separator has-alpha-channel-opacity\"\/>\n\n\n\n<h2 class=\"wp-block-heading\"><strong>Conclusi\u00f3n<\/strong><\/h2>\n\n\n\n<p>A Vale oferece oportunidades de carreira para profissionais de diversas \u00e1reas, desde t\u00e9cnicos at\u00e9 especialistas e engenheiros. Com sal\u00e1rios competitivos e benef\u00edcios atrativos, a empresa \u00e9 uma excelente escolha para quem deseja crescimento profissional em um ambiente desafiador e inovador.<\/p>\n\n\n\n<h3 class=\"wp-block-heading\"><strong>Interessado em Trabalhar na Vale?<\/strong><\/h3>\n\n\n\n<p>N\u00e3o perca tempo! Acesse <a href=\"https:\/\/vale.eightfold.ai\/careers\" target=\"_blank\" rel=\"noopener\">Vale &#8211; Trabalhe Conosco<\/a> e confira as vagas dispon\u00edveis.<\/p>\n\n\n\n<div class=\"wp-block-buttons is-content-justification-center is-layout-flex wp-container-core-buttons-is-layout-a89b3969 wp-block-buttons-is-layout-flex\">\n<div class=\"wp-block-button has-custom-font-size has-big-font-size\"><a class=\"wp-block-button__link has-text-align-center wp-element-button\" href=\"https:\/\/eadmais.online\/es\/estamos-te-redirecionando\/?destino=https:\/\/vale.eightfold.ai\/careers\"><strong>Haga clic aqu\u00ed para aplicar<\/strong><\/a><\/div>\n<\/div>\n\n\n\n<p><\/p>","protected":false},"excerpt":{"rendered":"<p>\u00a1Descubra las vacantes disponibles en Correios y c\u00f3mo postularse! Oportunidades que pueden cambiar tu vida est\u00e1n a solo un clic de distancia. \u00a1No te quedes fuera!<\/p>","protected":false},"author":2,"featured_media":26413,"parent":0,"menu_order":0,"comment_status":"closed","ping_status":"closed","template":"","meta":{"_uag_custom_page_level_css":"","footnotes":""},"class_list":["post-26412","page","type-page","status-publish","has-post-thumbnail","hentry"],"uagb_featured_image_src":{"full":["https:\/\/eadmais.online\/wp-content\/uploads\/2025\/01\/VALE.png",1080,1080,false],"thumbnail":["https:\/\/eadmais.online\/wp-content\/uploads\/2025\/01\/VALE-150x150.png",150,150,true],"medium":["https:\/\/eadmais.online\/wp-content\/uploads\/2025\/01\/VALE-300x300.png",300,300,true],"medium_large":["https:\/\/eadmais.online\/wp-content\/uploads\/2025\/01\/VALE-768x768.png",768,768,true],"large":["https:\/\/eadmais.online\/wp-content\/uploads\/2025\/01\/VALE-1024x1024.png",1024,1024,true],"1536x1536":["https:\/\/eadmais.online\/wp-content\/uploads\/2025\/01\/VALE.png",1080,1080,false],"2048x2048":["https:\/\/eadmais.online\/wp-content\/uploads\/2025\/01\/VALE.png",1080,1080,false],"trp-custom-language-flag":["https:\/\/eadmais.online\/wp-content\/uploads\/2025\/01\/VALE-12x12.png",12,12,true]},"uagb_author_info":{"display_name":"Matheus Dias","author_link":"https:\/\/eadmais.online\/es\/author\/matheusdias\/"},"uagb_comment_info":0,"uagb_excerpt":"Descubra as vagas dispon\u00edveis nos Correios e como se candidatar! Oportunidades que podem mudar sua vida est\u00e3o a um clique de dist\u00e2ncia. N\u00e3o fique de fora!","_links":{"self":[{"href":"https:\/\/eadmais.online\/es\/wp-json\/wp\/v2\/pages\/26412","targetHints":{"allow":["GET"]}}],"collection":[{"href":"https:\/\/eadmais.online\/es\/wp-json\/wp\/v2\/pages"}],"about":[{"href":"https:\/\/eadmais.online\/es\/wp-json\/wp\/v2\/types\/page"}],"author":[{"embeddable":true,"href":"https:\/\/eadmais.online\/es\/wp-json\/wp\/v2\/users\/2"}],"replies":[{"embeddable":true,"href":"https:\/\/eadmais.online\/es\/wp-json\/wp\/v2\/comments?post=26412"}],"version-history":[{"count":1,"href":"https:\/\/eadmais.online\/es\/wp-json\/wp\/v2\/pages\/26412\/revisions"}],"predecessor-version":[{"id":26416,"href":"https:\/\/eadmais.online\/es\/wp-json\/wp\/v2\/pages\/26412\/revisions\/26416"}],"wp:featuredmedia":[{"embeddable":true,"href":"https:\/\/eadmais.online\/es\/wp-json\/wp\/v2\/media\/26413"}],"wp:attachment":[{"href":"https:\/\/eadmais.online\/es\/wp-json\/wp\/v2\/media?parent=26412"}],"curies":[{"name":"wp","href":"https:\/\/api.w.org\/{rel}","templated":true}]}}