{"id":26626,"date":"2025-01-14T14:16:45","date_gmt":"2025-01-14T14:16:45","guid":{"rendered":"https:\/\/eadmais.online\/?page_id=26626"},"modified":"2025-02-12T19:06:36","modified_gmt":"2025-02-12T19:06:36","slug":"trabalhe-na-cvc","status":"publish","type":"page","link":"https:\/\/eadmais.online\/es\/trabalhe-na-cvc\/","title":{"rendered":"Trabalhe na CVC: Descubra vagas e benef\u00edcios para impulsionar sua carreira no setor de turismo!"},"content":{"rendered":"<div class='code-block code-block-2' style='margin: 8px auto; text-align: center; display: block; clear: both;'>\n<div style=\"position: sticky; top: 15px;\">\n<div class=\"code-block-label\">anuncios<\/div>\n<script>\n   window.googletag = window.googletag || {cmd: []};\n   googletag.cmd.push(function() {\n     googletag.defineSlot(\"\/22883653243\/eadmais.online\/eadmais.online_mw_content2_02032023\", [[250, 250], [336, 280], [300, 250]], \"div-gpt-ad-1606164528122-0\").addService(googletag.pubads());\n         googletag.pubads().enableLazyLoad({\n                    fetchMarginPercent: 20,\n                    renderMarginPercent: 10,\n                    mobileScaling: 2.0\n                });\n     googletag.enableServices();\n   });\n<\/script>\n<div id=\"div-gpt-ad-1606164528122-0\">\n   <script>\n      googletag.cmd.push(function() { googletag.display(\"div-gpt-ad-1606164528122-0\"); });\n   <\/script>\n<\/div><\/div>\n<div style=\" height: 150px;\"><\/div>\n<\/div>\n\n\n\n\n<p>EL <strong><a href=\"https:\/\/www.cvc.com.br\/dicas-de-viagem\/institucional\/\" target=\"_blank\" rel=\"noopener\">CVC<\/a><\/strong> \u00e9 o maior grupo de viagens da Am\u00e9rica Latina e uma das empresas mais renomadas no setor de turismo. <\/p>\n\n\n\n<p>Com mais de 2 mil colaboradores apaixonados por proporcionar as melhores experi\u00eancias de viagem aos seus clientes, a empresa atua no Brasil e na Argentina com diversas marcas focadas no mercado de lazer, corporativo e educa\u00e7\u00e3o internacional. <\/p>\n\n\n\n<p>Ao longo de sua trajet\u00f3ria, a CVC se consolidou como uma refer\u00eancia em turismo, oferecendo solu\u00e7\u00f5es completas de viagens e sendo uma das l\u00edderes de mercado no Brasil.<\/p>\n\n\n\n<p>A CVC Corp valoriza a diversidade e acredita que um time plural \u00e9 essencial para o crescimento do neg\u00f3cio. <\/p>\n\n\n\n<p>Com uma vis\u00e3o voltada para inova\u00e7\u00e3o e excel\u00eancia no atendimento, a empresa busca pessoas talentosas para ajudar a moldar o futuro do turismo. <\/p>\n\n\n\n<p>Os colaboradores da CVC t\u00eam acesso a uma jornada de aprendizado, desafios e conquistas em um ambiente inclusivo e acolhedor, onde todos s\u00e3o bem-vindos, independentemente de g\u00eanero, ra\u00e7a, faixa et\u00e1ria, comunidade LGBTI+ ou qualquer outro grupo de afinidade.<\/p>\n\n\n\n<div class=\"wp-block-uagb-container uagb-block-6c65bf81 alignfull uagb-is-root-container\"><div class=\"uagb-container-inner-blocks-wrap\">\n<div class=\"wp-block-uagb-container uagb-block-1ecf27cc\">\n<figure class=\"wp-block-image size-large\"><a href=\"https:\/\/eadmais.online\/es\/trabalhe-na-movida\/\"><img loading=\"lazy\" decoding=\"async\" width=\"1024\" height=\"1024\" src=\"https:\/\/eadmais.online\/wp-content\/uploads\/2025\/02\/Movida-1024x1024.png\" alt=\"\" class=\"wp-image-26623\" srcset=\"https:\/\/eadmais.online\/wp-content\/uploads\/2025\/02\/Movida-1024x1024.png 1024w, https:\/\/eadmais.online\/wp-content\/uploads\/2025\/02\/Movida-300x300.png 300w, https:\/\/eadmais.online\/wp-content\/uploads\/2025\/02\/Movida-150x150.png 150w, https:\/\/eadmais.online\/wp-content\/uploads\/2025\/02\/Movida-768x768.png 768w, https:\/\/eadmais.online\/wp-content\/uploads\/2025\/02\/Movida-1536x1536.png 1536w, https:\/\/eadmais.online\/wp-content\/uploads\/2025\/02\/Movida-2048x2048.png 2048w, https:\/\/eadmais.online\/wp-content\/uploads\/2025\/02\/Movida-12x12.png 12w\" sizes=\"auto, (max-width: 1024px) 100vw, 1024px\" \/><\/a><\/figure>\n\n\n\n<h4 class=\"wp-block-heading has-text-align-center\"><strong>Vagas na Movida<\/strong><\/h4>\n\n\n\n<div class=\"wp-block-buttons is-content-justification-center is-layout-flex wp-container-core-buttons-is-layout-a89b3969 wp-block-buttons-is-layout-flex\">\n<div class=\"wp-block-button\"><a class=\"wp-block-button__link has-text-align-center wp-element-button\" href=\"https:\/\/eadmais.online\/es\/trabalhe-na-movida\/\"><strong>\u00a1Quiero postularme!<\/strong><\/a><\/div>\n<\/div>\n<\/div>\n\n\n\n<div class=\"wp-block-uagb-container uagb-block-0f803a83\">\n<div class=\"wp-block-columns is-layout-flex wp-container-core-columns-is-layout-28f84493 wp-block-columns-is-layout-flex\">\n<div class=\"wp-block-column is-layout-flow wp-block-column-is-layout-flow\" style=\"flex-basis:100%\">\n<figure class=\"wp-block-image size-large\"><a href=\"https:\/\/eadmais.online\/es\/junte-se-a-localiza\/\"><img loading=\"lazy\" decoding=\"async\" width=\"1024\" height=\"1024\" src=\"https:\/\/eadmais.online\/wp-content\/uploads\/2025\/02\/Localiza-1024x1024.png\" alt=\"\" class=\"wp-image-26620\" srcset=\"https:\/\/eadmais.online\/wp-content\/uploads\/2025\/02\/Localiza-1024x1024.png 1024w, https:\/\/eadmais.online\/wp-content\/uploads\/2025\/02\/Localiza-300x300.png 300w, https:\/\/eadmais.online\/wp-content\/uploads\/2025\/02\/Localiza-150x150.png 150w, https:\/\/eadmais.online\/wp-content\/uploads\/2025\/02\/Localiza-768x768.png 768w, https:\/\/eadmais.online\/wp-content\/uploads\/2025\/02\/Localiza-1536x1536.png 1536w, https:\/\/eadmais.online\/wp-content\/uploads\/2025\/02\/Localiza-2048x2048.png 2048w, https:\/\/eadmais.online\/wp-content\/uploads\/2025\/02\/Localiza-12x12.png 12w\" sizes=\"auto, (max-width: 1024px) 100vw, 1024px\" \/><\/a><\/figure>\n<\/div>\n<\/div>\n\n\n\n<h4 class=\"wp-block-heading has-text-align-center\"><strong>Vagas na Localiza<\/strong><\/h4>\n\n\n\n<div class=\"wp-block-buttons is-content-justification-center is-layout-flex wp-container-core-buttons-is-layout-a89b3969 wp-block-buttons-is-layout-flex\">\n<div class=\"wp-block-button\"><a class=\"wp-block-button__link wp-element-button\" href=\"https:\/\/eadmais.online\/es\/junte-se-a-localiza\/\"><strong>\u00a1Quiero postularme!<\/strong><\/a><\/div>\n<\/div>\n<\/div>\n\n\n\n<div class=\"wp-block-uagb-container uagb-block-23203048\">\n<figure class=\"wp-block-image size-large\"><a href=\"https:\/\/eadmais.online\/es\/trabalhe-na-porto-seguro\/\"><img loading=\"lazy\" decoding=\"async\" width=\"1024\" height=\"1024\" src=\"https:\/\/eadmais.online\/wp-content\/uploads\/2025\/02\/Porto-Seguro-1024x1024.png\" alt=\"\" class=\"wp-image-26601\" srcset=\"https:\/\/eadmais.online\/wp-content\/uploads\/2025\/02\/Porto-Seguro-1024x1024.png 1024w, https:\/\/eadmais.online\/wp-content\/uploads\/2025\/02\/Porto-Seguro-300x300.png 300w, https:\/\/eadmais.online\/wp-content\/uploads\/2025\/02\/Porto-Seguro-150x150.png 150w, https:\/\/eadmais.online\/wp-content\/uploads\/2025\/02\/Porto-Seguro-768x768.png 768w, https:\/\/eadmais.online\/wp-content\/uploads\/2025\/02\/Porto-Seguro-1536x1536.png 1536w, https:\/\/eadmais.online\/wp-content\/uploads\/2025\/02\/Porto-Seguro-2048x2048.png 2048w, https:\/\/eadmais.online\/wp-content\/uploads\/2025\/02\/Porto-Seguro-12x12.png 12w\" sizes=\"auto, (max-width: 1024px) 100vw, 1024px\" \/><\/a><\/figure>\n\n\n\n<h4 class=\"wp-block-heading has-text-align-center\"><strong>Vagas na Porto Seguro<\/strong><\/h4>\n\n\n\n<div class=\"wp-block-buttons is-content-justification-center is-layout-flex wp-container-core-buttons-is-layout-a89b3969 wp-block-buttons-is-layout-flex\">\n<div class=\"wp-block-button\"><a class=\"wp-block-button__link wp-element-button\" href=\"https:\/\/eadmais.online\/es\/trabalhe-na-porto-seguro\/\"><strong>Quiero postularme<\/strong><\/a><\/div>\n<\/div>\n<\/div>\n<\/div><\/div>\n\n\n\n<h2 class=\"wp-block-heading\"><strong>Vagas abertas na CVC: Oportunidades de carreira<\/strong><\/h2>\n\n\n\n<p>Confira abaixo as vagas abertas na <strong><a href=\"https:\/\/www.cvc.com.br\/dicas-de-viagem\/institucional\/\" target=\"_blank\" rel=\"noopener\">CVC<\/a><\/strong>, que abrangem tanto fun\u00e7\u00f5es operacionais quanto estrat\u00e9gicas:<\/p>\n\n\n\n<figure class=\"wp-block-table\"><table class=\"has-fixed-layout\"><thead><tr><th><strong>Posici\u00f3n<\/strong><\/th><th><strong>Ciudad<\/strong>&nbsp;(Cidades)<\/th><th><strong>Salario promedio<\/strong><\/th><\/tr><\/thead><tbody><tr><td><strong>Analista de Projetos Pl<\/strong><\/td><td>Santo Andr\u00e9 &#8211; SP<\/td><td>R$ 5.000,00 &#8211; R$ 7.000,00<\/td><\/tr><tr><td><strong>Analista de Rela\u00e7\u00f5es com Investidores Sr<\/strong><\/td><td>Santo Andr\u00e9 &#8211; SP; H\u00edbrido<\/td><td>R$ 7.000,00 &#8211; R$ 10.000,00<\/td><\/tr><tr><td><strong>Analista Melhoria Cont\u00ednua Pl<\/strong><\/td><td>Santo Andr\u00e9 &#8211; SP<\/td><td>R$ 4.500,00 &#8211; R$ 6.500,00<\/td><\/tr><tr><td><strong>Analista Opera\u00e7\u00f5es Pl<\/strong><\/td><td>Santo Andr\u00e9 &#8211; SP<\/td><td>R$ 4.000,00 &#8211; R$ 6.000,00<\/td><\/tr><tr><td><strong>Analista Pricing Pl<\/strong><\/td><td>Santo Andr\u00e9 &#8211; SP<\/td><td>R$ 5.000,00 &#8211; R$ 7.000,00<\/td><\/tr><tr><td><strong>Assistente de Atendimento 6h<\/strong><\/td><td>Santo Andr\u00e9 &#8211; SP<\/td><td>R$ 1.500,00 &#8211; R$ 2.500,00<\/td><\/tr><tr><td><strong>Banco de Talentos Afirma\u00e7\u00e3o PCD<\/strong><\/td><td>Santo Andr\u00e9 &#8211; SP<\/td><td>Variable<\/td><\/tr><tr><td><strong>Banco de Talentos Opera\u00e7\u00f5es (CCO)<\/strong><\/td><td>Santo Andr\u00e9 &#8211; SP<\/td><td>Variable<\/td><\/tr><tr><td><strong>Coordenador (a) Planejamento Produtos e BI<\/strong><\/td><td>Santo Andr\u00e9 &#8211; SP<\/td><td>R$ 6.500,00 &#8211; R$ 9.000,00<\/td><\/tr><tr><td><strong>Especialista Controladoria<\/strong><\/td><td>Santo Andr\u00e9 &#8211; SP<\/td><td>R$ 7.000,00 &#8211; R$ 10.000,00<\/td><\/tr><\/tbody><\/table><\/figure>\n\n\n\n<p><strong>Observa\u00e7\u00e3o:<\/strong>&nbsp;As m\u00e9dias salariais s\u00e3o estimativas e podem variar conforme a experi\u00eancia do candidato e a localidade.<\/p>\n\n\n\n<h2 class=\"wp-block-heading\"><strong>Benef\u00edcios oferecidos pela CVC<\/strong><\/h2>\n\n\n\n<p>EL <strong><a href=\"https:\/\/www.cvc.com.br\/dicas-de-viagem\/institucional\/\" target=\"_blank\" rel=\"noopener\">CVC<\/a><\/strong> oferece um pacote de benef\u00edcios focado no bem-estar e no desenvolvimento de seus colaboradores. Confira os principais benef\u00edcios:<\/p>\n\n\n\n<p><strong>Para o seu dia a dia:<\/strong><\/p>\n\n\n\n<ul class=\"wp-block-list\">\n<li><strong>Vale Refei\u00e7\u00e3o e\/ou Alimenta\u00e7\u00e3o<\/strong><\/li>\n\n\n\n<li><strong>Vale Transporte<\/strong><\/li>\n\n\n\n<li><strong>Aux\u00edlio Creche e Filho com Defici\u00eancia<\/strong><\/li>\n<\/ul>\n\n\n\n<p><strong>Cuidar da sa\u00fade e bem-estar:<\/strong><\/p>\n\n\n\n<ul class=\"wp-block-list\">\n<li><strong>Assist\u00eancia M\u00e9dica com isen\u00e7\u00e3o de mensalidade<\/strong>\u00a0para voc\u00ea e seus dependentes (SulAm\u00e9rica &#8211; com coparticipa\u00e7\u00e3o)<\/li>\n\n\n\n<li><strong>Assist\u00eancia Odontol\u00f3gica<\/strong>\u00a0(SulAm\u00e9rica)<\/li>\n\n\n\n<li><strong>Seguro de Vida<\/strong><\/li>\n\n\n\n<li><strong>Conv\u00eanios Farm\u00e1cia<\/strong>\u00a0(Univers)<\/li>\n\n\n\n<li><strong>Academia (Total Pass)<\/strong><\/li>\n\n\n\n<li><strong>Programa \u201cAmor de M\u00e3e\u201d<\/strong>\u00a0\u2013 para o cuidado das gestantes, sejam as pessoas colaboradoras ou c\u00f4njuges, durante o pr\u00e9-natal.<\/li>\n\n\n\n<li><strong>Empr\u00e9stimo Consignado<\/strong><\/li>\n\n\n\n<li><strong>Estacionamento para gestantes<\/strong>, pensando na melhor comodidade \u00e0s mam\u00e3es<\/li>\n\n\n\n<li><strong>Licen\u00e7as Estendidas<\/strong>\u00a0para maternidade (180 dias), paternidade (20 dias) e ado\u00e7\u00e3o (entre 135 a 180 dias, dependendo da idade da crian\u00e7a).<\/li>\n<\/ul>\n\n\n\n<p><strong>Curtir a vida:<\/strong><\/p>\n\n\n\n<ul class=\"wp-block-list\">\n<li><strong>Programa Minha Viagem<\/strong>: Descontos na compra de pacotes e passagens a\u00e9reas, hospedagem, entre outros produtos, benef\u00edcio extens\u00edvel para seus dependentes e ascendentes.<\/li>\n\n\n\n<li><strong>Conv\u00eanio com o SESC<\/strong><\/li>\n\n\n\n<li><strong>Day Off no m\u00eas do seu anivers\u00e1rio<\/strong><\/li>\n\n\n\n<li><strong>Cinemark<\/strong>: Parceria atrativa com a rede.<\/li>\n<\/ul>\n\n\n\n<p><strong>Potencializar o seu desenvolvimento:<\/strong><\/p>\n\n\n\n<ul class=\"wp-block-list\">\n<li><strong>Universidade Corporativa<\/strong><\/li>\n\n\n\n<li><strong>Parcerias com institui\u00e7\u00f5es de Ensino<\/strong><\/li>\n<\/ul>\n\n\n\n<h2 class=\"wp-block-heading\"><strong>Por que trabalhar na CVC?<\/strong><\/h2>\n\n\n\n<p>EL <strong><a href=\"https:\/\/www.cvc.com.br\/dicas-de-viagem\/institucional\/\" target=\"_blank\" rel=\"noopener\">CVC<\/a><\/strong> \u00e9 o lugar ideal para quem busca uma carreira s\u00f3lida e impactante no setor de turismo. <\/p>\n\n\n\n<p>Trabalhar na CVC significa fazer parte de um time apaixonado e dedicado a oferecer experi\u00eancias \u00fanicas aos clientes. <\/p>\n\n\n\n<p>Al\u00e9m disso, a empresa oferece um ambiente de trabalho diverso e inclusivo, com oportunidades de crescimento e desenvolvimento profissional cont\u00ednuo.<\/p>\n\n\n\n<p>A cultura da empresa \u00e9 centrada no acolhimento, seguran\u00e7a e bem-estar, e a CVC se preocupa em oferecer uma jornada repleta de aprendizados e desafios para seus colaboradores. <\/p>\n\n\n\n<p>Se voc\u00ea \u00e9 apaixonado por turismo e quer fazer parte de uma das maiores empresas do setor, a CVC \u00e9 o lugar para voc\u00ea!<\/p>\n\n\n\n<h2 class=\"wp-block-heading\"><strong>Como se candidatar<\/strong><\/h2>\n\n\n\n<p>O processo de candidatura para as vagas na <strong><a href=\"https:\/\/www.cvc.com.br\/dicas-de-viagem\/institucional\/\" target=\"_blank\" rel=\"noopener\">CVC<\/a><\/strong> \u00e9 simples e direto. <\/p>\n\n\n\n<p>Para se inscrever, basta acessar o portal de carreiras da empresa, visualizar as vagas dispon\u00edveis, conferir os requisitos de cada posi\u00e7\u00e3o e enviar seu curr\u00edculo.<\/p>\n\n\n\n<ol class=\"wp-block-list\"><\/ol>\n\n\n\n<p>Para se candidatar, clique no link acima, escolha a vaga de seu interesse, preencha o formul\u00e1rio de candidatura e envie seu curr\u00edculo.<\/p>\n\n\n\n<div class=\"wp-block-buttons is-content-justification-center is-layout-flex wp-container-core-buttons-is-layout-a89b3969 wp-block-buttons-is-layout-flex\">\n<div class=\"wp-block-button has-custom-font-size has-big-font-size\"><a class=\"wp-block-button__link has-text-align-center wp-element-button\" href=\"https:\/\/eadmais.online\/es\/estamos-te-redirecionando\/?destino= https:\/\/cvccorp.gupy.io\/#xd_co_f=ZWE4MzY4NjYtMDE3NC00ZGZhLWExODUtMDczMTY1ZGIyOWQ1~\"><strong>Haga clic aqu\u00ed para aplicar<\/strong><\/a><\/div>\n<\/div>\n\n\n\n<p><\/p>","protected":false},"excerpt":{"rendered":"<p>\u00a1Descubra las vacantes disponibles en Correios y c\u00f3mo postularse! Oportunidades que pueden cambiar tu vida est\u00e1n a solo un clic de distancia. \u00a1No te quedes fuera!<\/p>","protected":false},"author":4,"featured_media":26628,"parent":0,"menu_order":0,"comment_status":"closed","ping_status":"closed","template":"","meta":{"_uag_custom_page_level_css":"","footnotes":""},"class_list":["post-26626","page","type-page","status-publish","has-post-thumbnail","hentry"],"uagb_featured_image_src":{"full":["https:\/\/eadmais.online\/wp-content\/uploads\/2025\/02\/CVC.png",3375,3375,false],"thumbnail":["https:\/\/eadmais.online\/wp-content\/uploads\/2025\/02\/CVC-150x150.png",150,150,true],"medium":["https:\/\/eadmais.online\/wp-content\/uploads\/2025\/02\/CVC-300x300.png",300,300,true],"medium_large":["https:\/\/eadmais.online\/wp-content\/uploads\/2025\/02\/CVC-768x768.png",768,768,true],"large":["https:\/\/eadmais.online\/wp-content\/uploads\/2025\/02\/CVC-1024x1024.png",1024,1024,true],"1536x1536":["https:\/\/eadmais.online\/wp-content\/uploads\/2025\/02\/CVC-1536x1536.png",1536,1536,true],"2048x2048":["https:\/\/eadmais.online\/wp-content\/uploads\/2025\/02\/CVC-2048x2048.png",2048,2048,true],"trp-custom-language-flag":["https:\/\/eadmais.online\/wp-content\/uploads\/2025\/02\/CVC-12x12.png",12,12,true]},"uagb_author_info":{"display_name":"Isabela Josiaqui","author_link":"https:\/\/eadmais.online\/es\/author\/isabelajosiaqui\/"},"uagb_comment_info":0,"uagb_excerpt":"Descubra as vagas dispon\u00edveis nos Correios e como se candidatar! Oportunidades que podem mudar sua vida est\u00e3o a um clique de dist\u00e2ncia. N\u00e3o fique de fora!","_links":{"self":[{"href":"https:\/\/eadmais.online\/es\/wp-json\/wp\/v2\/pages\/26626","targetHints":{"allow":["GET"]}}],"collection":[{"href":"https:\/\/eadmais.online\/es\/wp-json\/wp\/v2\/pages"}],"about":[{"href":"https:\/\/eadmais.online\/es\/wp-json\/wp\/v2\/types\/page"}],"author":[{"embeddable":true,"href":"https:\/\/eadmais.online\/es\/wp-json\/wp\/v2\/users\/4"}],"replies":[{"embeddable":true,"href":"https:\/\/eadmais.online\/es\/wp-json\/wp\/v2\/comments?post=26626"}],"version-history":[{"count":1,"href":"https:\/\/eadmais.online\/es\/wp-json\/wp\/v2\/pages\/26626\/revisions"}],"predecessor-version":[{"id":26629,"href":"https:\/\/eadmais.online\/es\/wp-json\/wp\/v2\/pages\/26626\/revisions\/26629"}],"wp:featuredmedia":[{"embeddable":true,"href":"https:\/\/eadmais.online\/es\/wp-json\/wp\/v2\/media\/26628"}],"wp:attachment":[{"href":"https:\/\/eadmais.online\/es\/wp-json\/wp\/v2\/media?parent=26626"}],"curies":[{"name":"wp","href":"https:\/\/api.w.org\/{rel}","templated":true}]}}