{"id":8291,"date":"2024-08-17T13:24:06","date_gmt":"2024-08-17T16:24:06","guid":{"rendered":"https:\/\/eadmais.online\/?page_id=8291"},"modified":"2024-08-17T13:24:06","modified_gmt":"2024-08-17T16:24:06","slug":"informacoes-de-propriedade-e-financiamento-do-eadmais-online","status":"publish","type":"page","link":"https:\/\/eadmais.online\/es\/informacoes-de-propriedade-e-financiamento-do-eadmais-online\/","title":{"rendered":"Informa\u00e7\u00f5es de Propriedade e Financiamento do EADMais Online"},"content":{"rendered":"<hr class=\"wp-block-separator has-alpha-channel-opacity\"\/>\n\n\n\n<p><strong>1. Propriedade<\/strong><\/p>\n\n\n\n<p>O EADMais Online \u00e9 um projeto educacional de propriedade do grupo IF.ADS. O grupo IF.ADS (https:\/\/ifads.tech) \u00e9 uma organiza\u00e7\u00e3o dedicada ao desenvolvimento e implementa\u00e7\u00e3o de solu\u00e7\u00f5es tecnol\u00f3gicas inovadoras para a educa\u00e7\u00e3o e outros setores.<\/p>\n\n\n\n<p><strong>2. Financiamento<\/strong><\/p>\n\n\n\n<p>O EADMais Online \u00e9 financiado atrav\u00e9s de receitas provenientes de publicidade. Nosso modelo de financiamento permite que ofere\u00e7amos conte\u00fado educacional de alta qualidade gratuitamente ou a pre\u00e7os acess\u00edveis para nossos usu\u00e1rios.<\/p>\n\n\n\n<p><strong>3. Pol\u00edtica de Publicidade<\/strong><\/p>\n\n\n\n<p>3.1 <strong>Sele\u00e7\u00e3o de Anunciantes<\/strong>:<\/p>\n\n\n\n<ul class=\"wp-block-list\">\n<li>Trabalhamos com uma variedade de anunciantes que compartilham nossos valores e objetivos educacionais.<\/li>\n\n\n\n<li>Selecionamos cuidadosamente os an\u00fancios exibidos em nosso site para garantir que sejam relevantes e apropriados para nosso p\u00fablico.<\/li>\n<\/ul>\n\n\n\n<p>3.2 <strong>Transpar\u00eancia e Integridade<\/strong>:<\/p>\n\n\n\n<ul class=\"wp-block-list\">\n<li>Mantemos uma clara distin\u00e7\u00e3o entre conte\u00fado editorial e publicidade.<\/li>\n\n\n\n<li>Todo conte\u00fado patrocinado ou publicidade ser\u00e1 claramente identificado como tal.<\/li>\n<\/ul>\n\n\n\n<p>3.3 <strong>Independencia editorial<\/strong>:<\/p>\n\n\n\n<ul class=\"wp-block-list\">\n<li>Nossa equipe editorial mant\u00e9m total independ\u00eancia em rela\u00e7\u00e3o aos nossos anunciantes. A publicidade n\u00e3o influencia o conte\u00fado educacional que publicamos.<\/li>\n\n\n\n<li>A integridade e a imparcialidade do nosso conte\u00fado s\u00e3o nossas principais prioridades.<\/li>\n<\/ul>\n\n\n\n<p><strong>4. Contato<\/strong><\/p>\n\n\n\n<p>Para d\u00favidas ou mais informa\u00e7\u00f5es sobre nossa propriedade e financiamento, entre em contato conosco atrav\u00e9s do e-mail <a href=\"mailto:contato@eadmais.online\">contacto@eadmais.online<\/a>.<\/p>","protected":false},"excerpt":{"rendered":"<p>1. Propriedade O EADMais Online \u00e9 um projeto educacional de propriedade do grupo IF.ADS. O grupo IF.ADS (https:\/\/ifads.tech) \u00e9 uma organiza\u00e7\u00e3o dedicada ao desenvolvimento e implementa\u00e7\u00e3o de solu\u00e7\u00f5es tecnol\u00f3gicas inovadoras para a educa\u00e7\u00e3o e outros setores. 2. Financiamento O EADMais Online \u00e9 financiado atrav\u00e9s de receitas provenientes de publicidade. Nosso modelo de financiamento permite que&#8230;<\/p>","protected":false},"author":2,"featured_media":0,"parent":0,"menu_order":0,"comment_status":"closed","ping_status":"closed","template":"","meta":{"_uag_custom_page_level_css":"","footnotes":""},"class_list":["post-8291","page","type-page","status-publish","hentry"],"uagb_featured_image_src":{"full":false,"thumbnail":false,"medium":false,"medium_large":false,"large":false,"1536x1536":false,"2048x2048":false,"trp-custom-language-flag":false},"uagb_author_info":{"display_name":"Matheus Dias","author_link":"https:\/\/eadmais.online\/es\/author\/matheusdias\/"},"uagb_comment_info":0,"uagb_excerpt":"1. Propriedade O EADMais Online \u00e9 um projeto educacional de propriedade do grupo IF.ADS. O grupo IF.ADS (https:\/\/ifads.tech) \u00e9 uma organiza\u00e7\u00e3o dedicada ao desenvolvimento e implementa\u00e7\u00e3o de solu\u00e7\u00f5es tecnol\u00f3gicas inovadoras para a educa\u00e7\u00e3o e outros setores. 2. Financiamento O EADMais Online \u00e9 financiado atrav\u00e9s de receitas provenientes de publicidade. Nosso modelo de financiamento permite que...","_links":{"self":[{"href":"https:\/\/eadmais.online\/es\/wp-json\/wp\/v2\/pages\/8291","targetHints":{"allow":["GET"]}}],"collection":[{"href":"https:\/\/eadmais.online\/es\/wp-json\/wp\/v2\/pages"}],"about":[{"href":"https:\/\/eadmais.online\/es\/wp-json\/wp\/v2\/types\/page"}],"author":[{"embeddable":true,"href":"https:\/\/eadmais.online\/es\/wp-json\/wp\/v2\/users\/2"}],"replies":[{"embeddable":true,"href":"https:\/\/eadmais.online\/es\/wp-json\/wp\/v2\/comments?post=8291"}],"version-history":[{"count":0,"href":"https:\/\/eadmais.online\/es\/wp-json\/wp\/v2\/pages\/8291\/revisions"}],"wp:attachment":[{"href":"https:\/\/eadmais.online\/es\/wp-json\/wp\/v2\/media?parent=8291"}],"curies":[{"name":"wp","href":"https:\/\/api.w.org\/{rel}","templated":true}]}}